{"id":728995,"date":"2025-08-27T20:48:22","date_gmt":"2025-08-27T17:48:22","guid":{"rendered":"https:\/\/roveyayinevi.com.tr\/index.php\/urun\/ocaktabul\/"},"modified":"2026-04-16T02:36:43","modified_gmt":"2026-04-15T23:36:43","slug":"ocaktabul","status":"publish","type":"product","link":"https:\/\/roveyayinevi.com.tr\/index.php\/urun\/ocaktabul\/","title":{"rendered":"Ocaktabul"},"content":{"rendered":"<p>\u201cOcaktabul\u201d adl\u0131 bu oyun, T\u00fcrk gen\u00e7li\u011finin geli\u015fimine katk\u0131 sa\u011flamak ve T\u00fcrk D\u00fcnyas\u0131\u2019n\u0131n de\u011ferlerini yeni nesillere \u00f6\u011fretmek i\u00e7in \u00fcretilmi\u015ftir.Ocaktabul oyunu, istiklal ve istikbal teminat\u0131m\u0131z olan gen\u00e7lerimize T\u00fcrk milletinin tarihini \u00f6\u011fretmek ve T\u00fcrk D\u00fcnyas\u0131\u2019n\u0131 daha yak\u0131ndan tan\u0131tmak i\u00e7in tasarlanm\u0131\u015ft\u0131r. Bu kutsal ama\u00e7 do\u011frultusunda haz\u0131rlanan Ocaktabul, T\u00fcrk D\u00fcnyas\u0131 i\u00e7in \u00f6nemli olan ki\u015fileri, kavramlar\u0131 ve kelimeleri bar\u0131nd\u0131rmaktad\u0131r. Bu sayede gen\u00e7lerimiz g\u00f6n\u00fcl co\u011frafyam\u0131za h\u00e2kim olacak, soyda\u015flar\u0131m\u0131zla tan\u0131\u015facak ve onlar hakk\u0131nda yeni bilgiler edinecektir.Bu oyunda s\u0131n\u0131rl\u0131 s\u00fcrede \u00e7ok say\u0131da kelime anlatmak ama\u00e7land\u0131\u011f\u0131ndan; oynayan ki\u015filerin anlat\u0131m yetenekleri geli\u015fir. Bu sayede hitabet, belagat ve zek\u00e2 olgunla\u015f\u0131r. Yasak kelimeler ayn\u0131 zamanda ana kelime i\u00e7in ipu\u00e7lar\u0131 niteli\u011findedir. Bu sayede ki\u015fi oyun oynarken bilmedi\u011fi kelimeler kar\u015f\u0131s\u0131na geldi\u011finde, ipu\u00e7lar\u0131ndan faydalanacak ve oradaki kelimeleri de \u00f6\u011frenecektir. B\u00f6ylece T\u00fcrk D\u00fcnyas\u0131\u2019na ve T\u00fcrk tarihine ait pek \u00e7ok ki\u015fi ve kavram, T\u00fcrk gen\u00e7li\u011finin kelime haznesini zenginle\u015ftirecek ve onlar\u0131 birer \u015fuur abidesi h\u00e2line getirecektir.Hem konu\u015fma becerisinin hem de bilgi d\u00fczeyinin artmas\u0131na vesile olacak bu oyun, T\u00fcrk gen\u00e7li\u011finin kendini geli\u015ftirmesi i\u00e7in bir yap\u0131 ta\u015f\u0131 niteli\u011findedir. T\u00fcrk gen\u00e7li\u011fi bir yandan kendini geli\u015ftirecek di\u011fer taraftan da T\u00fcrk D\u00fcnyas\u0131\u2019n\u0131 ke\u015ffedecektir.Ocaktabul oynarken \u00f6\u011fretir, \u00f6\u011fretirken e\u011flendirir, bu sayede bilgileri kal\u0131c\u0131 h\u00e2le getirir.OYUN KUTUSUNDA YER ALANLAR:-Oyun Kartlar\u0131 (200 Adet)-Kum Saati-Yapboz (2 Adet)-Renk Kartlar\u0131 (4 Adet)-Poster (3 Adet)-G\u00fcncel T\u00fcrk D\u00fcnyas\u0131 Haritas\u0131<\/p>\n","protected":false},"excerpt":{"rendered":"<p>\u201cOcaktabul\u201d adl\u0131 bu oyun, T\u00fcrk gen\u00e7li\u011finin geli\u015fimine katk\u0131 sa\u011flamak ve T\u00fcrk D\u00fcnyas\u0131\u2019n\u0131n de\u011ferlerini yeni nesillere \u00f6\u011fretmek i\u00e7in \u00fcretilmi\u015ftir.Ocaktabul oyunu, istiklal ve istikbal teminat\u0131m\u0131z olan gen\u00e7lerimize T\u00fcrk<span class=\"excerpt-hellip\"> [\u2026]<\/span><\/p>\n","protected":false},"featured_media":0,"template":"","meta":{"_monsterinsights_skip_tracking":false,"_monsterinsights_sitenote_active":false,"_monsterinsights_sitenote_note":"","_monsterinsights_sitenote_category":0},"product_brand":[],"product_cat":[28265,15563],"product_tag":[],"class_list":{"0":"post-728995","1":"product","2":"type-product","3":"status-publish","5":"product_cat-diger-hobi","6":"product_cat-hobi","7":"pa_cilt-ciltsiz","8":"pa_tur-oyun","9":"pa_yayinevi-ulku-ocaklari-egitim-ve-kultur-vakfi","10":"pa_yazar-kolektif","12":"first","13":"instock","14":"sale","15":"shipping-taxable","16":"purchasable","17":"product-type-simple"},"_links":{"self":[{"href":"https:\/\/roveyayinevi.com.tr\/index.php\/wp-json\/wp\/v2\/product\/728995","targetHints":{"allow":["GET"]}}],"collection":[{"href":"https:\/\/roveyayinevi.com.tr\/index.php\/wp-json\/wp\/v2\/product"}],"about":[{"href":"https:\/\/roveyayinevi.com.tr\/index.php\/wp-json\/wp\/v2\/types\/product"}],"wp:attachment":[{"href":"https:\/\/roveyayinevi.com.tr\/index.php\/wp-json\/wp\/v2\/media?parent=728995"}],"wp:term":[{"taxonomy":"product_brand","embeddable":true,"href":"https:\/\/roveyayinevi.com.tr\/index.php\/wp-json\/wp\/v2\/product_brand?post=728995"},{"taxonomy":"product_cat","embeddable":true,"href":"https:\/\/roveyayinevi.com.tr\/index.php\/wp-json\/wp\/v2\/product_cat?post=728995"},{"taxonomy":"product_tag","embeddable":true,"href":"https:\/\/roveyayinevi.com.tr\/index.php\/wp-json\/wp\/v2\/product_tag?post=728995"}],"curies":[{"name":"wp","href":"https:\/\/api.w.org\/{rel}","templated":true}]}}