{"id":728994,"date":"2025-08-27T20:48:22","date_gmt":"2025-08-27T17:48:22","guid":{"rendered":"https:\/\/roveyayinevi.com.tr\/index.php\/urun\/luciferin-mirasi\/"},"modified":"2026-04-16T02:36:43","modified_gmt":"2026-04-15T23:36:43","slug":"luciferin-mirasi","status":"publish","type":"product","link":"https:\/\/roveyayinevi.com.tr\/index.php\/urun\/luciferin-mirasi\/","title":{"rendered":"Lucifer\u2019in Miras\u0131"},"content":{"rendered":"<p>D\u00fcnya asimetrik varl\u0131klarla dolu asimetrik bir yerdir. E\u011fer Yarad\u0131l\u0131\u015f m\u00fckemmel olsayd\u0131 ve simetrisi kusursuz kalsayd\u0131, \u015fimdi bildi\u011fimiz hi\u00e7bir \u015fey hi\u00e7 ama hi\u00e7 var olmazd\u0131. Varl\u0131\u011f\u0131m\u0131z\u0131 bor\u00e7lu oldu\u011fumuz asimetrinin k\u00f6kenlerini par\u00e7ac\u0131k d\u00fczeyinden molek\u00fcl d\u00fczeyine, h\u00fccre yap\u0131s\u0131ndan anatomik d\u00fczeylere kadar her a\u015famada inceleyen tan\u0131nm\u0131\u015f fizik\u00e7i Frank Close, bu kitab\u0131nda ayn\u0131 zamanda evrenin ba\u015flang\u0131\u00e7 ko\u015fullar\u0131na da \u0131\u015f\u0131k tutuyor. Bir CERN fizik\u00e7isi olan yazar, simetri ve asimetrinin \u00f6yk\u00fcs\u00fcn\u00fc anlat\u0131rken modern par\u00e7ac\u0131k fizi\u011finin de genel bir resmini \u00e7iziyor.   \u201cHerkesin anlayabilece\u011fi \u015fekliyle fizik bilimini anlatt\u0131\u011f\u0131 bu kitap Frank Close\u2019un en iyi eseri.\u201d \u2013The Sunday Times   \u201cClose\u2019un kitab\u0131 tarihsel anekdotlarla s\u00fcslenmi\u015f e\u011flenceli \u00f6yk\u00fcler ve derin bilimsel saptamalarla dolu.\u201d \u2013Nature   \u201cBu kitab\u0131n ana temas\u0131 Ya\u015fam\u0131n asimetriye ba\u011fl\u0131 olu\u015fudur. Close simetrinin derin bilimsel anlam\u0131n\u0131 ola\u011fan\u00fcst\u00fc bir \u015fekilde ortaya koyuyor.\u201d \u2013CERN Courier <\/p>\n","protected":false},"excerpt":{"rendered":"<p>D\u00fcnya asimetrik varl\u0131klarla dolu asimetrik bir yerdir. E\u011fer Yarad\u0131l\u0131\u015f m\u00fckemmel olsayd\u0131 ve simetrisi kusursuz kalsayd\u0131, \u015fimdi bildi\u011fimiz hi\u00e7bir \u015fey hi\u00e7 ama hi\u00e7 var olmazd\u0131. Varl\u0131\u011f\u0131m\u0131z\u0131 bor\u00e7lu<span class=\"excerpt-hellip\"> [\u2026]<\/span><\/p>\n","protected":false},"featured_media":0,"template":"","meta":{"_monsterinsights_skip_tracking":false,"_monsterinsights_sitenote_active":false,"_monsterinsights_sitenote_note":"","_monsterinsights_sitenote_category":0},"product_brand":[],"product_cat":[13005,13010],"product_tag":[],"class_list":{"0":"post-728994","1":"product","2":"type-product","3":"status-publish","5":"product_cat-bilim-muhendislik","6":"product_cat-doga-bilimleri","7":"pa_cilt-ciltsiz","8":"pa_tur-kitap","9":"pa_yayinevi-alfa-yayinlari","10":"pa_yazar-frank-close","12":"first","13":"instock","14":"sale","15":"shipping-taxable","16":"purchasable","17":"product-type-simple"},"_links":{"self":[{"href":"https:\/\/roveyayinevi.com.tr\/index.php\/wp-json\/wp\/v2\/product\/728994","targetHints":{"allow":["GET"]}}],"collection":[{"href":"https:\/\/roveyayinevi.com.tr\/index.php\/wp-json\/wp\/v2\/product"}],"about":[{"href":"https:\/\/roveyayinevi.com.tr\/index.php\/wp-json\/wp\/v2\/types\/product"}],"wp:attachment":[{"href":"https:\/\/roveyayinevi.com.tr\/index.php\/wp-json\/wp\/v2\/media?parent=728994"}],"wp:term":[{"taxonomy":"product_brand","embeddable":true,"href":"https:\/\/roveyayinevi.com.tr\/index.php\/wp-json\/wp\/v2\/product_brand?post=728994"},{"taxonomy":"product_cat","embeddable":true,"href":"https:\/\/roveyayinevi.com.tr\/index.php\/wp-json\/wp\/v2\/product_cat?post=728994"},{"taxonomy":"product_tag","embeddable":true,"href":"https:\/\/roveyayinevi.com.tr\/index.php\/wp-json\/wp\/v2\/product_tag?post=728994"}],"curies":[{"name":"wp","href":"https:\/\/api.w.org\/{rel}","templated":true}]}}