{"id":728992,"date":"2025-08-27T20:48:20","date_gmt":"2025-08-27T17:48:20","guid":{"rendered":"https:\/\/roveyayinevi.com.tr\/index.php\/urun\/ben-ne-biliim-3lu-set-insan-doga-uzay\/"},"modified":"2026-04-16T02:36:43","modified_gmt":"2026-04-15T23:36:43","slug":"ben-ne-biliim-3lu-set-insan-doga-uzay","status":"publish","type":"product","link":"https:\/\/roveyayinevi.com.tr\/index.php\/urun\/ben-ne-biliim-3lu-set-insan-doga-uzay\/","title":{"rendered":"Ben Ne Biliim 3\u2019l\u00fc Set: \u0130nsan &#8211; Do\u011fa &#8211; Uzay"},"content":{"rendered":"<p>Merhaba dostum! \u0130nsan v\u00fccudu, do\u011fa ve uzay hakk\u0131nda hi\u00e7 duyulmam\u0131\u015f onlarca sorunun cevab\u0131n\u0131 birer birer sana anlat\u0131yorum. Neden? \u00c7\u00fcnk\u00fc ben bilge bir ki\u015fili\u011fim! Ve bilgelik bayra\u011f\u0131n\u0131 devretme vakti geldi! Normalde sana kendini 10 saniyede imha edecek bir not yazard\u0131m. Ama s\u00f6ylediklerimi unutabilece\u011fin ihtimaline kar\u015f\u0131 bu not hep burada kalacak. Kitab\u0131 okurken unuttu\u011fun, tak\u0131ld\u0131\u011f\u0131n bir yer olursa bu notu yeniden okuyabilirsin.  Haydi bakal\u0131m s\u0131ra sende! Art\u0131k hayat\u0131n ger\u00e7eklerini \u00f6\u011frenme vaktin geldi! Ben Ne Biliim 3\u2019l\u00fc Set\u2019te Yer Alan Kitaplar: 1. BEN NE B\u0130L\u0130\u0130M: \u0130NSAN, 64 sayfa, renkli, Amerikan cilt, iplik diki\u015f 2. BEN NE B\u0130L\u0130\u0130M: DO\u011eA, 64 sayfa, renkli, Amerikan cilt, iplik diki\u015f 3. BEN NE B\u0130L\u0130\u0130M: UZAY, 64 sayfa, renkli, Amerikan cilt, iplik diki\u015f <\/p>\n","protected":false},"excerpt":{"rendered":"<p>Merhaba dostum! \u0130nsan v\u00fccudu, do\u011fa ve uzay hakk\u0131nda hi\u00e7 duyulmam\u0131\u015f onlarca sorunun cevab\u0131n\u0131 birer birer sana anlat\u0131yorum. Neden? \u00c7\u00fcnk\u00fc ben bilge bir ki\u015fili\u011fim! Ve bilgelik bayra\u011f\u0131n\u0131<span class=\"excerpt-hellip\"> [\u2026]<\/span><\/p>\n","protected":false},"featured_media":0,"template":"","meta":{"_monsterinsights_skip_tracking":false,"_monsterinsights_sitenote_active":false,"_monsterinsights_sitenote_note":"","_monsterinsights_sitenote_category":0},"product_brand":[],"product_cat":[13829,12274],"product_tag":[],"class_list":{"0":"post-728992","1":"product","2":"type-product","3":"status-publish","5":"product_cat-bilimsel-kitaplar","6":"product_cat-cocuk-ve-genclik-kitaplari","7":"pa_cilt-set","8":"pa_tur-kitap","9":"pa_yayinevi-hayykitap","10":"pa_yazar-hatice-kubra-tongar","12":"first","13":"instock","14":"sale","15":"shipping-taxable","16":"purchasable","17":"product-type-simple"},"_links":{"self":[{"href":"https:\/\/roveyayinevi.com.tr\/index.php\/wp-json\/wp\/v2\/product\/728992","targetHints":{"allow":["GET"]}}],"collection":[{"href":"https:\/\/roveyayinevi.com.tr\/index.php\/wp-json\/wp\/v2\/product"}],"about":[{"href":"https:\/\/roveyayinevi.com.tr\/index.php\/wp-json\/wp\/v2\/types\/product"}],"wp:attachment":[{"href":"https:\/\/roveyayinevi.com.tr\/index.php\/wp-json\/wp\/v2\/media?parent=728992"}],"wp:term":[{"taxonomy":"product_brand","embeddable":true,"href":"https:\/\/roveyayinevi.com.tr\/index.php\/wp-json\/wp\/v2\/product_brand?post=728992"},{"taxonomy":"product_cat","embeddable":true,"href":"https:\/\/roveyayinevi.com.tr\/index.php\/wp-json\/wp\/v2\/product_cat?post=728992"},{"taxonomy":"product_tag","embeddable":true,"href":"https:\/\/roveyayinevi.com.tr\/index.php\/wp-json\/wp\/v2\/product_tag?post=728992"}],"curies":[{"name":"wp","href":"https:\/\/api.w.org\/{rel}","templated":true}]}}