{"id":728991,"date":"2025-08-27T20:48:18","date_gmt":"2025-08-27T17:48:18","guid":{"rendered":"https:\/\/roveyayinevi.com.tr\/index.php\/urun\/ben-ne-biliim-insan\/"},"modified":"2026-04-16T02:36:43","modified_gmt":"2026-04-15T23:36:43","slug":"ben-ne-biliim-insan","status":"publish","type":"product","link":"https:\/\/roveyayinevi.com.tr\/index.php\/urun\/ben-ne-biliim-insan\/","title":{"rendered":"Ben Ne Biliim: \u0130nsan"},"content":{"rendered":"<p>Merhaba dostum! Sen bu sat\u0131rlar\u0131 okurken ben yeni geli\u015ftirdi\u011fim mikrogran\u00fclazyon makinesine binmi\u015f, insan v\u00fccudunun derinliklerine do\u011fru bir yolculu\u011fa \u00e7\u0131km\u0131\u015f olaca\u011f\u0131m. Ama merak etme! Bu kitap sayesinde bilgeli\u011fimin bir k\u0131sm\u0131n\u0131 sana aktar\u0131yorum. \u2018\u0130nsan v\u00fccudu\u2019 hakk\u0131nda 50 kafa ka\u015f\u0131nd\u0131ran sorunun cevab\u0131n\u0131 birer birer anlat\u0131yorum. Kitab\u0131n sat\u0131rlar\u0131nda d\u00fcnyadaki en zor sorular\u0131n cevaplar\u0131n\u0131 bulacaks\u0131n. \u0130nanm\u0131yorsan annene ya da babana sorabilirsin. G\u00f6receksin ki sorular\u0131ma cevap veremeyecekler. En az\u0131ndan benim verdi\u011fim cevaplar\u0131\u2026 Normalde sana kendini 10 saniyede imha edecek bir not yazard\u0131m. Ama s\u00f6ylediklerimi unutabilece\u011fin ihtimaline kar\u015f\u0131 bu not hep burada kalacak. Kitab\u0131 okurken unuttu\u011fun, tak\u0131ld\u0131\u011f\u0131n bir yer olursa bu notu yeniden okuyabilirsin.  Haydi bakal\u0131m s\u0131ra sende! Art\u0131k hayat\u0131n ger\u00e7eklerini \u00f6\u011frenme vaktin geldi! <\/p>\n","protected":false},"excerpt":{"rendered":"<p>Merhaba dostum! Sen bu sat\u0131rlar\u0131 okurken ben yeni geli\u015ftirdi\u011fim mikrogran\u00fclazyon makinesine binmi\u015f, insan v\u00fccudunun derinliklerine do\u011fru bir yolculu\u011fa \u00e7\u0131km\u0131\u015f olaca\u011f\u0131m. Ama merak etme! Bu kitap sayesinde<span class=\"excerpt-hellip\"> [\u2026]<\/span><\/p>\n","protected":false},"featured_media":0,"template":"","meta":{"_monsterinsights_skip_tracking":false,"_monsterinsights_sitenote_active":false,"_monsterinsights_sitenote_note":"","_monsterinsights_sitenote_category":0},"product_brand":[],"product_cat":[13829,12274],"product_tag":[],"class_list":{"0":"post-728991","1":"product","2":"type-product","3":"status-publish","5":"product_cat-bilimsel-kitaplar","6":"product_cat-cocuk-ve-genclik-kitaplari","7":"pa_cilt-ciltsiz","8":"pa_tur-kitap","9":"pa_yayinevi-hayykitap","10":"pa_yazar-hatice-kubra-tongar","12":"first","13":"instock","14":"sale","15":"shipping-taxable","16":"purchasable","17":"product-type-simple"},"_links":{"self":[{"href":"https:\/\/roveyayinevi.com.tr\/index.php\/wp-json\/wp\/v2\/product\/728991","targetHints":{"allow":["GET"]}}],"collection":[{"href":"https:\/\/roveyayinevi.com.tr\/index.php\/wp-json\/wp\/v2\/product"}],"about":[{"href":"https:\/\/roveyayinevi.com.tr\/index.php\/wp-json\/wp\/v2\/types\/product"}],"wp:attachment":[{"href":"https:\/\/roveyayinevi.com.tr\/index.php\/wp-json\/wp\/v2\/media?parent=728991"}],"wp:term":[{"taxonomy":"product_brand","embeddable":true,"href":"https:\/\/roveyayinevi.com.tr\/index.php\/wp-json\/wp\/v2\/product_brand?post=728991"},{"taxonomy":"product_cat","embeddable":true,"href":"https:\/\/roveyayinevi.com.tr\/index.php\/wp-json\/wp\/v2\/product_cat?post=728991"},{"taxonomy":"product_tag","embeddable":true,"href":"https:\/\/roveyayinevi.com.tr\/index.php\/wp-json\/wp\/v2\/product_tag?post=728991"}],"curies":[{"name":"wp","href":"https:\/\/api.w.org\/{rel}","templated":true}]}}