{"id":728989,"date":"2025-08-27T20:48:16","date_gmt":"2025-08-27T17:48:16","guid":{"rendered":"https:\/\/roveyayinevi.com.tr\/index.php\/urun\/80-yas-zor-zamanlar-gunlukleri\/"},"modified":"2026-04-16T02:36:42","modified_gmt":"2026-04-15T23:36:42","slug":"80-yas-zor-zamanlar-gunlukleri","status":"publish","type":"product","link":"https:\/\/roveyayinevi.com.tr\/index.php\/urun\/80-yas-zor-zamanlar-gunlukleri\/","title":{"rendered":"80 Ya\u015f Zor Zamanlar G\u00fcnl\u00fckleri"},"content":{"rendered":"<p>\u0130nsan 80 ya\u015f\u0131na var\u0131p da ya\u015fayacak az zaman\u0131 kald\u0131\u011f\u0131nda bir \u00f6mr\u00fcn b\u00fct\u00fcn \u00e7abalar\u0131n\u0131n, umutlar\u0131n\u0131n, ac\u0131lar\u0131n\u0131n, sevin\u00e7lerinin s\u0131f\u0131rlanmas\u0131n\u0131 kabullenemiyor. Ya\u015fam\u0131m\u0131n anlam\u0131 neydi sorusuna, hi\u00e7bir anlam\u0131 yoktu, cevab\u0131n\u0131 vermenin a\u011f\u0131rl\u0131\u011f\u0131na dayanam\u0131yor O zaman, bir vir\u00fcs\u00fcn y\u0131k\u0131c\u0131l\u0131\u011f\u0131ndan medet umuyor, insanl\u0131\u011f\u0131n bu enkaz\u0131n alt\u0131ndan kalkabilece\u011fi, ba\u015fka bir d\u00fcnyay\u0131 m\u00fcmk\u00fcn k\u0131labilece\u011fi umuduna sar\u0131l\u0131yor bir an, ama sadece bir an. Oya Baydar\u2019\u0131n, 2020 y\u0131l\u0131nda t\u00fcm d\u00fcnyay\u0131 kas\u0131p kavuran pandeminin ilk g\u00fcnlerinden y\u0131l sonuna kadar tuttu\u011fu bu notlarda Covid-19&#8217;un toplumsal hayattaki etkilerini g\u00fcn g\u00fcn takip ediyoruz. Bir vir\u00fcs\u00fcn anl\u0131 \u015fanl\u0131 insan uygarl\u0131\u011f\u0131n\u0131 peri\u015fan etmesi, halk\u0131n hastal\u0131\u011fa yakla\u015f\u0131m\u0131, t\u00fcm sokaklar\u0131 saran korku, sivil toplumun her \u015feye ra\u011fmen m\u00fccadeleye devam etme \u00e7abas\u0131, iktidarlar\u0131n \u00e7aresizli\u011fi, 65 ya\u015f \u00fcst\u00fc insanlar\u0131n ya\u015fad\u0131klar\u0131 kapanma\/kapat\u0131lma g\u00fcnleri&#8230; T\u00fcm bunlar, 80 y\u0131l boyunca m\u00fccadeleyi bir an olsun b\u0131rakmam\u0131\u015f bir kalemin an\u0131lar\u0131, kendi hayat\u0131n\u0131n muhasebesi ve gelece\u011fe dair beklentileriyle yo\u011fruluyor. Usta bir yazar\u0131n ya\u015fanan bu ilgin\u00e7 zamanlara d\u00fc\u015ft\u00fc\u011f\u00fc, y\u0131llar sonra bile tekrar tekrar d\u00f6n\u00fcl\u00fcp okunabilecek zihin a\u00e7\u0131c\u0131 notlar. pandemi #korona #ya\u015fl\u0131l\u0131k #kapanma #hastal\u0131k #an\u0131lar #direni\u015f <\/p>\n","protected":false},"excerpt":{"rendered":"<p>\u0130nsan 80 ya\u015f\u0131na var\u0131p da ya\u015fayacak az zaman\u0131 kald\u0131\u011f\u0131nda bir \u00f6mr\u00fcn b\u00fct\u00fcn \u00e7abalar\u0131n\u0131n, umutlar\u0131n\u0131n, ac\u0131lar\u0131n\u0131n, sevin\u00e7lerinin s\u0131f\u0131rlanmas\u0131n\u0131 kabullenemiyor. Ya\u015fam\u0131m\u0131n anlam\u0131 neydi sorusuna, hi\u00e7bir anlam\u0131 yoktu, cevab\u0131n\u0131<span class=\"excerpt-hellip\"> [\u2026]<\/span><\/p>\n","protected":false},"featured_media":0,"template":"","meta":{"_monsterinsights_skip_tracking":false,"_monsterinsights_sitenote_active":false,"_monsterinsights_sitenote_note":"","_monsterinsights_sitenote_category":0},"product_brand":[],"product_cat":[13701,12291],"product_tag":[],"class_list":{"0":"post-728989","1":"product","2":"type-product","3":"status-publish","5":"product_cat-ani-mektup-gunluk","6":"product_cat-edebiyat","7":"pa_cilt-ciltsiz","8":"pa_tur-kitap","9":"pa_yayinevi-can-yayinlari","10":"pa_yazar-oya-baydar","12":"first","13":"instock","14":"sale","15":"shipping-taxable","16":"purchasable","17":"product-type-simple"},"_links":{"self":[{"href":"https:\/\/roveyayinevi.com.tr\/index.php\/wp-json\/wp\/v2\/product\/728989","targetHints":{"allow":["GET"]}}],"collection":[{"href":"https:\/\/roveyayinevi.com.tr\/index.php\/wp-json\/wp\/v2\/product"}],"about":[{"href":"https:\/\/roveyayinevi.com.tr\/index.php\/wp-json\/wp\/v2\/types\/product"}],"wp:attachment":[{"href":"https:\/\/roveyayinevi.com.tr\/index.php\/wp-json\/wp\/v2\/media?parent=728989"}],"wp:term":[{"taxonomy":"product_brand","embeddable":true,"href":"https:\/\/roveyayinevi.com.tr\/index.php\/wp-json\/wp\/v2\/product_brand?post=728989"},{"taxonomy":"product_cat","embeddable":true,"href":"https:\/\/roveyayinevi.com.tr\/index.php\/wp-json\/wp\/v2\/product_cat?post=728989"},{"taxonomy":"product_tag","embeddable":true,"href":"https:\/\/roveyayinevi.com.tr\/index.php\/wp-json\/wp\/v2\/product_tag?post=728989"}],"curies":[{"name":"wp","href":"https:\/\/api.w.org\/{rel}","templated":true}]}}