{"id":728988,"date":"2025-08-27T20:48:15","date_gmt":"2025-08-27T17:48:15","guid":{"rendered":"https:\/\/roveyayinevi.com.tr\/index.php\/urun\/kapitalizm\/"},"modified":"2026-04-16T02:36:42","modified_gmt":"2026-04-15T23:36:42","slug":"kapitalizm","status":"publish","type":"product","link":"https:\/\/roveyayinevi.com.tr\/index.php\/urun\/kapitalizm\/","title":{"rendered":"Kapitalizm"},"content":{"rendered":"<p>Adam Smith Enstit\u00fcs\u00fc\u2019n\u00fcn kurucusu, iktisat\u00e7\u0131 Eamonn Butler Kapitalizm adl\u0131 bu eserinde kapitalizmin hem zenginli\u011fin hem de i\u015fbirli\u011fine dayal\u0131 dinamik ve \u00f6zg\u00fcr toplumun temeli oldu\u011funu savunuyor. Butler metni sade bir dille kaleme alarak kapitalizme dair kafa kar\u0131\u015f\u0131kl\u0131klar\u0131n\u0131 gidermeye \u00e7al\u0131\u015f\u0131yor.Kapitalizme y\u00f6nelik yayg\u0131n ele\u015ftirilerin pek \u00e7o\u011fu yanl\u0131\u015f anlamalardan kaynaklan\u0131yor, \u00fcstelik bu ele\u015ftirileri taraftar\u0131 g\u00f6r\u00fcnen baz\u0131 kimseler de payla\u015f\u0131yor. Bu kitap ise kapitalizmin ne oldu\u011funu tan\u0131mlarken ne olmad\u0131\u011f\u0131n\u0131 da ortaya koyarak \u00f6nyarg\u0131lara ve \u00e7arp\u0131tmalara tek tek, tutarl\u0131 bir \u015fekilde cevap veriyor.Dr. Butler, sermayenin hangi formlarda kar\u015f\u0131m\u0131za \u00e7\u0131kt\u0131\u011f\u0131n\u0131, olu\u015fum s\u00fcrecini, nas\u0131l korunabildi\u011fini ve nas\u0131l tahrip edildi\u011fini; ayn\u0131 zamanda kapitalizmin i\u015flemesini sa\u011flayan piyasalar\u0131n ve m\u00fclkiyet haklar\u0131n\u0131n rol\u00fcn\u00fc izah ediyor. Yazar, kapitalizmin ekonomik, sosyal ve ahl\u00e2k\u00ee do\u011fas\u0131yla beraber onu ta\u015f\u0131yan kurumlar\u0131 inceliyor. Ayr\u0131ca, kapitalizmin g\u00fc\u00e7l\u00fc ve zay\u0131f y\u00f6nlerinin yan\u0131nda gelece\u011fini de tart\u0131\u015fan samimi bir de\u011ferlendirme sunuyor.<\/p>\n","protected":false},"excerpt":{"rendered":"<p>Adam Smith Enstit\u00fcs\u00fc\u2019n\u00fcn kurucusu, iktisat\u00e7\u0131 Eamonn Butler Kapitalizm adl\u0131 bu eserinde kapitalizmin hem zenginli\u011fin hem de i\u015fbirli\u011fine dayal\u0131 dinamik ve \u00f6zg\u00fcr toplumun temeli oldu\u011funu savunuyor. Butler<span class=\"excerpt-hellip\"> [\u2026]<\/span><\/p>\n","protected":false},"featured_media":0,"template":"","meta":{"_monsterinsights_skip_tracking":false,"_monsterinsights_sitenote_active":false,"_monsterinsights_sitenote_note":"","_monsterinsights_sitenote_category":0},"product_brand":[],"product_cat":[13590,12337],"product_tag":[],"class_list":{"0":"post-728988","1":"product","2":"type-product","3":"status-publish","5":"product_cat-arastirma-inceleme-politika-siyaset","6":"product_cat-politika-siyaset","7":"pa_cilt-ciltsiz","8":"pa_tur-kitap","9":"pa_yayinevi-liberte-yayinlari","10":"pa_yazar-eamonn-butler","12":"first","13":"instock","14":"sale","15":"shipping-taxable","16":"purchasable","17":"product-type-simple"},"_links":{"self":[{"href":"https:\/\/roveyayinevi.com.tr\/index.php\/wp-json\/wp\/v2\/product\/728988","targetHints":{"allow":["GET"]}}],"collection":[{"href":"https:\/\/roveyayinevi.com.tr\/index.php\/wp-json\/wp\/v2\/product"}],"about":[{"href":"https:\/\/roveyayinevi.com.tr\/index.php\/wp-json\/wp\/v2\/types\/product"}],"wp:attachment":[{"href":"https:\/\/roveyayinevi.com.tr\/index.php\/wp-json\/wp\/v2\/media?parent=728988"}],"wp:term":[{"taxonomy":"product_brand","embeddable":true,"href":"https:\/\/roveyayinevi.com.tr\/index.php\/wp-json\/wp\/v2\/product_brand?post=728988"},{"taxonomy":"product_cat","embeddable":true,"href":"https:\/\/roveyayinevi.com.tr\/index.php\/wp-json\/wp\/v2\/product_cat?post=728988"},{"taxonomy":"product_tag","embeddable":true,"href":"https:\/\/roveyayinevi.com.tr\/index.php\/wp-json\/wp\/v2\/product_tag?post=728988"}],"curies":[{"name":"wp","href":"https:\/\/api.w.org\/{rel}","templated":true}]}}