{"id":728983,"date":"2025-08-27T20:48:10","date_gmt":"2025-08-27T17:48:10","guid":{"rendered":"https:\/\/roveyayinevi.com.tr\/index.php\/urun\/kotu-cocuk-isiah-thomas\/"},"modified":"2026-04-16T02:36:42","modified_gmt":"2026-04-15T23:36:42","slug":"kotu-cocuk-isiah-thomas","status":"publish","type":"product","link":"https:\/\/roveyayinevi.com.tr\/index.php\/urun\/kotu-cocuk-isiah-thomas\/","title":{"rendered":"\u201cK\u00f6t\u00fc \u00c7ocuk\u201d Isiah Thomas"},"content":{"rendered":"<p>\u201cK\u00f6t\u00fc \u00c7ocuk\u201d, NBA\u2019in gelmi\u015f ge\u00e7mi\u015f en b\u00fcy\u00fck oyun kurucular\u0131ndan biri olan Isiah \u201cZeke\u201d Thomas\u2019\u0131n hayat hik\u00e2yesini anlat\u0131yor. Thomas\u2019\u0131n Chicago\u2019nun en belal\u0131 mahallelerinde ba\u015flayan \u00e7ocuklu\u011fu, aile ya\u015fant\u0131s\u0131, efsanevi ko\u00e7 Bobby Knight\u2019\u0131n ak\u0131l hocal\u0131\u011f\u0131 alt\u0131nda Indiana \u00dcniversitesi\u2019nde bir y\u0131ld\u0131za d\u00f6n\u00fc\u015fmesi, NBA parkelerinde Detroit Pistons formas\u0131yla kazand\u0131\u011f\u0131 \u015fampiyonluklar, lideri oldu\u011fu \u201cBad Boys\u201d (\u201cK\u00f6t\u00fc \u00c7ocuklar\u201d) fenomeniyle ligde, seyircilerin ve gen\u00e7 basketbolcu adaylar\u0131n\u0131n y\u00fcreklerinde yaratt\u0131\u011f\u0131 etkiler, Michael Jordan ile s\u00fcrd\u00fcrd\u00fckleri k\u0131yas\u0131ya rekabet, R\u00fcya Tak\u0131m ve Magic Johnson\u2019\u0131n hastal\u0131\u011f\u0131 hadiselerinde ba\u015f\u0131ndan ge\u00e7enler; NBA\u2019de bir basketbol tak\u0131m\u0131n\u0131n hissedar\u0131 olan ilk Afro-Amerikan isim s\u0131fat\u0131yla Toronto Raptors\u2019\u0131n kurulu\u015fu ve geli\u015fiminde oynad\u0131\u011f\u0131 idarecilik rol\u00fc, Kanada\u2019y\u0131 basketbolla tan\u0131\u015ft\u0131r\u0131rken maruz kald\u0131\u011f\u0131 zorluklar, ini\u015f ve \u00e7\u0131k\u0131\u015flarla dolu ko\u00e7luk kariyeri, i\u015f adaml\u0131\u011f\u0131ndakar\u015f\u0131la\u015ft\u0131\u011f\u0131 ser\u00fcvenler ve basketbol tarihine b\u0131rakt\u0131\u011f\u0131 izler, medyan\u0131n yok edemedi\u011fi t\u00fcm detaylar\u0131yla bu eserde sizleri bekliyor. Kendini tamamen basketbola adam\u0131\u015f, azmiyle herkese \u00f6rnek olmu\u015f bir hayat\u0131n, profesyonel basketbol sekt\u00f6r\u00fcn\u00fcn her kademesinde nas\u0131l var oldu\u011funu, ba\u015far\u0131 ve ba\u015far\u0131s\u0131zl\u0131k ile ne \u015fekilde y\u00fczle\u015fti\u011fini ve \u00f6nc\u00fcl\u00fc\u011f\u00fcn\u00fc yapt\u0131\u011f\u0131 nice yenilikte hangi engellerle m\u00fccadele etti\u011fini, Paul Challen\u2019\u0131n kaleminden bu kitapta okuyacaks\u0131n\u0131z.<\/p>\n","protected":false},"excerpt":{"rendered":"<p>\u201cK\u00f6t\u00fc \u00c7ocuk\u201d, NBA\u2019in gelmi\u015f ge\u00e7mi\u015f en b\u00fcy\u00fck oyun kurucular\u0131ndan biri olan Isiah \u201cZeke\u201d Thomas\u2019\u0131n hayat hik\u00e2yesini anlat\u0131yor. Thomas\u2019\u0131n Chicago\u2019nun en belal\u0131 mahallelerinde ba\u015flayan \u00e7ocuklu\u011fu, aile ya\u015fant\u0131s\u0131,<span class=\"excerpt-hellip\"> [\u2026]<\/span><\/p>\n","protected":false},"featured_media":0,"template":"","meta":{"_monsterinsights_skip_tracking":false,"_monsterinsights_sitenote_active":false,"_monsterinsights_sitenote_note":"","_monsterinsights_sitenote_category":0},"product_brand":[],"product_cat":[15563,15564],"product_tag":[],"class_list":{"0":"post-728983","1":"product","2":"type-product","3":"status-publish","5":"product_cat-hobi","6":"product_cat-spor","7":"pa_cilt-ciltsiz","8":"pa_tur-kitap","9":"pa_yayinevi-profil-kitap","10":"pa_yazar-paul-challen","12":"first","13":"instock","14":"sale","15":"shipping-taxable","16":"purchasable","17":"product-type-simple"},"_links":{"self":[{"href":"https:\/\/roveyayinevi.com.tr\/index.php\/wp-json\/wp\/v2\/product\/728983","targetHints":{"allow":["GET"]}}],"collection":[{"href":"https:\/\/roveyayinevi.com.tr\/index.php\/wp-json\/wp\/v2\/product"}],"about":[{"href":"https:\/\/roveyayinevi.com.tr\/index.php\/wp-json\/wp\/v2\/types\/product"}],"wp:attachment":[{"href":"https:\/\/roveyayinevi.com.tr\/index.php\/wp-json\/wp\/v2\/media?parent=728983"}],"wp:term":[{"taxonomy":"product_brand","embeddable":true,"href":"https:\/\/roveyayinevi.com.tr\/index.php\/wp-json\/wp\/v2\/product_brand?post=728983"},{"taxonomy":"product_cat","embeddable":true,"href":"https:\/\/roveyayinevi.com.tr\/index.php\/wp-json\/wp\/v2\/product_cat?post=728983"},{"taxonomy":"product_tag","embeddable":true,"href":"https:\/\/roveyayinevi.com.tr\/index.php\/wp-json\/wp\/v2\/product_tag?post=728983"}],"curies":[{"name":"wp","href":"https:\/\/api.w.org\/{rel}","templated":true}]}}