{"id":728982,"date":"2025-08-27T20:48:10","date_gmt":"2025-08-27T17:48:10","guid":{"rendered":"https:\/\/roveyayinevi.com.tr\/index.php\/urun\/niksen\/"},"modified":"2026-04-15T02:47:59","modified_gmt":"2026-04-14T23:47:59","slug":"niksen","status":"publish","type":"product","link":"https:\/\/roveyayinevi.com.tr\/index.php\/urun\/niksen\/","title":{"rendered":"Niksen"},"content":{"rendered":"<p>The New York Times\u2019ta \u201cThe Case for Doing Nothing\u201d ba\u015fl\u0131kl\u0131 viral olan makalenin yazar\u0131 Olga Mecking\u2019den hi\u00e7bir \u015fey yapmama sanat\u0131 olarak adland\u0131r\u0131lan Niksen\u2019e dair e\u011flenceli ve bilgilendirici bir rehber\u2026 \u201cHay\u0131r, yine mi? Yine bir \u00e7e\u015fit ak\u0131m m\u0131 ba\u015fl\u0131yor?\u201d diye d\u00fc\u015f\u00fcnebilirsiniz. \u201cYine mi mumlar, \u00e7e\u015fit \u00e7e\u015fit fincanlar ve battaniyeler almak gerekiyor?\u201d Sakin olun! Niksen i\u00e7in ne bir \u00e7abaya ne de masrafa gerek var. Kelimenin tam anlam\u0131yla, hi\u00e7bir \u015fey yapm\u0131yorsunuz. Hem de bilin\u00e7li olarak! Bug\u00fcn\u00fcn d\u00fcnyas\u0131nda her bo\u015f an\u0131m\u0131z yararl\u0131 bir faaliyetle veya i\u015fle ge\u00e7irilmeli, her zaman yo\u011fun olunmal\u0131! Oysa hi\u00e7bir \u015fey yapmadan oturman\u0131n ne zarar\u0131 var?Yazar, Hollanda k\u00fclt\u00fcr\u00fcnden yola \u00e7\u0131karak bize Hollandal\u0131lar\u0131n neden ya\u015famlar\u0131ndan memnun insanlar oldu\u011funu, bunun asl\u0131nda b\u00fcy\u00fck bir s\u0131r olmad\u0131\u011f\u0131n\u0131 ve bu kadar me\u015fgul olmay\u0131 b\u0131rak\u0131p hayat\u0131m\u0131z\u0131n ev, i\u015f gibi \u00f6nemli alanlar\u0131nda k\u00fc\u00e7\u00fck niksen molalar\u0131 (Instagram\u2019da tak\u0131lmak, m\u00fczik dinlemek, dinlenmek i\u00e7in koltu\u011fa uzand\u0131\u011f\u0131m\u0131zda ak\u015fama ne yemek yapaca\u011f\u0131m diye d\u00fc\u015f\u00fcnmek niksen de\u011fildir)  vererek uzun vadede daha mutlu, daha yarat\u0131c\u0131 ve daha iyi kararlar veren ki\u015filer olabilece\u011fimizi g\u00f6steriyor.      <\/p>\n","protected":false},"excerpt":{"rendered":"<p>The New York Times\u2019ta \u201cThe Case for Doing Nothing\u201d ba\u015fl\u0131kl\u0131 viral olan makalenin yazar\u0131 Olga Mecking\u2019den hi\u00e7bir \u015fey yapmama sanat\u0131 olarak adland\u0131r\u0131lan Niksen\u2019e dair e\u011flenceli ve<span class=\"excerpt-hellip\"> [\u2026]<\/span><\/p>\n","protected":false},"featured_media":0,"template":"","meta":{"_monsterinsights_skip_tracking":false,"_monsterinsights_sitenote_active":false,"_monsterinsights_sitenote_note":"","_monsterinsights_sitenote_category":0},"product_brand":[],"product_cat":[12364,12376],"product_tag":[],"class_list":{"0":"post-728982","1":"product","2":"type-product","3":"status-publish","5":"product_cat-genel-konular","6":"product_cat-kisisel-gelisim","7":"pa_cilt-ciltsiz","8":"pa_tur-kitap","9":"pa_yayinevi-profil-kitap","10":"pa_yazar-olga-mecking","12":"first","13":"instock","14":"sale","15":"shipping-taxable","16":"purchasable","17":"product-type-simple"},"_links":{"self":[{"href":"https:\/\/roveyayinevi.com.tr\/index.php\/wp-json\/wp\/v2\/product\/728982","targetHints":{"allow":["GET"]}}],"collection":[{"href":"https:\/\/roveyayinevi.com.tr\/index.php\/wp-json\/wp\/v2\/product"}],"about":[{"href":"https:\/\/roveyayinevi.com.tr\/index.php\/wp-json\/wp\/v2\/types\/product"}],"wp:attachment":[{"href":"https:\/\/roveyayinevi.com.tr\/index.php\/wp-json\/wp\/v2\/media?parent=728982"}],"wp:term":[{"taxonomy":"product_brand","embeddable":true,"href":"https:\/\/roveyayinevi.com.tr\/index.php\/wp-json\/wp\/v2\/product_brand?post=728982"},{"taxonomy":"product_cat","embeddable":true,"href":"https:\/\/roveyayinevi.com.tr\/index.php\/wp-json\/wp\/v2\/product_cat?post=728982"},{"taxonomy":"product_tag","embeddable":true,"href":"https:\/\/roveyayinevi.com.tr\/index.php\/wp-json\/wp\/v2\/product_tag?post=728982"}],"curies":[{"name":"wp","href":"https:\/\/api.w.org\/{rel}","templated":true}]}}