{"id":728981,"date":"2025-08-27T20:48:08","date_gmt":"2025-08-27T17:48:08","guid":{"rendered":"https:\/\/roveyayinevi.com.tr\/index.php\/urun\/juri\/"},"modified":"2026-04-11T13:55:57","modified_gmt":"2026-04-11T10:55:57","slug":"juri","status":"publish","type":"product","link":"https:\/\/roveyayinevi.com.tr\/index.php\/urun\/juri\/","title":{"rendered":"J\u00fcri"},"content":{"rendered":"<p>Her insan do\u011far, ya\u015far, \u00f6l\u00fcr. Ama baz\u0131lar\u0131 i\u00e7in farkl\u0131 bir kurgu i\u015fler. Onlar ya\u015farken binlerce kez \u00f6l\u00fcr, yeniden do\u011far ve \u00f6ld\u00fcr\u00fcr. Ana rahminden gelen bir masum, kar\u015f\u0131la\u015ft\u0131\u011f\u0131 y\u0131k\u0131c\u0131 olaylar\u0131n ard\u0131ndan, ka\u00e7\u0131p s\u0131\u011f\u0131nabilece\u011fi bir koza \u00f6rer etraf\u0131na. Bu sefer anne \u015fefkatiyle de\u011fil \u00f6tekinin vah\u015fetinin yaratt\u0131\u011f\u0131 intikam duygusuyla besler kendini burada. Ve g\u00fcn gelir incitilmi\u015f o masum, kozas\u0131ndan bir katil olarak \u00e7\u0131kar. Reyting rekorlar\u0131 k\u0131ran bir ses yar\u0131\u015fmas\u0131nda j\u00fcri \u00fcyeli\u011fi yapan \u00fcnl\u00fc bir \u015fark\u0131c\u0131, kimli\u011fini gizlemekte usta bir cani taraf\u0131ndan \u015feytani bir planla canl\u0131 yay\u0131nda \u00f6ld\u00fcr\u00fcl\u00fcr. Herkesin \u015fahit oldu\u011fu bu \u00fcrk\u00fct\u00fcc\u00fc olay\u0131 \u00e7\u00f6zmeye \u00e7al\u0131\u015fan Komiser \u015eahap ve ekibi kendilerini beklemedikleri \u00f6l\u00e7\u00fcde b\u00fcy\u00fck ve kaotik bir oyunun i\u00e7inde bulur. G\u00fcrsoy Uysal J\u00fcri\u2019de, musibetlerle dolu hayat\u0131n daralan, geni\u015fleyen veya kimi zaman \u00e7\u0131kmaza \u00e7\u0131kan yollar\u0131nda, adalet ad\u0131na bir \u00e7\u0131k\u0131\u015f arayan insanlar\u0131n hik\u00e2yesiyle su\u00e7 ve cezaya dair s\u00fcr\u00fckleyici bir anlat\u0131 sunuyor. Nefesini tutmakta deneyimli polisiye tutkunlar\u0131 i\u00e7in\u2026 <\/p>\n","protected":false},"excerpt":{"rendered":"<p>Her insan do\u011far, ya\u015far, \u00f6l\u00fcr. Ama baz\u0131lar\u0131 i\u00e7in farkl\u0131 bir kurgu i\u015fler. Onlar ya\u015farken binlerce kez \u00f6l\u00fcr, yeniden do\u011far ve \u00f6ld\u00fcr\u00fcr. Ana rahminden gelen bir masum,<span class=\"excerpt-hellip\"> [\u2026]<\/span><\/p>\n","protected":false},"featured_media":0,"template":"","meta":{"_monsterinsights_skip_tracking":false,"_monsterinsights_sitenote_active":false,"_monsterinsights_sitenote_note":"","_monsterinsights_sitenote_category":0},"product_brand":[],"product_cat":[12291,15445],"product_tag":[],"class_list":{"0":"post-728981","1":"product","2":"type-product","3":"status-publish","5":"product_cat-edebiyat","6":"product_cat-polisiye","7":"pa_cilt-ciltsiz","8":"pa_tur-kitap","9":"pa_yayinevi-profil-kitap","10":"pa_yazar-gursoy-uysal","12":"first","13":"instock","14":"sale","15":"shipping-taxable","16":"purchasable","17":"product-type-simple"},"_links":{"self":[{"href":"https:\/\/roveyayinevi.com.tr\/index.php\/wp-json\/wp\/v2\/product\/728981","targetHints":{"allow":["GET"]}}],"collection":[{"href":"https:\/\/roveyayinevi.com.tr\/index.php\/wp-json\/wp\/v2\/product"}],"about":[{"href":"https:\/\/roveyayinevi.com.tr\/index.php\/wp-json\/wp\/v2\/types\/product"}],"wp:attachment":[{"href":"https:\/\/roveyayinevi.com.tr\/index.php\/wp-json\/wp\/v2\/media?parent=728981"}],"wp:term":[{"taxonomy":"product_brand","embeddable":true,"href":"https:\/\/roveyayinevi.com.tr\/index.php\/wp-json\/wp\/v2\/product_brand?post=728981"},{"taxonomy":"product_cat","embeddable":true,"href":"https:\/\/roveyayinevi.com.tr\/index.php\/wp-json\/wp\/v2\/product_cat?post=728981"},{"taxonomy":"product_tag","embeddable":true,"href":"https:\/\/roveyayinevi.com.tr\/index.php\/wp-json\/wp\/v2\/product_tag?post=728981"}],"curies":[{"name":"wp","href":"https:\/\/api.w.org\/{rel}","templated":true}]}}