{"id":728978,"date":"2025-08-27T20:48:05","date_gmt":"2025-08-27T17:48:05","guid":{"rendered":"https:\/\/roveyayinevi.com.tr\/index.php\/urun\/saskin-lili-ve-anaokulunda-ilk-gun\/"},"modified":"2026-04-16T02:36:42","modified_gmt":"2026-04-15T23:36:42","slug":"saskin-lili-ve-anaokulunda-ilk-gun","status":"publish","type":"product","link":"https:\/\/roveyayinevi.com.tr\/index.php\/urun\/saskin-lili-ve-anaokulunda-ilk-gun\/","title":{"rendered":"\u015ea\u015fk\u0131n Lili ve Anaokulunda \u0130lk G\u00fcn"},"content":{"rendered":"<p>Lili AKILLI MACERAYI SEV\u0130YOR, ve hi\u00e7bir \u015feyden korkmuyor! Bug\u00fcn Lili\u2019nin anaokulunda ilk g\u00fcn\u00fc ve ke\u015ffedecek bir s\u00fcr\u00fc \u015fey var! Ama hem s\u0131n\u0131f, hem de oyun odas\u0131 olmas\u0131 biraz kafa kar\u0131\u015ft\u0131r\u0131c\u0131! \u00dcst\u00fcne \u00fcstl\u00fck Lili heyecanlan\u0131nca, kurallara dikkat etmeyi unutuyor! Neyse ki Lili ak\u0131ll\u0131 bir \u00e7ocuk. Bazen yaramazl\u0131k yapsa da, sonunda her zaman do\u011fru olan\u0131 yap\u0131yor! <\/p>\n","protected":false},"excerpt":{"rendered":"<p>Lili AKILLI MACERAYI SEV\u0130YOR, ve hi\u00e7bir \u015feyden korkmuyor! Bug\u00fcn Lili\u2019nin anaokulunda ilk g\u00fcn\u00fc ve ke\u015ffedecek bir s\u00fcr\u00fc \u015fey var! Ama hem s\u0131n\u0131f, hem de oyun odas\u0131<span class=\"excerpt-hellip\"> [\u2026]<\/span><\/p>\n","protected":false},"featured_media":0,"template":"","meta":{"_monsterinsights_skip_tracking":false,"_monsterinsights_sitenote_active":false,"_monsterinsights_sitenote_note":"","_monsterinsights_sitenote_category":0},"product_brand":[],"product_cat":[12274,12518],"product_tag":[],"class_list":{"0":"post-728978","1":"product","2":"type-product","3":"status-publish","5":"product_cat-cocuk-ve-genclik-kitaplari","6":"product_cat-okul-oncesi-kitaplar","7":"pa_cilt-ciltsiz","8":"pa_tur-kitap","9":"pa_yayinevi-is-bankasi-kultur-yayinlari","10":"pa_yazar-jedda-robaard","12":"first","13":"instock","14":"sale","15":"shipping-taxable","16":"purchasable","17":"product-type-simple"},"_links":{"self":[{"href":"https:\/\/roveyayinevi.com.tr\/index.php\/wp-json\/wp\/v2\/product\/728978","targetHints":{"allow":["GET"]}}],"collection":[{"href":"https:\/\/roveyayinevi.com.tr\/index.php\/wp-json\/wp\/v2\/product"}],"about":[{"href":"https:\/\/roveyayinevi.com.tr\/index.php\/wp-json\/wp\/v2\/types\/product"}],"wp:attachment":[{"href":"https:\/\/roveyayinevi.com.tr\/index.php\/wp-json\/wp\/v2\/media?parent=728978"}],"wp:term":[{"taxonomy":"product_brand","embeddable":true,"href":"https:\/\/roveyayinevi.com.tr\/index.php\/wp-json\/wp\/v2\/product_brand?post=728978"},{"taxonomy":"product_cat","embeddable":true,"href":"https:\/\/roveyayinevi.com.tr\/index.php\/wp-json\/wp\/v2\/product_cat?post=728978"},{"taxonomy":"product_tag","embeddable":true,"href":"https:\/\/roveyayinevi.com.tr\/index.php\/wp-json\/wp\/v2\/product_tag?post=728978"}],"curies":[{"name":"wp","href":"https:\/\/api.w.org\/{rel}","templated":true}]}}