{"id":728977,"date":"2025-08-27T20:48:04","date_gmt":"2025-08-27T17:48:04","guid":{"rendered":"https:\/\/roveyayinevi.com.tr\/index.php\/urun\/adanin-dunya-yolculugu\/"},"modified":"2026-04-16T02:36:42","modified_gmt":"2026-04-15T23:36:42","slug":"adanin-dunya-yolculugu","status":"publish","type":"product","link":"https:\/\/roveyayinevi.com.tr\/index.php\/urun\/adanin-dunya-yolculugu\/","title":{"rendered":"Ada\u2019n\u0131n D\u00fcnya Yolculu\u011fu"},"content":{"rendered":"<p>Ada, y\u0131ld\u0131zlarla dolu bir gecede atlad\u0131 u\u00e7a\u011f\u0131na, s\u00fcz\u00fcld\u00fc g\u00f6ky\u00fcz\u00fcne, \u00fczerinden ge\u00e7ti g\u00f6llerin ve tepelerin, u\u00e7tu karanl\u0131\u011f\u0131n i\u00e7inden sessiz ve sakin\u2026 U\u00e7a\u011f\u0131yla macera dolu bir yolculu\u011fa \u00e7\u0131kan Ada, yolda kar\u015f\u0131la\u015ft\u0131\u011f\u0131 \u00e7e\u015fitli hayvanlar\u0131 da u\u00e7a\u011f\u0131na ald\u0131. Ada ve arkada\u015flar\u0131, Londra\u2019dan Sydney\u2019e kadar u\u00e7arken, D\u00fcnya\u2019n\u0131n farkl\u0131 \u015fehirlerini de ke\u015ffettiler. <\/p>\n","protected":false},"excerpt":{"rendered":"<p>Ada, y\u0131ld\u0131zlarla dolu bir gecede atlad\u0131 u\u00e7a\u011f\u0131na, s\u00fcz\u00fcld\u00fc g\u00f6ky\u00fcz\u00fcne, \u00fczerinden ge\u00e7ti g\u00f6llerin ve tepelerin, u\u00e7tu karanl\u0131\u011f\u0131n i\u00e7inden sessiz ve sakin\u2026 U\u00e7a\u011f\u0131yla macera dolu bir yolculu\u011fa \u00e7\u0131kan<span class=\"excerpt-hellip\"> [\u2026]<\/span><\/p>\n","protected":false},"featured_media":0,"template":"","meta":{"_monsterinsights_skip_tracking":false,"_monsterinsights_sitenote_active":false,"_monsterinsights_sitenote_note":"","_monsterinsights_sitenote_category":0},"product_brand":[],"product_cat":[12274,12518],"product_tag":[],"class_list":{"0":"post-728977","1":"product","2":"type-product","3":"status-publish","5":"product_cat-cocuk-ve-genclik-kitaplari","6":"product_cat-okul-oncesi-kitaplar","7":"pa_cilt-ciltsiz","8":"pa_tur-kitap","9":"pa_yayinevi-is-bankasi-kultur-yayinlari","10":"pa_yazar-katie-haworth","12":"first","13":"instock","14":"sale","15":"shipping-taxable","16":"purchasable","17":"product-type-simple"},"_links":{"self":[{"href":"https:\/\/roveyayinevi.com.tr\/index.php\/wp-json\/wp\/v2\/product\/728977","targetHints":{"allow":["GET"]}}],"collection":[{"href":"https:\/\/roveyayinevi.com.tr\/index.php\/wp-json\/wp\/v2\/product"}],"about":[{"href":"https:\/\/roveyayinevi.com.tr\/index.php\/wp-json\/wp\/v2\/types\/product"}],"wp:attachment":[{"href":"https:\/\/roveyayinevi.com.tr\/index.php\/wp-json\/wp\/v2\/media?parent=728977"}],"wp:term":[{"taxonomy":"product_brand","embeddable":true,"href":"https:\/\/roveyayinevi.com.tr\/index.php\/wp-json\/wp\/v2\/product_brand?post=728977"},{"taxonomy":"product_cat","embeddable":true,"href":"https:\/\/roveyayinevi.com.tr\/index.php\/wp-json\/wp\/v2\/product_cat?post=728977"},{"taxonomy":"product_tag","embeddable":true,"href":"https:\/\/roveyayinevi.com.tr\/index.php\/wp-json\/wp\/v2\/product_tag?post=728977"}],"curies":[{"name":"wp","href":"https:\/\/api.w.org\/{rel}","templated":true}]}}