{"id":728976,"date":"2025-08-27T20:48:03","date_gmt":"2025-08-27T17:48:03","guid":{"rendered":"https:\/\/roveyayinevi.com.tr\/index.php\/urun\/oyuncak-ayilarin-piknigi\/"},"modified":"2026-04-16T02:36:42","modified_gmt":"2026-04-15T23:36:42","slug":"oyuncak-ayilarin-piknigi","status":"publish","type":"product","link":"https:\/\/roveyayinevi.com.tr\/index.php\/urun\/oyuncak-ayilarin-piknigi\/","title":{"rendered":"Oyuncak Ay\u0131lar\u0131n Pikni\u011fi"},"content":{"rendered":"<p>Oyuncak Ay\u0131lar\u0131n Pikni\u011fi Hayal g\u00f6zlerini kapad\u0131 ve uykuya dald\u0131. R\u00fcyas\u0131nda en sevdi\u011fi oyuncak ay\u0131s\u0131 Tonti\u015f\u2019in ormana gitti\u011fini g\u00f6rd\u00fc. Onu takip eden Hayal, oyuncak ay\u0131larla birlikte b\u00fcy\u00fcl\u00fc bir geceye ad\u0131m att\u0131. Bu s\u00fcrprizlerle dolu gecede Hayal,  Tonti\u015f ve di\u011fer oyuncak ay\u0131lara kat\u0131lmak ister misin? <\/p>\n","protected":false},"excerpt":{"rendered":"<p>Oyuncak Ay\u0131lar\u0131n Pikni\u011fi Hayal g\u00f6zlerini kapad\u0131 ve uykuya dald\u0131. R\u00fcyas\u0131nda en sevdi\u011fi oyuncak ay\u0131s\u0131 Tonti\u015f\u2019in ormana gitti\u011fini g\u00f6rd\u00fc. Onu takip eden Hayal, oyuncak ay\u0131larla birlikte b\u00fcy\u00fcl\u00fc<span class=\"excerpt-hellip\"> [\u2026]<\/span><\/p>\n","protected":false},"featured_media":0,"template":"","meta":{"_monsterinsights_skip_tracking":false,"_monsterinsights_sitenote_active":false,"_monsterinsights_sitenote_note":"","_monsterinsights_sitenote_category":0},"product_brand":[],"product_cat":[12274,12518],"product_tag":[],"class_list":{"0":"post-728976","1":"product","2":"type-product","3":"status-publish","5":"product_cat-cocuk-ve-genclik-kitaplari","6":"product_cat-okul-oncesi-kitaplar","7":"pa_cilt-ciltsiz","8":"pa_tur-kitap","9":"pa_yayinevi-is-bankasi-kultur-yayinlari","10":"pa_yazar-stephanie-moss","12":"first","13":"instock","14":"sale","15":"shipping-taxable","16":"purchasable","17":"product-type-simple"},"_links":{"self":[{"href":"https:\/\/roveyayinevi.com.tr\/index.php\/wp-json\/wp\/v2\/product\/728976","targetHints":{"allow":["GET"]}}],"collection":[{"href":"https:\/\/roveyayinevi.com.tr\/index.php\/wp-json\/wp\/v2\/product"}],"about":[{"href":"https:\/\/roveyayinevi.com.tr\/index.php\/wp-json\/wp\/v2\/types\/product"}],"wp:attachment":[{"href":"https:\/\/roveyayinevi.com.tr\/index.php\/wp-json\/wp\/v2\/media?parent=728976"}],"wp:term":[{"taxonomy":"product_brand","embeddable":true,"href":"https:\/\/roveyayinevi.com.tr\/index.php\/wp-json\/wp\/v2\/product_brand?post=728976"},{"taxonomy":"product_cat","embeddable":true,"href":"https:\/\/roveyayinevi.com.tr\/index.php\/wp-json\/wp\/v2\/product_cat?post=728976"},{"taxonomy":"product_tag","embeddable":true,"href":"https:\/\/roveyayinevi.com.tr\/index.php\/wp-json\/wp\/v2\/product_tag?post=728976"}],"curies":[{"name":"wp","href":"https:\/\/api.w.org\/{rel}","templated":true}]}}