{"id":728973,"date":"2025-08-27T20:48:00","date_gmt":"2025-08-27T17:48:00","guid":{"rendered":"https:\/\/roveyayinevi.com.tr\/index.php\/urun\/milli-mucadele-yillarinda-kirklareli\/"},"modified":"2026-04-16T02:36:42","modified_gmt":"2026-04-15T23:36:42","slug":"milli-mucadele-yillarinda-kirklareli","status":"publish","type":"product","link":"https:\/\/roveyayinevi.com.tr\/index.php\/urun\/milli-mucadele-yillarinda-kirklareli\/","title":{"rendered":"Milli M\u00fccadele Y\u0131llar\u0131nda K\u0131rklareli"},"content":{"rendered":"<p>Milli M\u00fccadele d\u00f6neminde, 25 Temmuz 1920-10 Kas\u0131m 1922 tarihleri aras\u0131nda Yunan i\u015fgali alt\u0131nda kalan K\u0131rklareli\u2019de halk\u0131n g\u00fcnl\u00fck ya\u015fant\u0131s\u0131, toplumsal yap\u0131s\u0131, sosyal ve k\u00fclt\u00fcrel hayat\u0131 ile ekonomik durumu bug\u00fcne kadar incelenmemi\u015f bir konudur. Trakya\u2019n\u0131n Yunanl\u0131lar taraf\u0131ndan i\u015fgalini \u00f6nlemek amac\u0131yla Edirne\u2019de kurulmu\u015f olan Trakya-Pa\u015faeli M\u00fcdafaa-i Hukuk Cemiyeti \u00fcyelerinin, i\u015fgallerin ba\u015flamas\u0131 \u00fczerine \u00e7al\u0131\u015fmalar\u0131na Bulgaristan\u2019da devam etme karar\u0131 K\u0131rklareli\u2019nin, siyasi ve co\u011frafi \u00f6nemini art\u0131rm\u0131\u015ft\u0131r.  20-25 Temmuz 1920 tarihleri aras\u0131nda be\u015f g\u00fcn gibi k\u0131sa bir s\u00fcrede Trakya\u2019n\u0131n Yunanl\u0131lar taraf\u0131ndan i\u015fgal edilmesi \u00fczerine K\u0131rklareli gerek cemiyet \u00fcyeleri gerek geri \u00e7ekilen kuvvetler i\u00e7in Bulgaristan\u2019a ge\u00e7i\u015f noktas\u0131 olmu\u015ftur. Bulgaristan\u2019da \u00e7al\u0131\u015fmalar\u0131na ba\u015flayan cemiyet \u00fcyelerinin ilk zamanlarda tek haberle\u015fme ara\u00e7lar\u0131 birbirlerine yazd\u0131klar\u0131 mektuplard\u0131r. <\/p>\n","protected":false},"excerpt":{"rendered":"<p>Milli M\u00fccadele d\u00f6neminde, 25 Temmuz 1920-10 Kas\u0131m 1922 tarihleri aras\u0131nda Yunan i\u015fgali alt\u0131nda kalan K\u0131rklareli\u2019de halk\u0131n g\u00fcnl\u00fck ya\u015fant\u0131s\u0131, toplumsal yap\u0131s\u0131, sosyal ve k\u00fclt\u00fcrel hayat\u0131 ile ekonomik<span class=\"excerpt-hellip\"> [\u2026]<\/span><\/p>\n","protected":false},"featured_media":0,"template":"","meta":{"_monsterinsights_skip_tracking":false,"_monsterinsights_sitenote_active":false,"_monsterinsights_sitenote_note":"","_monsterinsights_sitenote_category":0},"product_brand":[],"product_cat":[12370,12304],"product_tag":[],"class_list":{"0":"post-728973","1":"product","2":"type-product","3":"status-publish","5":"product_cat-arastirma-inceleme","6":"product_cat-tarih","7":"pa_cilt-ciltsiz","8":"pa_tur-kitap","9":"pa_yayinevi-is-bankasi-kultur-yayinlari","10":"pa_yazar-e-yasemin-yuceturk","11":"pa_yazar-rasit-gundogdu","12":"pa_yazar-v-turkan-dogruoz","14":"first","15":"instock","16":"sale","17":"shipping-taxable","18":"purchasable","19":"product-type-simple"},"_links":{"self":[{"href":"https:\/\/roveyayinevi.com.tr\/index.php\/wp-json\/wp\/v2\/product\/728973","targetHints":{"allow":["GET"]}}],"collection":[{"href":"https:\/\/roveyayinevi.com.tr\/index.php\/wp-json\/wp\/v2\/product"}],"about":[{"href":"https:\/\/roveyayinevi.com.tr\/index.php\/wp-json\/wp\/v2\/types\/product"}],"wp:attachment":[{"href":"https:\/\/roveyayinevi.com.tr\/index.php\/wp-json\/wp\/v2\/media?parent=728973"}],"wp:term":[{"taxonomy":"product_brand","embeddable":true,"href":"https:\/\/roveyayinevi.com.tr\/index.php\/wp-json\/wp\/v2\/product_brand?post=728973"},{"taxonomy":"product_cat","embeddable":true,"href":"https:\/\/roveyayinevi.com.tr\/index.php\/wp-json\/wp\/v2\/product_cat?post=728973"},{"taxonomy":"product_tag","embeddable":true,"href":"https:\/\/roveyayinevi.com.tr\/index.php\/wp-json\/wp\/v2\/product_tag?post=728973"}],"curies":[{"name":"wp","href":"https:\/\/api.w.org\/{rel}","templated":true}]}}