{"id":728970,"date":"2025-08-27T20:47:57","date_gmt":"2025-08-27T17:47:57","guid":{"rendered":"https:\/\/roveyayinevi.com.tr\/index.php\/urun\/iyi-geceler-minikler\/"},"modified":"2026-04-16T02:36:42","modified_gmt":"2026-04-15T23:36:42","slug":"iyi-geceler-minikler","status":"publish","type":"product","link":"https:\/\/roveyayinevi.com.tr\/index.php\/urun\/iyi-geceler-minikler\/","title":{"rendered":"\u0130yi Geceler Minikler"},"content":{"rendered":"<p>Uyku vakti geldi mi? O zaman yata\u011f\u0131na g\u00fczelce yerle\u015f ve birbirinden tatl\u0131 hik\u00e2yeleri dinlemeye haz\u0131rlan!  Birbiriyle yar\u0131\u015fmay\u0131 \u00e7ok seven Mili ve Monki,  karars\u0131z koala Ponpon, becerikli timsah Tomi  ve di\u011fer minik kahramanlar seni bekliyor. \u015eirin mi \u015firin \u00e7izimlerin e\u015flik etti\u011fi birbirinden sevimli 11 \u00f6yk\u00fcy\u00fc bar\u0131nd\u0131ran \u0130yi Geceler Minikler,  uyku \u00f6ncesinde okunmas\u0131 i\u00e7in \u00e7ocuklarla bulu\u015fuyor. <\/p>\n","protected":false},"excerpt":{"rendered":"<p>Uyku vakti geldi mi? O zaman yata\u011f\u0131na g\u00fczelce yerle\u015f ve birbirinden tatl\u0131 hik\u00e2yeleri dinlemeye haz\u0131rlan! Birbiriyle yar\u0131\u015fmay\u0131 \u00e7ok seven Mili ve Monki, karars\u0131z koala Ponpon, becerikli<span class=\"excerpt-hellip\"> [\u2026]<\/span><\/p>\n","protected":false},"featured_media":0,"template":"","meta":{"_monsterinsights_skip_tracking":false,"_monsterinsights_sitenote_active":false,"_monsterinsights_sitenote_note":"","_monsterinsights_sitenote_category":0},"product_brand":[],"product_cat":[12274,12518],"product_tag":[],"class_list":{"0":"post-728970","1":"product","2":"type-product","3":"status-publish","5":"product_cat-cocuk-ve-genclik-kitaplari","6":"product_cat-okul-oncesi-kitaplar","7":"pa_cilt-ciltsiz","8":"pa_tur-kitap","9":"pa_yayinevi-is-bankasi-kultur-yayinlari","10":"pa_yazar-stephanie-moss","12":"first","13":"instock","14":"sale","15":"shipping-taxable","16":"purchasable","17":"product-type-simple"},"_links":{"self":[{"href":"https:\/\/roveyayinevi.com.tr\/index.php\/wp-json\/wp\/v2\/product\/728970","targetHints":{"allow":["GET"]}}],"collection":[{"href":"https:\/\/roveyayinevi.com.tr\/index.php\/wp-json\/wp\/v2\/product"}],"about":[{"href":"https:\/\/roveyayinevi.com.tr\/index.php\/wp-json\/wp\/v2\/types\/product"}],"wp:attachment":[{"href":"https:\/\/roveyayinevi.com.tr\/index.php\/wp-json\/wp\/v2\/media?parent=728970"}],"wp:term":[{"taxonomy":"product_brand","embeddable":true,"href":"https:\/\/roveyayinevi.com.tr\/index.php\/wp-json\/wp\/v2\/product_brand?post=728970"},{"taxonomy":"product_cat","embeddable":true,"href":"https:\/\/roveyayinevi.com.tr\/index.php\/wp-json\/wp\/v2\/product_cat?post=728970"},{"taxonomy":"product_tag","embeddable":true,"href":"https:\/\/roveyayinevi.com.tr\/index.php\/wp-json\/wp\/v2\/product_tag?post=728970"}],"curies":[{"name":"wp","href":"https:\/\/api.w.org\/{rel}","templated":true}]}}