{"id":728967,"date":"2025-08-27T20:47:55","date_gmt":"2025-08-27T17:47:55","guid":{"rendered":"https:\/\/roveyayinevi.com.tr\/index.php\/urun\/dunyanin-en-unlu-denkleminin-biyografisi-emc2\/"},"modified":"2026-04-16T02:36:42","modified_gmt":"2026-04-15T23:36:42","slug":"dunyanin-en-unlu-denkleminin-biyografisi-emc2","status":"publish","type":"product","link":"https:\/\/roveyayinevi.com.tr\/index.php\/urun\/dunyanin-en-unlu-denkleminin-biyografisi-emc2\/","title":{"rendered":"D\u00fcnyan\u0131n En \u00dcnl\u00fc Denkleminin Biyografisi: E=mc2"},"content":{"rendered":"<p>1905&#8217;te Albert Einstein, el \u00fcst\u00fcnde tutulan bir\u00e7ok bilimsel inanc\u0131 parampar\u00e7a eden be\u015f tarih\u00ee makale yay\u0131mlad\u0131. Bu makalelerden birinde \u00f6zel g\u00f6relilik teorisini ve efsanevi denklemi E = mc2&#8217;yi tan\u0131tt\u0131. Nesiller, \u00e7\u0131\u011f\u0131r a\u00e7an bu denklemin d\u00fcnyam\u0131z\u0131 de\u011fi\u015ftirdi\u011fini bilerek b\u00fcy\u00fcd\u00fcler, ancak ger\u00e7ekte ne anlama geldi\u011fini ve neden bu kadar \u00f6nemli oldu\u011funu anlamadan.Bu hayran b\u0131rakan b\u00fcy\u00fcleyici biyografide David Bodanis, tarihteki en b\u00fcy\u00fck bilimsel ke\u015fiflerden birinin hik\u00e2yesini anlat\u0131yor. &#8216;E&#8217;, &#8216;m&#8217; ve &#8216;c&#8217; \u00f6gelerini inceliyor, d\u00f6n\u00fcm noktas\u0131 bulu\u015flar\u0131yla Einstein&#8217;\u0131n yolunu a\u00e7an bilim adamlar\u0131n\u0131 onurland\u0131r\u0131yor. Denklemin yirminci y\u00fczy\u0131l boyunca g\u00f6sterdi\u011fi geli\u015fimleri anlatarak, izledi\u011fi yolu \u00e7izerek ve uygulamalar\u0131yla ya\u015famlar\u0131m\u0131zda nas\u0131l devrim yaratt\u0131\u011f\u0131n\u0131 g\u00f6stererek ileriye, \u00e7ok daha uzak bir gelece\u011fe pencere a\u00e7\u0131yor. Ancak her biyografide oldu\u011fu gibi, konuyu ger\u00e7ekten ate\u015fleyen ve Einstein&#8217;\u0131n a\u015f\u0131lmaz g\u00f6r\u00fcnen teorisini dramatik ve eri\u015filebilir bir insan ba\u015far\u0131s\u0131na d\u00f6n\u00fc\u015ft\u00fcren, Bodanis&#8217;in bu ola\u011fan\u00fcst\u00fc kitapta bir araya getirdi\u011fi insan hik\u00e2yeleridir: a\u015fk, cesaret ve trajedi hik\u00e2yeleri.   \u201cBodanis, \u00e7ok say\u0131da renkli anekdotla, h\u0131zl\u0131 ve e\u011flenceli bir \u015fekilde ilerleyerek E = mc2&#8217;nin entelekt\u00fcel atalar\u0131n\u0131n izini maharetle s\u00fcr\u00fcyor\u2026\u201d THE TIMES<\/p>\n","protected":false},"excerpt":{"rendered":"<p>1905&#8217;te Albert Einstein, el \u00fcst\u00fcnde tutulan bir\u00e7ok bilimsel inanc\u0131 parampar\u00e7a eden be\u015f tarih\u00ee makale yay\u0131mlad\u0131. Bu makalelerden birinde \u00f6zel g\u00f6relilik teorisini ve efsanevi denklemi E =<span class=\"excerpt-hellip\"> [\u2026]<\/span><\/p>\n","protected":false},"featured_media":0,"template":"","meta":{"_monsterinsights_skip_tracking":false,"_monsterinsights_sitenote_active":false,"_monsterinsights_sitenote_note":"","_monsterinsights_sitenote_category":0},"product_brand":[],"product_cat":[13005,13006],"product_tag":[],"class_list":{"0":"post-728967","1":"product","2":"type-product","3":"status-publish","5":"product_cat-bilim-muhendislik","6":"product_cat-populer-bilim","7":"pa_cilt-ciltsiz","8":"pa_tur-kitap","9":"pa_yayinevi-profil-kitap","10":"pa_yazar-david-bodanis","12":"first","13":"instock","14":"sale","15":"shipping-taxable","16":"purchasable","17":"product-type-simple"},"_links":{"self":[{"href":"https:\/\/roveyayinevi.com.tr\/index.php\/wp-json\/wp\/v2\/product\/728967","targetHints":{"allow":["GET"]}}],"collection":[{"href":"https:\/\/roveyayinevi.com.tr\/index.php\/wp-json\/wp\/v2\/product"}],"about":[{"href":"https:\/\/roveyayinevi.com.tr\/index.php\/wp-json\/wp\/v2\/types\/product"}],"wp:attachment":[{"href":"https:\/\/roveyayinevi.com.tr\/index.php\/wp-json\/wp\/v2\/media?parent=728967"}],"wp:term":[{"taxonomy":"product_brand","embeddable":true,"href":"https:\/\/roveyayinevi.com.tr\/index.php\/wp-json\/wp\/v2\/product_brand?post=728967"},{"taxonomy":"product_cat","embeddable":true,"href":"https:\/\/roveyayinevi.com.tr\/index.php\/wp-json\/wp\/v2\/product_cat?post=728967"},{"taxonomy":"product_tag","embeddable":true,"href":"https:\/\/roveyayinevi.com.tr\/index.php\/wp-json\/wp\/v2\/product_tag?post=728967"}],"curies":[{"name":"wp","href":"https:\/\/api.w.org\/{rel}","templated":true}]}}