{"id":728964,"date":"2025-08-27T20:47:51","date_gmt":"2025-08-27T17:47:51","guid":{"rendered":"https:\/\/roveyayinevi.com.tr\/index.php\/urun\/george-ve-mavi-ay\/"},"modified":"2025-10-30T13:24:15","modified_gmt":"2025-10-30T10:24:15","slug":"george-ve-mavi-ay","status":"publish","type":"product","link":"https:\/\/roveyayinevi.com.tr\/index.php\/urun\/george-ve-mavi-ay\/","title":{"rendered":"George Ve Mavi Ay"},"content":{"rendered":"<p>George ve en yak\u0131n arkada\u015f\u0131 Annie\u2019nin en b\u00fcy\u00fck hayalleri ger\u00e7ekle\u015fti! Birlikte bir astronot yeti\u015ftirme program\u0131na kabul edildiler. Burada hem Mars\u2019a yolculuk i\u00e7in gereken e\u011fitimleri alacak hem de uzaya merakl\u0131 ya\u015f\u0131tlar\u0131yla arkada\u015f olabilecekler. Ancak uzay kamp\u0131nda bir \u015feylerin yolunda gitmedi\u011fi belli; gizli kapakl\u0131 y\u00fcr\u00fct\u00fclen uzay g\u00f6revleri, tehlikeli antrenmanlar&#8230; \u0130ki arkada\u015f kendilerini bir anda gizemli bir maceran\u0131n i\u00e7inde bulacaklar. Soluk solu\u011fa okuyaca\u011f\u0131n\u0131z bu ser\u00fcven, Mars\u2019ta ya\u015famla ilgili bilgilerin yan\u0131 s\u0131ra sayg\u0131n profes\u00f6rlerin Evren\u2019le ilgili son teorilerini de i\u00e7eriyor! <\/p>\n","protected":false},"excerpt":{"rendered":"<p>George ve en yak\u0131n arkada\u015f\u0131 Annie\u2019nin en b\u00fcy\u00fck hayalleri ger\u00e7ekle\u015fti! Birlikte bir astronot yeti\u015ftirme program\u0131na kabul edildiler. Burada hem Mars\u2019a yolculuk i\u00e7in gereken e\u011fitimleri alacak hem<span class=\"excerpt-hellip\"> [\u2026]<\/span><\/p>\n","protected":false},"featured_media":0,"template":"","meta":{"_monsterinsights_skip_tracking":false,"_monsterinsights_sitenote_active":false,"_monsterinsights_sitenote_note":"","_monsterinsights_sitenote_category":0},"product_brand":[],"product_cat":[12274,12284],"product_tag":[],"class_list":{"0":"post-728964","1":"product","2":"type-product","3":"status-publish","5":"product_cat-cocuk-ve-genclik-kitaplari","6":"product_cat-hikayeler","7":"pa_cilt-ciltsiz","8":"pa_tur-kitap","9":"pa_yayinevi-dogan-egmont-yayincilik","10":"pa_yazar-lucy-stephen-hawking","12":"first","13":"instock","14":"sale","15":"shipping-taxable","16":"purchasable","17":"product-type-simple"},"_links":{"self":[{"href":"https:\/\/roveyayinevi.com.tr\/index.php\/wp-json\/wp\/v2\/product\/728964","targetHints":{"allow":["GET"]}}],"collection":[{"href":"https:\/\/roveyayinevi.com.tr\/index.php\/wp-json\/wp\/v2\/product"}],"about":[{"href":"https:\/\/roveyayinevi.com.tr\/index.php\/wp-json\/wp\/v2\/types\/product"}],"wp:attachment":[{"href":"https:\/\/roveyayinevi.com.tr\/index.php\/wp-json\/wp\/v2\/media?parent=728964"}],"wp:term":[{"taxonomy":"product_brand","embeddable":true,"href":"https:\/\/roveyayinevi.com.tr\/index.php\/wp-json\/wp\/v2\/product_brand?post=728964"},{"taxonomy":"product_cat","embeddable":true,"href":"https:\/\/roveyayinevi.com.tr\/index.php\/wp-json\/wp\/v2\/product_cat?post=728964"},{"taxonomy":"product_tag","embeddable":true,"href":"https:\/\/roveyayinevi.com.tr\/index.php\/wp-json\/wp\/v2\/product_tag?post=728964"}],"curies":[{"name":"wp","href":"https:\/\/api.w.org\/{rel}","templated":true}]}}