{"id":728962,"date":"2025-08-27T20:47:49","date_gmt":"2025-08-27T17:47:49","guid":{"rendered":"https:\/\/roveyayinevi.com.tr\/index.php\/urun\/tavan-arasi-sirlari\/"},"modified":"2026-04-16T02:36:42","modified_gmt":"2026-04-15T23:36:42","slug":"tavan-arasi-sirlari","status":"publish","type":"product","link":"https:\/\/roveyayinevi.com.tr\/index.php\/urun\/tavan-arasi-sirlari\/","title":{"rendered":"Tavan Aras\u0131 S\u0131rlar\u0131"},"content":{"rendered":"<p>\u00d6n\u00fcnden gelip ge\u00e7enlerin Perili K\u00f6\u015fk ad\u0131n\u0131 takt\u0131\u011f\u0131 eski bir evde ya\u015fayan Yi\u011fit mutsuzdur. Bu evde ya\u015fad\u0131\u011f\u0131 bilinmesin diye tek ki\u015filik bir saklamba\u00e7 oyununun i\u00e7ine hapsolan kahraman\u0131m\u0131z\u0131n en b\u00fcy\u00fck dile\u011fi eski evden kurtulmakt\u0131r. Bazen dileklerimiz hi\u00e7 beklemedi\u011fimiz bir anda ger\u00e7ekle\u015fiverir, tam da hayallerimizi s\u00fcsleyen dileklerimizden vazge\u00e7ti\u011fimiz s\u0131rada\u2026 Y\u0131llarca hayalini kurdu\u011fu masum dile\u011finin ger\u00e7ekle\u015fmek \u00fczere oldu\u011funu anlayan Yi\u011fit b\u00fcy\u00fck bir pi\u015fmanl\u0131k i\u00e7indedir.Umutlara ve arkada\u015fl\u0131\u011fa dair, kalpleri \u0131s\u0131tan s\u00fcr\u00fckleyici bir macerasizleri bekliyor. Tavan aras\u0131 s\u0131rlar\u0131n\u0131 \u00e7\u00f6zmeye haz\u0131r m\u0131s\u0131n\u0131z?<\/p>\n","protected":false},"excerpt":{"rendered":"<p>\u00d6n\u00fcnden gelip ge\u00e7enlerin Perili K\u00f6\u015fk ad\u0131n\u0131 takt\u0131\u011f\u0131 eski bir evde ya\u015fayan Yi\u011fit mutsuzdur. Bu evde ya\u015fad\u0131\u011f\u0131 bilinmesin diye tek ki\u015filik bir saklamba\u00e7 oyununun i\u00e7ine hapsolan kahraman\u0131m\u0131z\u0131n<span class=\"excerpt-hellip\"> [\u2026]<\/span><\/p>\n","protected":false},"featured_media":0,"template":"","meta":{"_monsterinsights_skip_tracking":false,"_monsterinsights_sitenote_active":false,"_monsterinsights_sitenote_note":"","_monsterinsights_sitenote_category":0},"product_brand":[],"product_cat":[12275,12274],"product_tag":[],"class_list":{"0":"post-728962","1":"product","2":"type-product","3":"status-publish","5":"product_cat-6-12-yas-kitaplari","6":"product_cat-cocuk-ve-genclik-kitaplari","7":"pa_cilt-ciltsiz","8":"pa_tur-kitap","9":"pa_yayinevi-altin-kitaplar-ozel-urun","10":"pa_yazar-nehir-yarar","12":"first","13":"instock","14":"sale","15":"shipping-taxable","16":"purchasable","17":"product-type-simple"},"_links":{"self":[{"href":"https:\/\/roveyayinevi.com.tr\/index.php\/wp-json\/wp\/v2\/product\/728962","targetHints":{"allow":["GET"]}}],"collection":[{"href":"https:\/\/roveyayinevi.com.tr\/index.php\/wp-json\/wp\/v2\/product"}],"about":[{"href":"https:\/\/roveyayinevi.com.tr\/index.php\/wp-json\/wp\/v2\/types\/product"}],"wp:attachment":[{"href":"https:\/\/roveyayinevi.com.tr\/index.php\/wp-json\/wp\/v2\/media?parent=728962"}],"wp:term":[{"taxonomy":"product_brand","embeddable":true,"href":"https:\/\/roveyayinevi.com.tr\/index.php\/wp-json\/wp\/v2\/product_brand?post=728962"},{"taxonomy":"product_cat","embeddable":true,"href":"https:\/\/roveyayinevi.com.tr\/index.php\/wp-json\/wp\/v2\/product_cat?post=728962"},{"taxonomy":"product_tag","embeddable":true,"href":"https:\/\/roveyayinevi.com.tr\/index.php\/wp-json\/wp\/v2\/product_tag?post=728962"}],"curies":[{"name":"wp","href":"https:\/\/api.w.org\/{rel}","templated":true}]}}