{"id":728961,"date":"2025-08-27T20:47:48","date_gmt":"2025-08-27T17:47:48","guid":{"rendered":"https:\/\/roveyayinevi.com.tr\/index.php\/urun\/sehri-yesile-boyayan-cocuk\/"},"modified":"2026-04-16T02:36:42","modified_gmt":"2026-04-15T23:36:42","slug":"sehri-yesile-boyayan-cocuk","status":"publish","type":"product","link":"https:\/\/roveyayinevi.com.tr\/index.php\/urun\/sehri-yesile-boyayan-cocuk\/","title":{"rendered":"\u015eehri Ye\u015file Boyayan \u00c7ocuk"},"content":{"rendered":"<p>BU \u015eEHRE B\u0130RAZ YE\u015e\u0130L GEREK! Neden her yer bu kadar gri? Binalar neden masallardaki koca devler gibi \u00fcst\u00fcne \u00fcst\u00fcne geliyor insan\u0131n? R\u00fcyas\u0131nda g\u00f6rd\u00fc\u011f\u00fc Bulut Nimbus\u2019la yapt\u0131\u011f\u0131 sohbetin ard\u0131ndan Yank\u0131\u2019n\u0131n akl\u0131n\u0131 bu sorular kurcal\u0131yordu. B\u00f6yle giderse gelecekte d\u00fcnyan\u0131n hali nas\u0131l olacakt\u0131? Hemen bir \u015feyler yapmal\u0131, \u015fehri bu gri devlerden kurtarmal\u0131yd\u0131. A\u011fa\u00e7lar yok olduk\u00e7a iklimler de\u011fi\u015fiyor, iklimler de\u011fi\u015ftik\u00e7e d\u00fcnya d\u00f6n\u00fc\u015f\u00fc olmayan bir felakete s\u00fcr\u00fckleniyordu. Art\u0131k en yak\u0131n arkada\u015f\u0131 Sayra\u2019yla hem \u0130stanbul hem de d\u00fcnya i\u00e7in bir \u015feyler yapma zaman\u0131yd\u0131. Yank\u0131 \u015fehri ye\u015file boyamal\u0131yd\u0131. YEMYE\u015e\u0130L B\u0130R MACERA ONU BEKL\u0130YORDU! <\/p>\n","protected":false},"excerpt":{"rendered":"<p>BU \u015eEHRE B\u0130RAZ YE\u015e\u0130L GEREK! Neden her yer bu kadar gri? Binalar neden masallardaki koca devler gibi \u00fcst\u00fcne \u00fcst\u00fcne geliyor insan\u0131n? R\u00fcyas\u0131nda g\u00f6rd\u00fc\u011f\u00fc Bulut Nimbus\u2019la yapt\u0131\u011f\u0131<span class=\"excerpt-hellip\"> [\u2026]<\/span><\/p>\n","protected":false},"featured_media":0,"template":"","meta":{"_monsterinsights_skip_tracking":false,"_monsterinsights_sitenote_active":false,"_monsterinsights_sitenote_note":"","_monsterinsights_sitenote_category":0},"product_brand":[],"product_cat":[12275,12274],"product_tag":[],"class_list":{"0":"post-728961","1":"product","2":"type-product","3":"status-publish","5":"product_cat-6-12-yas-kitaplari","6":"product_cat-cocuk-ve-genclik-kitaplari","7":"pa_cilt-ciltsiz","8":"pa_tur-kitap","9":"pa_yayinevi-dogan-egmont-yayincilik","10":"pa_yazar-servet-yanardag","12":"first","13":"instock","14":"sale","15":"shipping-taxable","16":"purchasable","17":"product-type-simple"},"_links":{"self":[{"href":"https:\/\/roveyayinevi.com.tr\/index.php\/wp-json\/wp\/v2\/product\/728961","targetHints":{"allow":["GET"]}}],"collection":[{"href":"https:\/\/roveyayinevi.com.tr\/index.php\/wp-json\/wp\/v2\/product"}],"about":[{"href":"https:\/\/roveyayinevi.com.tr\/index.php\/wp-json\/wp\/v2\/types\/product"}],"wp:attachment":[{"href":"https:\/\/roveyayinevi.com.tr\/index.php\/wp-json\/wp\/v2\/media?parent=728961"}],"wp:term":[{"taxonomy":"product_brand","embeddable":true,"href":"https:\/\/roveyayinevi.com.tr\/index.php\/wp-json\/wp\/v2\/product_brand?post=728961"},{"taxonomy":"product_cat","embeddable":true,"href":"https:\/\/roveyayinevi.com.tr\/index.php\/wp-json\/wp\/v2\/product_cat?post=728961"},{"taxonomy":"product_tag","embeddable":true,"href":"https:\/\/roveyayinevi.com.tr\/index.php\/wp-json\/wp\/v2\/product_tag?post=728961"}],"curies":[{"name":"wp","href":"https:\/\/api.w.org\/{rel}","templated":true}]}}