{"id":728960,"date":"2025-08-27T20:47:47","date_gmt":"2025-08-27T17:47:47","guid":{"rendered":"https:\/\/roveyayinevi.com.tr\/index.php\/urun\/korelten-hancer\/"},"modified":"2026-04-16T02:36:42","modified_gmt":"2026-04-15T23:36:42","slug":"korelten-hancer","status":"publish","type":"product","link":"https:\/\/roveyayinevi.com.tr\/index.php\/urun\/korelten-hancer\/","title":{"rendered":"K\u00f6relten Han\u00e7er"},"content":{"rendered":"<p>Her g\u00f6lge bir s\u0131r saklar\u2026   David Gemmell Legend En \u0130yi Fantastik Roman \u00d6d\u00fcl\u00fc\u201cI\u015f\u0131kyaratan serisi sonu gelmez bir e\u011flence sunuyor. Hi\u00e7 kimse Brent Weeks\u2019in yapt\u0131\u011f\u0131 gibi son s\u00fcrat giden, \u00e7ok iyi kurgulanm\u0131\u015f ters k\u00f6\u015feler yazmay\u0131 beceremez.\u201d \u2013Brian McClellan   \u201cBrent Weeks\u2019in bu kadar iyi olmas\u0131 can\u0131m\u0131 s\u0131k\u0131yor.\u201d \u2013Peter V. Brett   Gavin Guile \u00f6l\u00fcyordu.   \u00d6n\u00fcnde ya\u015fayabilece\u011fi daha be\u015f y\u0131l\u0131 olmas\u0131 gerekirdi ama bir y\u0131ldan az \u00f6mr\u00fc kalm\u0131\u015ft\u0131. Elli bin s\u0131\u011f\u0131nmac\u0131, gayrime\u015fru o\u011flu ve en b\u00fcy\u00fck s\u0131rr\u0131n\u0131 \u00f6\u011frenmi\u015f eski ni\u015fanl\u0131s\u0131yla, ne tarafa d\u00f6nse sorunlarla bo\u011fu\u015fuyordu. Ama daha \u00f6nemlisi, renklerin sihri kontrolden \u00e7\u0131km\u0131\u015f, Yedi Satrapl\u0131k\u2019\u0131n y\u0131k\u0131m\u0131na neden olacakt\u0131.   Ne yaz\u0131k ki sorunlar bunlarla bitmiyordu. En fenas\u0131 da, eski tanr\u0131lar yeniden do\u011fuyordu ve renk garabetleri ordusu giderek g\u00fc\u00e7leniyordu. Gavin\u2019in tek kurtulu\u015fu, on alt\u0131 y\u0131l \u00f6nce \u00f6zg\u00fcrl\u00fc\u011f\u00fcn\u00fc ve hayat\u0131n\u0131 \u00e7ald\u0131\u011f\u0131 abisi olabilirdi sadece. <\/p>\n","protected":false},"excerpt":{"rendered":"<p>Her g\u00f6lge bir s\u0131r saklar\u2026 David Gemmell Legend En \u0130yi Fantastik Roman \u00d6d\u00fcl\u00fc\u201cI\u015f\u0131kyaratan serisi sonu gelmez bir e\u011flence sunuyor. Hi\u00e7 kimse Brent Weeks\u2019in yapt\u0131\u011f\u0131 gibi son<span class=\"excerpt-hellip\"> [\u2026]<\/span><\/p>\n","protected":false},"featured_media":0,"template":"","meta":{"_monsterinsights_skip_tracking":false,"_monsterinsights_sitenote_active":false,"_monsterinsights_sitenote_note":"","_monsterinsights_sitenote_category":0},"product_brand":[],"product_cat":[12291,14777],"product_tag":[],"class_list":{"0":"post-728960","1":"product","2":"type-product","3":"status-publish","5":"product_cat-edebiyat","6":"product_cat-fantastik","7":"pa_cilt-ciltsiz","8":"pa_tur-kitap","9":"pa_yayinevi-ithaki-yayinlari","10":"pa_yazar-brent-weeks","12":"first","13":"instock","14":"sale","15":"shipping-taxable","16":"purchasable","17":"product-type-simple"},"_links":{"self":[{"href":"https:\/\/roveyayinevi.com.tr\/index.php\/wp-json\/wp\/v2\/product\/728960","targetHints":{"allow":["GET"]}}],"collection":[{"href":"https:\/\/roveyayinevi.com.tr\/index.php\/wp-json\/wp\/v2\/product"}],"about":[{"href":"https:\/\/roveyayinevi.com.tr\/index.php\/wp-json\/wp\/v2\/types\/product"}],"wp:attachment":[{"href":"https:\/\/roveyayinevi.com.tr\/index.php\/wp-json\/wp\/v2\/media?parent=728960"}],"wp:term":[{"taxonomy":"product_brand","embeddable":true,"href":"https:\/\/roveyayinevi.com.tr\/index.php\/wp-json\/wp\/v2\/product_brand?post=728960"},{"taxonomy":"product_cat","embeddable":true,"href":"https:\/\/roveyayinevi.com.tr\/index.php\/wp-json\/wp\/v2\/product_cat?post=728960"},{"taxonomy":"product_tag","embeddable":true,"href":"https:\/\/roveyayinevi.com.tr\/index.php\/wp-json\/wp\/v2\/product_tag?post=728960"}],"curies":[{"name":"wp","href":"https:\/\/api.w.org\/{rel}","templated":true}]}}