{"id":728959,"date":"2025-08-27T20:47:46","date_gmt":"2025-08-27T17:47:46","guid":{"rendered":"https:\/\/roveyayinevi.com.tr\/index.php\/urun\/balinanin-karninda\/"},"modified":"2026-04-07T02:45:24","modified_gmt":"2026-04-06T23:45:24","slug":"balinanin-karninda","status":"publish","type":"product","link":"https:\/\/roveyayinevi.com.tr\/index.php\/urun\/balinanin-karninda\/","title":{"rendered":"Balinan\u0131n Karn\u0131nda"},"content":{"rendered":"<p>George Orwell \u00fczerine \u00e7al\u0131\u015fmalar\u0131yla da bilinen Peter Davison\u2019a g\u00f6re yazar\u0131n denemelerini bu kadar ba\u015far\u0131l\u0131 yapan nitelikler, onun alt s\u0131n\u0131flara ilgisi, ba\u011f\u0131ms\u0131z sosyalizm yorumu, edebi ve sosyal ele\u015ftirmenli\u011fi, emperyalizm kar\u015f\u0131tl\u0131\u011f\u0131 ve pop\u00fcler k\u00fclt\u00fcre olan alakas\u0131yd\u0131. Orwell\u2019in Balinan\u0131n Karn\u0131nda\u2019daki denemelerini okuyunca bu yorumun ne kadar do\u011fru oldu\u011funu bir kere daha anl\u0131yoruz.   Orwell\u2019in bu kitapta derlenen denemelerinde yazar\u0131n sanat ve propagandaya dair fikirlerini, \u0130spanya \u0130\u00e7 Sava\u015f\u0131\u2019ndaki deneyimlerini ve \u0130ngiltere\u2019deki antisemitizmi \u00f6\u011freniyor, ayn\u0131 zamanda Henry Miller, Shakespeare ve Tolstoy gibi yazarlara dair yorumlar\u0131n\u0131 da okuyoruz. Balinan\u0131n Karn\u0131nda, ilgileri geni\u015f bir yelpazeye yay\u0131lan bir yazarla ufuk a\u00e7\u0131c\u0131 bir yolculuk.   \u201cGeorge Orwell\u2019in iki sava\u015f aras\u0131ndaki sosyal isyan\u0131n tek d\u00e2hi edebiyat\u00e7\u0131s\u0131 oldu\u011funu kabullenmenin vakti geldi art\u0131k.\u201d \u2013Arthur Koestler   \u201cOrwell\u2019in deneme sanat\u0131na tekrar can verdi\u011fini rahatl\u0131kla s\u00f6yleyebiliriz.\u201d \u2013Peter Davison <\/p>\n","protected":false},"excerpt":{"rendered":"<p>George Orwell \u00fczerine \u00e7al\u0131\u015fmalar\u0131yla da bilinen Peter Davison\u2019a g\u00f6re yazar\u0131n denemelerini bu kadar ba\u015far\u0131l\u0131 yapan nitelikler, onun alt s\u0131n\u0131flara ilgisi, ba\u011f\u0131ms\u0131z sosyalizm yorumu, edebi ve sosyal<span class=\"excerpt-hellip\"> [\u2026]<\/span><\/p>\n","protected":false},"featured_media":0,"template":"","meta":{"_monsterinsights_skip_tracking":false,"_monsterinsights_sitenote_active":false,"_monsterinsights_sitenote_note":"","_monsterinsights_sitenote_category":0},"product_brand":[],"product_cat":[12777,12291],"product_tag":[],"class_list":{"0":"post-728959","1":"product","2":"type-product","3":"status-publish","5":"product_cat-deneme","6":"product_cat-edebiyat","7":"pa_cilt-ciltsiz","8":"pa_tur-kitap","9":"pa_yayinevi-ithaki-yayinlari","10":"pa_yazar-george-orwell","12":"first","13":"instock","14":"sale","15":"shipping-taxable","16":"purchasable","17":"product-type-simple"},"_links":{"self":[{"href":"https:\/\/roveyayinevi.com.tr\/index.php\/wp-json\/wp\/v2\/product\/728959","targetHints":{"allow":["GET"]}}],"collection":[{"href":"https:\/\/roveyayinevi.com.tr\/index.php\/wp-json\/wp\/v2\/product"}],"about":[{"href":"https:\/\/roveyayinevi.com.tr\/index.php\/wp-json\/wp\/v2\/types\/product"}],"wp:attachment":[{"href":"https:\/\/roveyayinevi.com.tr\/index.php\/wp-json\/wp\/v2\/media?parent=728959"}],"wp:term":[{"taxonomy":"product_brand","embeddable":true,"href":"https:\/\/roveyayinevi.com.tr\/index.php\/wp-json\/wp\/v2\/product_brand?post=728959"},{"taxonomy":"product_cat","embeddable":true,"href":"https:\/\/roveyayinevi.com.tr\/index.php\/wp-json\/wp\/v2\/product_cat?post=728959"},{"taxonomy":"product_tag","embeddable":true,"href":"https:\/\/roveyayinevi.com.tr\/index.php\/wp-json\/wp\/v2\/product_tag?post=728959"}],"curies":[{"name":"wp","href":"https:\/\/api.w.org\/{rel}","templated":true}]}}