{"id":728958,"date":"2025-08-27T20:47:45","date_gmt":"2025-08-27T17:47:45","guid":{"rendered":"https:\/\/roveyayinevi.com.tr\/index.php\/urun\/dunya-savasi-z\/"},"modified":"2026-04-16T02:36:42","modified_gmt":"2026-04-15T23:36:42","slug":"dunya-savasi-z","status":"publish","type":"product","link":"https:\/\/roveyayinevi.com.tr\/index.php\/urun\/dunya-savasi-z\/","title":{"rendered":"D\u00fcnya Sava\u015f\u0131 Z"},"content":{"rendered":"<p>\u201cOkunmas\u0131 gereken bir kitap. Brooks, \u00f6ylesine detayl\u0131 ve \u00f6zg\u00fcn yaz\u0131yor ki bizim bilmedi\u011fimiz bir \u015fey bildi\u011finden \u015f\u00fcphelenmemek elde de\u011fil.\u201d \u2013Simon Pegg   Max Brooks, yak\u0131n d\u00f6nem korku-gerilim edebiyat\u0131n\u0131n \u00f6ne \u00e7\u0131kan yazarlar\u0131ndan. 2013\u2019te beyaz perdeye uyarlanan ve b\u00fcy\u00fck ilgi g\u00f6ren D\u00fcnya Sava\u015f\u0131 Z de &#8220;zombi k\u0131yameti&#8221; tahayy\u00fcl\u00fcn\u00fcn \u00e7a\u011f\u0131m\u0131zdaki zirve noktas\u0131.   \u00c7in\u2019de ortaya \u00e7\u0131karak yava\u015f yava\u015f t\u00fcm d\u00fcnyaya yay\u0131lan bir vir\u00fcs, B\u00fcy\u00fck Panik d\u00f6neminde insanlar\u0131 ya\u015fayan \u00f6l\u00fclere \u00e7evirmi\u015fti. Sokaklar, korunakl\u0131 binalar, kararg\u00e2hlar&#8230; art\u0131k hi\u00e7bir yer g\u00fcvenli de\u011fildi. Zombiler ve insanlar aras\u0131ndaki sava\u015f\u0131n ard\u0131ndan d\u00fcnya n\u00fcfusu yar\u0131 yar\u0131ya azalm\u0131\u015ft\u0131.   Yazar, Z vir\u00fcs\u00fc pandemisinin ard\u0131ndan kurulan yeni d\u00fcnya d\u00fczeninde bir\u00e7ok \u00fclkeye giderek sava\u015f\u0131n tan\u0131klar\u0131yla r\u00f6portajlar yap\u0131yor. Medeniyete etkilerini siyasi ve sosyolojik a\u00e7\u0131lardan ele al\u0131rken hik\u00e2yenin gerilimi bir an bile d\u00fc\u015fm\u00fcyor. Ortaya insanl\u0131\u011f\u0131n verdi\u011fi en b\u00fcy\u00fck sava\u015f\u0131n s\u00f6zl\u00fc bir tarih\u00e7esi \u00e7\u0131k\u0131yor.   Salg\u0131n yay\u0131l\u0131yor\u2026 Ya\u015fayan \u00f6l\u00fcler her yerde. <\/p>\n","protected":false},"excerpt":{"rendered":"<p>\u201cOkunmas\u0131 gereken bir kitap. Brooks, \u00f6ylesine detayl\u0131 ve \u00f6zg\u00fcn yaz\u0131yor ki bizim bilmedi\u011fimiz bir \u015fey bildi\u011finden \u015f\u00fcphelenmemek elde de\u011fil.\u201d \u2013Simon Pegg Max Brooks, yak\u0131n d\u00f6nem korku-gerilim<span class=\"excerpt-hellip\"> [\u2026]<\/span><\/p>\n","protected":false},"featured_media":0,"template":"","meta":{"_monsterinsights_skip_tracking":false,"_monsterinsights_sitenote_active":false,"_monsterinsights_sitenote_note":"","_monsterinsights_sitenote_category":0},"product_brand":[],"product_cat":[12291,17033],"product_tag":[],"class_list":{"0":"post-728958","1":"product","2":"type-product","3":"status-publish","5":"product_cat-edebiyat","6":"product_cat-korku-gerilim","7":"pa_cilt-ciltsiz","8":"pa_tur-kitap","9":"pa_yayinevi-ithaki-yayinlari","10":"pa_yazar-max-brooks","12":"first","13":"instock","14":"sale","15":"shipping-taxable","16":"purchasable","17":"product-type-simple"},"_links":{"self":[{"href":"https:\/\/roveyayinevi.com.tr\/index.php\/wp-json\/wp\/v2\/product\/728958","targetHints":{"allow":["GET"]}}],"collection":[{"href":"https:\/\/roveyayinevi.com.tr\/index.php\/wp-json\/wp\/v2\/product"}],"about":[{"href":"https:\/\/roveyayinevi.com.tr\/index.php\/wp-json\/wp\/v2\/types\/product"}],"wp:attachment":[{"href":"https:\/\/roveyayinevi.com.tr\/index.php\/wp-json\/wp\/v2\/media?parent=728958"}],"wp:term":[{"taxonomy":"product_brand","embeddable":true,"href":"https:\/\/roveyayinevi.com.tr\/index.php\/wp-json\/wp\/v2\/product_brand?post=728958"},{"taxonomy":"product_cat","embeddable":true,"href":"https:\/\/roveyayinevi.com.tr\/index.php\/wp-json\/wp\/v2\/product_cat?post=728958"},{"taxonomy":"product_tag","embeddable":true,"href":"https:\/\/roveyayinevi.com.tr\/index.php\/wp-json\/wp\/v2\/product_tag?post=728958"}],"curies":[{"name":"wp","href":"https:\/\/api.w.org\/{rel}","templated":true}]}}