{"id":728957,"date":"2025-08-27T20:47:44","date_gmt":"2025-08-27T17:47:44","guid":{"rendered":"https:\/\/roveyayinevi.com.tr\/index.php\/urun\/ilk-bilimkurgu-seckisi\/"},"modified":"2026-04-16T02:36:42","modified_gmt":"2026-04-15T23:36:42","slug":"ilk-bilimkurgu-seckisi","status":"publish","type":"product","link":"https:\/\/roveyayinevi.com.tr\/index.php\/urun\/ilk-bilimkurgu-seckisi\/","title":{"rendered":"\u0130lk &#8211; Bilimkurgu Se\u00e7kisi"},"content":{"rendered":"<p>\u0130lk, ismiyle m\u00fcsemma bir kitap. Pangea Kitapl\u0131\u011f\u0131\u2019n\u0131n ilk \u00f6yk\u00fc kitab\u0131 ve ilk \u00f6yk\u00fc se\u00e7kisi. Bilimkurgu Kul\u00fcb\u00fc ile ortakla\u015fa y\u00fcr\u00fctt\u00fc\u011f\u00fcm\u00fcz bu projede hem bilimkurgu alan\u0131nda senelerdir eser veren yazarlar hem de t\u00fcre yabanc\u0131 ama edebiyatta tecr\u00fcbeli isimler yan yana geliyor. \u0130lk\u2019i emsallerinden ay\u0131ran en b\u00fcy\u00fck \u00f6zellik de bu. T\u00fcr\u00fcn duayenleri ile edebiyat\u0131n usta isimlerini bir araya getirmesi.   Se\u00e7kinin bir di\u011fer \u00f6zelli\u011fi tematik bir \u00f6yk\u00fc derlemesi olmas\u0131. \u201cBa\u015flang\u0131\u00e7\u201d temas\u0131 ekseninde kurgulanan bu \u00f6yk\u00fcler, t\u00fcrle yeni tan\u0131\u015fan, ona a\u015fina olan ya da spek\u00fclatif kurgu konusunda uzman olarak nitelendirebilece\u011fimiz okuru bamba\u015fka d\u00fcnyalara g\u00f6t\u00fcrebilecek g\u00fc\u00e7te. Derlemede yer alan t\u00fcm yazarlar telif gelirlerini, erken ya\u015fta kaybetti\u011fimiz bilim insan\u0131 \u00d6zgen Berkol Do\u011fan\u2019\u0131n ad\u0131n\u0131 ya\u015fatma gayesiyle kurulmu\u015f bilimkurgu k\u00fct\u00fcphanesine ba\u011f\u0131\u015flayarak bu t\u00fcr\u00fcn daha geni\u015f kitlelere ula\u015fmas\u0131 i\u00e7in \u00f6nemli bir ad\u0131m att\u0131lar.   Bilimkurgu iyi ki var!   \u201cElinizdeki derlemede yirmi bir \u00f6yk\u00fc var. Hi\u00e7biri \u2018k\u0131sa \u00f6yk\u00fc\u2019 t\u00fcr\u00fcn\u00fcn kestirmesine sapm\u0131yor, bir \u2018ilgin\u00e7 fikir\u2019 + bir \u2018\u015fa\u015f\u0131rtmaca\u2019 = k\u0131sa \u00f6yk\u00fc \u015fablonuna s\u0131\u011f\u0131nm\u0131yor. Ortaya att\u0131klar\u0131 ilgin\u00e7 fikirleri kar\u015f\u0131lar\u0131na al\u0131p hesapla\u015f\u0131yorlar, didikliyorlar, kurcal\u0131yorlar; ger\u00e7ek insanlar\u0131n bu fikirlerin ger\u00e7ek oldu\u011fu bir d\u00fcnyada nas\u0131l ya\u015fayabilece\u011fini soruyorlar kendilerine. Hik\u00e2ye anlat\u0131yorlar. Masalc\u0131 dedeler ve nineler olma yoluna \u00e7\u0131k\u0131yorlar; yani edebiyattaki en zor i\u015fe kalk\u0131\u015f\u0131yorlar\u201d B\u00fclent Somay   Af\u015fin Kum, Arzu U\u00e7ar, A\u015fk\u0131n G\u00fcng\u00f6r, Burak Albayrak, Cem Aka\u015f, \u00c7a\u011fr\u0131 Mert Bak\u0131rc\u0131, Feyza Hep\u00e7ilingirler, Fuat Sevimay, \u0130smail Yamanol, Kadire Bozkurt, Mehmet Berk Yalt\u0131r\u0131k, Murat S. Dural, M\u00fcfit \u00d6zde\u015f, Onur \u00c7al\u0131, Onur G\u00fczeldiyar, \u00d6znur Babur, P\u0131nar Duman, Selim Bekta\u015f, Selim Erdo\u011fan, Tu\u011frul Sultanzade, Volkan Yal\u00e7\u0131n <\/p>\n","protected":false},"excerpt":{"rendered":"<p>\u0130lk, ismiyle m\u00fcsemma bir kitap. Pangea Kitapl\u0131\u011f\u0131\u2019n\u0131n ilk \u00f6yk\u00fc kitab\u0131 ve ilk \u00f6yk\u00fc se\u00e7kisi. Bilimkurgu Kul\u00fcb\u00fc ile ortakla\u015fa y\u00fcr\u00fctt\u00fc\u011f\u00fcm\u00fcz bu projede hem bilimkurgu alan\u0131nda senelerdir eser<span class=\"excerpt-hellip\"> [\u2026]<\/span><\/p>\n","protected":false},"featured_media":0,"template":"","meta":{"_monsterinsights_skip_tracking":false,"_monsterinsights_sitenote_active":false,"_monsterinsights_sitenote_note":"","_monsterinsights_sitenote_category":0},"product_brand":[],"product_cat":[12540,12291],"product_tag":[],"class_list":{"0":"post-728957","1":"product","2":"type-product","3":"status-publish","5":"product_cat-bilim-kurgu","6":"product_cat-edebiyat","7":"pa_cilt-ciltsiz","8":"pa_tur-kitap","9":"pa_yayinevi-ithaki-yayinlari","10":"pa_yazar-ithaki-kolektif","12":"first","13":"instock","14":"sale","15":"shipping-taxable","16":"purchasable","17":"product-type-simple"},"_links":{"self":[{"href":"https:\/\/roveyayinevi.com.tr\/index.php\/wp-json\/wp\/v2\/product\/728957","targetHints":{"allow":["GET"]}}],"collection":[{"href":"https:\/\/roveyayinevi.com.tr\/index.php\/wp-json\/wp\/v2\/product"}],"about":[{"href":"https:\/\/roveyayinevi.com.tr\/index.php\/wp-json\/wp\/v2\/types\/product"}],"wp:attachment":[{"href":"https:\/\/roveyayinevi.com.tr\/index.php\/wp-json\/wp\/v2\/media?parent=728957"}],"wp:term":[{"taxonomy":"product_brand","embeddable":true,"href":"https:\/\/roveyayinevi.com.tr\/index.php\/wp-json\/wp\/v2\/product_brand?post=728957"},{"taxonomy":"product_cat","embeddable":true,"href":"https:\/\/roveyayinevi.com.tr\/index.php\/wp-json\/wp\/v2\/product_cat?post=728957"},{"taxonomy":"product_tag","embeddable":true,"href":"https:\/\/roveyayinevi.com.tr\/index.php\/wp-json\/wp\/v2\/product_tag?post=728957"}],"curies":[{"name":"wp","href":"https:\/\/api.w.org\/{rel}","templated":true}]}}