{"id":728956,"date":"2025-08-27T20:47:43","date_gmt":"2025-08-27T17:47:43","guid":{"rendered":"https:\/\/roveyayinevi.com.tr\/index.php\/urun\/ecel-cicekleri\/"},"modified":"2026-04-16T02:36:42","modified_gmt":"2026-04-15T23:36:42","slug":"ecel-cicekleri","status":"publish","type":"product","link":"https:\/\/roveyayinevi.com.tr\/index.php\/urun\/ecel-cicekleri\/","title":{"rendered":"Ecel \u00c7i\u00e7ekleri"},"content":{"rendered":"<p>Ecel \u00c7i\u00e7ekleri su\u00e7lulara cezalar\u0131n\u0131 vermeye, g\u00fc\u00e7s\u00fczleri aya\u011fa kald\u0131rmaya geldiler\u2026  \u0130stanbul\u2019da birbiri ard\u0131na i\u015flenen kanl\u0131 cinayetleri \u00e7\u00f6zmeye kararl\u0131d\u0131r Suat Komiser.  Vah\u015fice \u00f6ld\u00fcr\u00fclen ama \u00f6l\u00fcme direnmemi\u015f g\u00f6r\u00fcnen erkekleri birbirine ba\u011flayan nedir? Katil, cesetlerin yan\u0131na neden beyaz kas\u0131mpat\u0131lar\u0131 b\u0131rak\u0131r?  Ecel \u00c7i\u00e7ekleri cezas\u0131z kalan vah\u015fetin, adaletin ve intikam\u0131n roman\u0131\u2026   <\/p>\n","protected":false},"excerpt":{"rendered":"<p>Ecel \u00c7i\u00e7ekleri su\u00e7lulara cezalar\u0131n\u0131 vermeye, g\u00fc\u00e7s\u00fczleri aya\u011fa kald\u0131rmaya geldiler\u2026 \u0130stanbul\u2019da birbiri ard\u0131na i\u015flenen kanl\u0131 cinayetleri \u00e7\u00f6zmeye kararl\u0131d\u0131r Suat Komiser. Vah\u015fice \u00f6ld\u00fcr\u00fclen ama \u00f6l\u00fcme direnmemi\u015f g\u00f6r\u00fcnen erkekleri<span class=\"excerpt-hellip\"> [\u2026]<\/span><\/p>\n","protected":false},"featured_media":0,"template":"","meta":{"_monsterinsights_skip_tracking":false,"_monsterinsights_sitenote_active":false,"_monsterinsights_sitenote_note":"","_monsterinsights_sitenote_category":0},"product_brand":[],"product_cat":[12291,17033],"product_tag":[],"class_list":{"0":"post-728956","1":"product","2":"type-product","3":"status-publish","5":"product_cat-edebiyat","6":"product_cat-korku-gerilim","7":"pa_cilt-ciltsiz","8":"pa_tur-kitap","9":"pa_yayinevi-dogan-kitap","10":"pa_yazar-elcin-poyrazlar","12":"first","13":"instock","14":"sale","15":"shipping-taxable","16":"purchasable","17":"product-type-simple"},"_links":{"self":[{"href":"https:\/\/roveyayinevi.com.tr\/index.php\/wp-json\/wp\/v2\/product\/728956","targetHints":{"allow":["GET"]}}],"collection":[{"href":"https:\/\/roveyayinevi.com.tr\/index.php\/wp-json\/wp\/v2\/product"}],"about":[{"href":"https:\/\/roveyayinevi.com.tr\/index.php\/wp-json\/wp\/v2\/types\/product"}],"wp:attachment":[{"href":"https:\/\/roveyayinevi.com.tr\/index.php\/wp-json\/wp\/v2\/media?parent=728956"}],"wp:term":[{"taxonomy":"product_brand","embeddable":true,"href":"https:\/\/roveyayinevi.com.tr\/index.php\/wp-json\/wp\/v2\/product_brand?post=728956"},{"taxonomy":"product_cat","embeddable":true,"href":"https:\/\/roveyayinevi.com.tr\/index.php\/wp-json\/wp\/v2\/product_cat?post=728956"},{"taxonomy":"product_tag","embeddable":true,"href":"https:\/\/roveyayinevi.com.tr\/index.php\/wp-json\/wp\/v2\/product_tag?post=728956"}],"curies":[{"name":"wp","href":"https:\/\/api.w.org\/{rel}","templated":true}]}}