{"id":728953,"date":"2025-08-27T20:47:40","date_gmt":"2025-08-27T17:47:40","guid":{"rendered":"https:\/\/roveyayinevi.com.tr\/index.php\/urun\/valinya\/"},"modified":"2026-04-16T02:36:42","modified_gmt":"2026-04-15T23:36:42","slug":"valinya","status":"publish","type":"product","link":"https:\/\/roveyayinevi.com.tr\/index.php\/urun\/valinya\/","title":{"rendered":"Valinya"},"content":{"rendered":"<p>Hen\u00fcz insanlar taraf\u0131ndan ke\u015ffedilmemi\u015f Valinya Adas\u0131\u2019nda; muhte\u015fem ve e\u015fsiz bir vanilya kokusu yayan, parmak boyundaki Valinler ya\u015farm\u0131\u015f. Birbirlerine sevgiyle sar\u0131ld\u0131klar\u0131nda yayd\u0131klar\u0131 koku da g\u00fc\u00e7lenir, t\u00fcm aday\u0131 sararm\u0131\u015f. Bir g\u00fcn korku dolu masallar\u0131 ger\u00e7ek olup kokusuz devler adalar\u0131n\u0131 ke\u015ffetmeye geldi\u011finde; Valinler vanilya kokusu yaymas\u0131nlar ve yakalanmas\u0131nlar diye birbirlerinden uzak durup saklanmaya karar vermi\u015fler. Ancak devler onlar\u0131 bulmaya kararl\u0131ym\u0131\u015f \u00e7\u00fcnk\u00fc e\u015fsiz kokular\u0131 b\u00fct\u00fcn adaya sinmi\u015f bir kere. Valinlerin, adalar\u0131n\u0131 ve kendilerini korumak i\u00e7in daha g\u00fc\u00e7l\u00fc bir \u015feye ihtiya\u00e7lar\u0131 varm\u0131\u015f\u2026 Birbirlerine ve ya\u015fad\u0131klar\u0131 adaya duyduklar\u0131 sevgi, acaba bu tehlikenin \u00fcstesinden gelmeye yetebilecek miymi\u015f? Merak dolu kurgusu ve masal tad\u0131nda, etkileyici dokusuyla Valinya, okuruna mis gibi vanilya kokan bir d\u00fcnyan\u0131n kap\u0131s\u0131n\u0131 aral\u0131yor. <\/p>\n","protected":false},"excerpt":{"rendered":"<p>Hen\u00fcz insanlar taraf\u0131ndan ke\u015ffedilmemi\u015f Valinya Adas\u0131\u2019nda; muhte\u015fem ve e\u015fsiz bir vanilya kokusu yayan, parmak boyundaki Valinler ya\u015farm\u0131\u015f. Birbirlerine sevgiyle sar\u0131ld\u0131klar\u0131nda yayd\u0131klar\u0131 koku da g\u00fc\u00e7lenir, t\u00fcm aday\u0131<span class=\"excerpt-hellip\"> [\u2026]<\/span><\/p>\n","protected":false},"featured_media":0,"template":"","meta":{"_monsterinsights_skip_tracking":false,"_monsterinsights_sitenote_active":false,"_monsterinsights_sitenote_note":"","_monsterinsights_sitenote_category":0},"product_brand":[],"product_cat":[12275,12274],"product_tag":[],"class_list":{"0":"post-728953","1":"product","2":"type-product","3":"status-publish","5":"product_cat-6-12-yas-kitaplari","6":"product_cat-cocuk-ve-genclik-kitaplari","7":"pa_cilt-ciltsiz","8":"pa_tur-kitap","9":"pa_yayinevi-ithaki-yayinlari","10":"pa_yazar-vercihan-ziflioglu","12":"first","13":"instock","14":"sale","15":"shipping-taxable","16":"purchasable","17":"product-type-simple"},"_links":{"self":[{"href":"https:\/\/roveyayinevi.com.tr\/index.php\/wp-json\/wp\/v2\/product\/728953","targetHints":{"allow":["GET"]}}],"collection":[{"href":"https:\/\/roveyayinevi.com.tr\/index.php\/wp-json\/wp\/v2\/product"}],"about":[{"href":"https:\/\/roveyayinevi.com.tr\/index.php\/wp-json\/wp\/v2\/types\/product"}],"wp:attachment":[{"href":"https:\/\/roveyayinevi.com.tr\/index.php\/wp-json\/wp\/v2\/media?parent=728953"}],"wp:term":[{"taxonomy":"product_brand","embeddable":true,"href":"https:\/\/roveyayinevi.com.tr\/index.php\/wp-json\/wp\/v2\/product_brand?post=728953"},{"taxonomy":"product_cat","embeddable":true,"href":"https:\/\/roveyayinevi.com.tr\/index.php\/wp-json\/wp\/v2\/product_cat?post=728953"},{"taxonomy":"product_tag","embeddable":true,"href":"https:\/\/roveyayinevi.com.tr\/index.php\/wp-json\/wp\/v2\/product_tag?post=728953"}],"curies":[{"name":"wp","href":"https:\/\/api.w.org\/{rel}","templated":true}]}}