{"id":728946,"date":"2025-08-27T20:47:32","date_gmt":"2025-08-27T17:47:32","guid":{"rendered":"https:\/\/roveyayinevi.com.tr\/index.php\/urun\/gormus-gecirmis-insanlar-icin-karikaturler\/"},"modified":"2026-04-16T02:36:41","modified_gmt":"2026-04-15T23:36:41","slug":"gormus-gecirmis-insanlar-icin-karikaturler","status":"publish","type":"product","link":"https:\/\/roveyayinevi.com.tr\/index.php\/urun\/gormus-gecirmis-insanlar-icin-karikaturler\/","title":{"rendered":"G\u00f6rm\u00fc\u015f Ge\u00e7irmi\u015f \u0130nsanlar \u0130\u00e7in Karikat\u00fcrler"},"content":{"rendered":"<p>\u00dcnl\u00fc mizah ve edebiyat dergilerindeki \u00e7izgileriyle tan\u0131nan Emirhan Perker\u2019den e\u015fsiz bir karikat\u00fcr alb\u00fcm\u00fc. Emirhan Perker, \u00e7ok sevilen karikat\u00fcr alb\u00fcm\u00fc Osman Gazi ve Mahdumlar\u0131\u2019n\u0131n ard\u0131ndan, bu defa Darth Vader\u2019dan Evliya \u00c7elebi\u2019ye, Bukowski\u2019den Fedon\u2019a pop\u00fcler k\u00fclt\u00fcr ve alt k\u00fclt\u00fcr\u00fcn renkli karakterlerini birbirinden komik esprileri ve usta \u00e7izgisiyle bir araya getiriyor. <\/p>\n","protected":false},"excerpt":{"rendered":"<p>\u00dcnl\u00fc mizah ve edebiyat dergilerindeki \u00e7izgileriyle tan\u0131nan Emirhan Perker\u2019den e\u015fsiz bir karikat\u00fcr alb\u00fcm\u00fc. Emirhan Perker, \u00e7ok sevilen karikat\u00fcr alb\u00fcm\u00fc Osman Gazi ve Mahdumlar\u0131\u2019n\u0131n ard\u0131ndan, bu defa<span class=\"excerpt-hellip\"> [\u2026]<\/span><\/p>\n","protected":false},"featured_media":0,"template":"","meta":{"_monsterinsights_skip_tracking":false,"_monsterinsights_sitenote_active":false,"_monsterinsights_sitenote_note":"","_monsterinsights_sitenote_category":0},"product_brand":[],"product_cat":[12291,49405],"product_tag":[],"class_list":{"0":"post-728946","1":"product","2":"type-product","3":"status-publish","5":"product_cat-edebiyat","6":"product_cat-karikatur","7":"pa_cilt-ciltsiz","8":"pa_tur-kitap","9":"pa_yayinevi-kara-karga-yayinlari","10":"pa_yazar-emirhan-perker","12":"first","13":"instock","14":"sale","15":"shipping-taxable","16":"purchasable","17":"product-type-simple"},"_links":{"self":[{"href":"https:\/\/roveyayinevi.com.tr\/index.php\/wp-json\/wp\/v2\/product\/728946","targetHints":{"allow":["GET"]}}],"collection":[{"href":"https:\/\/roveyayinevi.com.tr\/index.php\/wp-json\/wp\/v2\/product"}],"about":[{"href":"https:\/\/roveyayinevi.com.tr\/index.php\/wp-json\/wp\/v2\/types\/product"}],"wp:attachment":[{"href":"https:\/\/roveyayinevi.com.tr\/index.php\/wp-json\/wp\/v2\/media?parent=728946"}],"wp:term":[{"taxonomy":"product_brand","embeddable":true,"href":"https:\/\/roveyayinevi.com.tr\/index.php\/wp-json\/wp\/v2\/product_brand?post=728946"},{"taxonomy":"product_cat","embeddable":true,"href":"https:\/\/roveyayinevi.com.tr\/index.php\/wp-json\/wp\/v2\/product_cat?post=728946"},{"taxonomy":"product_tag","embeddable":true,"href":"https:\/\/roveyayinevi.com.tr\/index.php\/wp-json\/wp\/v2\/product_tag?post=728946"}],"curies":[{"name":"wp","href":"https:\/\/api.w.org\/{rel}","templated":true}]}}