{"id":728945,"date":"2025-08-27T20:47:31","date_gmt":"2025-08-27T17:47:31","guid":{"rendered":"https:\/\/roveyayinevi.com.tr\/index.php\/urun\/jacques-derrida-gercege-susamislik-insanin-soylu-tutkusudur\/"},"modified":"2026-04-16T02:36:41","modified_gmt":"2026-04-15T23:36:41","slug":"jacques-derrida-gercege-susamislik-insanin-soylu-tutkusudur","status":"publish","type":"product","link":"https:\/\/roveyayinevi.com.tr\/index.php\/urun\/jacques-derrida-gercege-susamislik-insanin-soylu-tutkusudur\/","title":{"rendered":"Jacques Derrida &#8211; Ger\u00e7e\u011fe Susam\u0131\u015fl\u0131k \u0130nsan\u0131n Soylu Tutkusudur"},"content":{"rendered":"<p>\u201cYa\u015famay\u0131 \u00f6\u011frenmek. Tuhaf bir slogan. Kim \u00f6\u011frenecek ki? Kimden \u00f6\u011frenecek? Ya\u015famay\u0131 \u00f6\u011fretmek. Peki ama kime? Bunu bilen olacak m\u0131 hi\u00e7? Ya\u015famay\u0131 bilecek miyiz? Her \u015feyden \u00f6nce, ya\u015famay\u0131 \u00f6\u011frenmenin ne demek oldu\u011funu bilecek miyiz?\u201d 20. Y\u00fczy\u0131l\u0131n En Yenilik\u00e7i D\u00fc\u015f\u00fcn\u00fcr\u00fc \u201cYa\u015famay\u0131 nas\u0131l \u00f6\u011frenirim?\u201d sorusunu cevaplayamadan aram\u0131zdan ayr\u0131lan, ortaya att\u0131\u011f\u0131 kavramlarla b\u00fcy\u00fck yank\u0131 uyand\u0131rm\u0131\u015f, felsefeye getirdi\u011fi yap\u0131s\u00f6k\u00fcm\u00fc yakla\u015f\u0131m\u0131yla pek \u00e7ok alanda ve disiplinde b\u00fcy\u00fck de\u011fi\u015fimler yaratan s\u0131ra d\u0131\u015f\u0131 bir d\u00fc\u015f\u00fcn\u00fcr, postmodern bir filozof Jacques Derrida. Bu kitap Derrida\u2019y\u0131 tan\u0131mam\u0131z\u0131, anlamam\u0131z\u0131 ve onun engin d\u00fcnyas\u0131na ad\u0131m atmam\u0131z\u0131 sa\u011flayacak unsurlar\u0131 \u00f6zenle bir araya getiriyor. <\/p>\n","protected":false},"excerpt":{"rendered":"<p>\u201cYa\u015famay\u0131 \u00f6\u011frenmek. Tuhaf bir slogan. Kim \u00f6\u011frenecek ki? Kimden \u00f6\u011frenecek? Ya\u015famay\u0131 \u00f6\u011fretmek. Peki ama kime? Bunu bilen olacak m\u0131 hi\u00e7? Ya\u015famay\u0131 bilecek miyiz? Her \u015feyden \u00f6nce,<span class=\"excerpt-hellip\"> [\u2026]<\/span><\/p>\n","protected":false},"featured_media":0,"template":"","meta":{"_monsterinsights_skip_tracking":false,"_monsterinsights_sitenote_active":false,"_monsterinsights_sitenote_note":"","_monsterinsights_sitenote_category":0},"product_brand":[],"product_cat":[20351,12388],"product_tag":[],"class_list":{"0":"post-728945","1":"product","2":"type-product","3":"status-publish","5":"product_cat-dusunce","6":"product_cat-felsefe","7":"pa_cilt-ciltsiz","8":"pa_tur-kitap","9":"pa_yayinevi-kara-karga-yayinlari","10":"pa_yazar-omur-uzel","12":"first","13":"instock","14":"sale","15":"shipping-taxable","16":"purchasable","17":"product-type-simple"},"_links":{"self":[{"href":"https:\/\/roveyayinevi.com.tr\/index.php\/wp-json\/wp\/v2\/product\/728945","targetHints":{"allow":["GET"]}}],"collection":[{"href":"https:\/\/roveyayinevi.com.tr\/index.php\/wp-json\/wp\/v2\/product"}],"about":[{"href":"https:\/\/roveyayinevi.com.tr\/index.php\/wp-json\/wp\/v2\/types\/product"}],"wp:attachment":[{"href":"https:\/\/roveyayinevi.com.tr\/index.php\/wp-json\/wp\/v2\/media?parent=728945"}],"wp:term":[{"taxonomy":"product_brand","embeddable":true,"href":"https:\/\/roveyayinevi.com.tr\/index.php\/wp-json\/wp\/v2\/product_brand?post=728945"},{"taxonomy":"product_cat","embeddable":true,"href":"https:\/\/roveyayinevi.com.tr\/index.php\/wp-json\/wp\/v2\/product_cat?post=728945"},{"taxonomy":"product_tag","embeddable":true,"href":"https:\/\/roveyayinevi.com.tr\/index.php\/wp-json\/wp\/v2\/product_tag?post=728945"}],"curies":[{"name":"wp","href":"https:\/\/api.w.org\/{rel}","templated":true}]}}