{"id":728943,"date":"2025-08-27T20:47:29","date_gmt":"2025-08-27T17:47:29","guid":{"rendered":"https:\/\/roveyayinevi.com.tr\/index.php\/urun\/mizanul-hakk-fi-ihtiyaril-ehakk\/"},"modified":"2026-04-16T02:36:41","modified_gmt":"2026-04-15T23:36:41","slug":"mizanul-hakk-fi-ihtiyaril-ehakk","status":"publish","type":"product","link":"https:\/\/roveyayinevi.com.tr\/index.php\/urun\/mizanul-hakk-fi-ihtiyaril-ehakk\/","title":{"rendered":"Mizan\u00fc\u2019l-Hakk Fi \u0130htiyari\u2019l-Ehakk"},"content":{"rendered":"<p>En Do\u011fruyu Se\u00e7mek \u0130\u00e7in Hak Terazisi\u201d olarak g\u00fcn\u00fcm\u00fcz T\u00fcrk\u00e7esine \u00e7evirebilece\u011fimiz M\u00eez\u00e2n\u00fc&#8217;l-Hakk f\u00ee \u0130htiy\u00e2ri&#8217;l-Ehakk, kendi d\u00f6neminde k\u0131s\u0131r \u00e7eki\u015fmelere d\u00f6n\u00fc\u015fm\u00fc\u015f olan din\u00ee ve ilm\u00ee tart\u0131\u015fmalar\u0131 ele alan bir eserdir. K\u00e2tip \u00c7elebi, bu tart\u0131\u015fmalar\u0131 belli bir usul dairesinde inceleyerek Osmanl\u0131 ilim ve k\u00fclt\u00fcr hayat\u0131nda g\u00f6zlemledi\u011fi aksakl\u0131klar\u0131 belirtmi\u015f ve bunlar\u0131n sebeplerine inerek mevcut durumu ele\u015ftirel mahiyette bir eser kaleme alm\u0131\u015ft\u0131r. Eser, akl\u00ee ilimlerin gereklili\u011fi konusunda yazar\u0131n d\u00fc\u015f\u00fcncelerini i\u00e7eren bir mukaddime, yirmi bir farkl\u0131 konu ve bir h\u00e2timeden m\u00fcte\u015fekkildir. Yazar, eserinde sadece ilm\u00ee meseleler \u00fczerinde durmam\u0131\u015f, ilmiyyenin ve y\u00f6netimin halk \u00fczerindeki yetkileri ve etkilerini de yeri geldik\u00e7e eserinde zikretmi\u015ftir. K\u00e2tip \u00c7elebi, ilim ehlinin ve y\u00f6neticilerin deyim yerindeyse halk\u0131n suyuna gitmesi gerekti\u011fi, tebaan\u0131n \u00f6rf ve \u00e2detlerini zor kullanman\u0131n de\u011fi\u015ftiremeyece\u011fini hatta ve hatta bu zor kullan\u0131m\u0131n yanl\u0131\u015f da olsa mezkur uygulamalara halk\u0131n daha s\u0131k\u0131 sar\u0131laca\u011f\u0131n\u0131 belirtmesi olduk\u00e7a \u00f6nemlidir. K\u00e2tip \u00c7elebi, eserinde toplumu b\u00f6len unsurlar\u0131 da yer yer ele alm\u0131\u015f ve bunlarla ilgili olarak \u00f6zellikle orta yolu tavsiye eden s\u00f6ylemlerde bulunmu\u015ftur. \u0130bn Arab\u00ee hakk\u0131nda ya\u015fan\u0131lan tart\u0131\u015fmalar, Kad\u0131z\u00e2deliler ile Sivas\u00eeler aras\u0131ndaki s\u00fcrt\u00fc\u015fmeler ve Yezid hakk\u0131ndaki m\u00fctaalalar\u0131 yazar\u0131n okura ve topluma orta yolu tembihledi\u011fi konular aras\u0131nda say\u0131labilir. <\/p>\n","protected":false},"excerpt":{"rendered":"<p>En Do\u011fruyu Se\u00e7mek \u0130\u00e7in Hak Terazisi\u201d olarak g\u00fcn\u00fcm\u00fcz T\u00fcrk\u00e7esine \u00e7evirebilece\u011fimiz M\u00eez\u00e2n\u00fc&#8217;l-Hakk f\u00ee \u0130htiy\u00e2ri&#8217;l-Ehakk, kendi d\u00f6neminde k\u0131s\u0131r \u00e7eki\u015fmelere d\u00f6n\u00fc\u015fm\u00fc\u015f olan din\u00ee ve ilm\u00ee tart\u0131\u015fmalar\u0131 ele alan bir<span class=\"excerpt-hellip\"> [\u2026]<\/span><\/p>\n","protected":false},"featured_media":0,"template":"","meta":{"_monsterinsights_skip_tracking":false,"_monsterinsights_sitenote_active":false,"_monsterinsights_sitenote_note":"","_monsterinsights_sitenote_category":0},"product_brand":[],"product_cat":[12370,12304],"product_tag":[],"class_list":{"0":"post-728943","1":"product","2":"type-product","3":"status-publish","5":"product_cat-arastirma-inceleme","6":"product_cat-tarih","7":"pa_cilt-ciltsiz","8":"pa_tur-kitap","9":"pa_yayinevi-yeditepe-yayinevi","10":"pa_yazar-katip-celebi","12":"first","13":"instock","14":"sale","15":"shipping-taxable","16":"purchasable","17":"product-type-simple"},"_links":{"self":[{"href":"https:\/\/roveyayinevi.com.tr\/index.php\/wp-json\/wp\/v2\/product\/728943","targetHints":{"allow":["GET"]}}],"collection":[{"href":"https:\/\/roveyayinevi.com.tr\/index.php\/wp-json\/wp\/v2\/product"}],"about":[{"href":"https:\/\/roveyayinevi.com.tr\/index.php\/wp-json\/wp\/v2\/types\/product"}],"wp:attachment":[{"href":"https:\/\/roveyayinevi.com.tr\/index.php\/wp-json\/wp\/v2\/media?parent=728943"}],"wp:term":[{"taxonomy":"product_brand","embeddable":true,"href":"https:\/\/roveyayinevi.com.tr\/index.php\/wp-json\/wp\/v2\/product_brand?post=728943"},{"taxonomy":"product_cat","embeddable":true,"href":"https:\/\/roveyayinevi.com.tr\/index.php\/wp-json\/wp\/v2\/product_cat?post=728943"},{"taxonomy":"product_tag","embeddable":true,"href":"https:\/\/roveyayinevi.com.tr\/index.php\/wp-json\/wp\/v2\/product_tag?post=728943"}],"curies":[{"name":"wp","href":"https:\/\/api.w.org\/{rel}","templated":true}]}}