{"id":728942,"date":"2025-08-27T20:47:28","date_gmt":"2025-08-27T17:47:28","guid":{"rendered":"https:\/\/roveyayinevi.com.tr\/index.php\/urun\/mersin-hamidiye-kislasi-ciltli\/"},"modified":"2025-11-21T06:35:55","modified_gmt":"2025-11-21T03:35:55","slug":"mersin-hamidiye-kislasi-ciltli","status":"publish","type":"product","link":"https:\/\/roveyayinevi.com.tr\/index.php\/urun\/mersin-hamidiye-kislasi-ciltli\/","title":{"rendered":"Mersin Hamidiye K\u0131\u015flas\u0131 (Ciltli)"},"content":{"rendered":"<p>\u00c7al\u0131\u015fmam\u0131z\u0131n temel amac\u0131, b\u00f6ylesi \u00f6nemli bir kentin tarihinde iz b\u0131rakm\u0131\u015f bir kurum olan Mersin Hamidiye K\u0131\u015flas\u0131\u2019n\u0131n, Osmanl\u0131\u2019dan Cumhuriyet\u2019e kalan bir miras olarak nas\u0131l bir d\u00f6n\u00fc\u015f\u00fcm ya\u015fad\u0131\u011f\u0131n\u0131 ortaya koyabilmektir. Bu ama\u00e7la \u00f6ncelikle Osmanl\u0131 tarihinde \u00f6nemli bir d\u00f6n\u00fcm noktas\u0131 olan II. Abd\u00fclhamit d\u00f6neminde k\u0131\u015flan\u0131n kurulu\u015f hik\u00e2yesi ve i\u015fleyi\u015fi ile birlikte, Cumhuriyet D\u00f6nemi\u2019nde bu kurumun i\u015fleyi\u015fine ne \u015fekilde devam etti\u011fi ve yak\u0131n tarihimizde hangi m\u00fccadeleler \u00e7er\u00e7evesinde ac\u0131 bir \u015fekilde y\u0131k\u0131ld\u0131\u011f\u0131 da de\u011ferlendirme kapsam\u0131na al\u0131nm\u0131\u015ft\u0131r. \u00d6zellikle yak\u0131n ge\u00e7mi\u015fte bu konu ile ilgili s\u00fcrd\u00fcr\u00fclen mahkeme s\u00fcre\u00e7leri de ayr\u0131nt\u0131l\u0131 olarak belgeleri ile birlikte \u00e7al\u0131\u015fmam\u0131zda okuyucuya sunulmaktad\u0131r. Bu nedenle asl\u0131nda temel amac\u0131m\u0131z, Mersin Hamidiye K\u0131\u015flas\u0131 hakk\u0131nda t\u00fcm tarihsel bilgileri, incelendi\u011fi d\u00f6nemin belgeleri ile birlikte aktarmak suretiyle okuyucuyu ayd\u0131nlatmakt\u0131r. Uzun s\u00fcreli tarihsel perspektifle incelenen bu konu, kar\u015f\u0131la\u015ft\u0131rmal\u0131 bir yakla\u015f\u0131m\u0131 da ifade etmektedir. \u00c7al\u0131\u015fmam\u0131z zamansal olarak, k\u0131\u015fla binas\u0131n\u0131n kuruldu\u011fu d\u00f6nem olan 1890\u2019l\u0131 y\u0131llardan, 1985\u2019te y\u0131k\u0131l\u0131\u015f\u0131na kadarki ve hatta y\u0131k\u0131ld\u0131ktan sonraki d\u00f6nemi de i\u00e7ine alan uzun bir s\u00fcreci kapsamaktad\u0131r. Ne yaz\u0131k ki bug\u00fcn bu yap\u0131dan tek bir iz bile kalmamas\u0131n\u0131n yan\u0131 s\u0131ra, yap\u0131n\u0131n i\u00e7inde bulundu\u011fu arazinin de istiml\u00e2k edilme tart\u0131\u015fmalar\u0131 g\u00fcndemdedir. Amac\u0131m\u0131z bir yandan bu yap\u0131n\u0131n Mersin tarihindeki yerini ortaya koyarken bir yandan da bu t\u00fcr tarihi yap\u0131lar\u0131n koruma alt\u0131na al\u0131nmalar\u0131 konusunda fark\u0131ndal\u0131k yaratmakt\u0131r. Bu denli anlaml\u0131 bir amaca hizmet eden bu eserin literat\u00fcre kazand\u0131r\u0131lmas\u0131na ortak olmaktan dolay\u0131 mutluluk duyuyoruz.<\/p>\n","protected":false},"excerpt":{"rendered":"<p>\u00c7al\u0131\u015fmam\u0131z\u0131n temel amac\u0131, b\u00f6ylesi \u00f6nemli bir kentin tarihinde iz b\u0131rakm\u0131\u015f bir kurum olan Mersin Hamidiye K\u0131\u015flas\u0131\u2019n\u0131n, Osmanl\u0131\u2019dan Cumhuriyet\u2019e kalan bir miras olarak nas\u0131l bir d\u00f6n\u00fc\u015f\u00fcm ya\u015fad\u0131\u011f\u0131n\u0131<span class=\"excerpt-hellip\"> [\u2026]<\/span><\/p>\n","protected":false},"featured_media":0,"template":"","meta":{"_monsterinsights_skip_tracking":false,"_monsterinsights_sitenote_active":false,"_monsterinsights_sitenote_note":"","_monsterinsights_sitenote_category":0},"product_brand":[],"product_cat":[12408,14197],"product_tag":[],"class_list":{"0":"post-728942","1":"product","2":"type-product","3":"status-publish","5":"product_cat-sanat","6":"product_cat-sanat-tarihi","7":"pa_cilt-ciltli","8":"pa_tur-kitap","9":"pa_yayinevi-bilgin-kultur-sanat","10":"pa_yazar-mustafa-erim-songul-ulutas","12":"first","13":"instock","14":"sale","15":"shipping-taxable","16":"purchasable","17":"product-type-simple"},"_links":{"self":[{"href":"https:\/\/roveyayinevi.com.tr\/index.php\/wp-json\/wp\/v2\/product\/728942","targetHints":{"allow":["GET"]}}],"collection":[{"href":"https:\/\/roveyayinevi.com.tr\/index.php\/wp-json\/wp\/v2\/product"}],"about":[{"href":"https:\/\/roveyayinevi.com.tr\/index.php\/wp-json\/wp\/v2\/types\/product"}],"wp:attachment":[{"href":"https:\/\/roveyayinevi.com.tr\/index.php\/wp-json\/wp\/v2\/media?parent=728942"}],"wp:term":[{"taxonomy":"product_brand","embeddable":true,"href":"https:\/\/roveyayinevi.com.tr\/index.php\/wp-json\/wp\/v2\/product_brand?post=728942"},{"taxonomy":"product_cat","embeddable":true,"href":"https:\/\/roveyayinevi.com.tr\/index.php\/wp-json\/wp\/v2\/product_cat?post=728942"},{"taxonomy":"product_tag","embeddable":true,"href":"https:\/\/roveyayinevi.com.tr\/index.php\/wp-json\/wp\/v2\/product_tag?post=728942"}],"curies":[{"name":"wp","href":"https:\/\/api.w.org\/{rel}","templated":true}]}}