{"id":728941,"date":"2025-08-27T20:47:28","date_gmt":"2025-08-27T17:47:28","guid":{"rendered":"https:\/\/roveyayinevi.com.tr\/index.php\/urun\/analitik-bilim-felsefesi\/"},"modified":"2026-04-16T02:36:41","modified_gmt":"2026-04-15T23:36:41","slug":"analitik-bilim-felsefesi","status":"publish","type":"product","link":"https:\/\/roveyayinevi.com.tr\/index.php\/urun\/analitik-bilim-felsefesi\/","title":{"rendered":"Analitik Bilim Felsefesi"},"content":{"rendered":"<p>Bilim, bireysel ve toplumsal hayat\u0131m\u0131za teknoloji olarak yans\u0131yarak g\u00fcn ge\u00e7tik\u00e7e vazge\u00e7ilmezimiz olmaktad\u0131r. Bilimin, teknolojiye d\u00f6n\u00fc\u015ferek g\u00fcnl\u00fck hayat\u0131m\u0131z\u0131 kolayla\u015ft\u0131rmas\u0131na kar\u015f\u0131l\u0131k, toplumdaki bireylerin bilimi do\u011fru anlamas\u0131 ve anlamland\u0131rmas\u0131nda etkisi \u00e7ok azd\u0131r. \u00c7\u00fcnk\u00fc toplumdaki bireyler g\u00fcnl\u00fck ya\u015famlar\u0131ndaki zorlu m\u00fccadelenin getirdi\u011fi s\u0131k\u0131nt\u0131larla u\u011fra\u015f\u0131rken, hayat\u0131n\u0131 kolayla\u015ft\u0131ran teknolojinin temelini olu\u015fturan bilimi do\u011fru anlama ve anlamland\u0131rmada hayat\u00ee \u00f6nem ta\u015f\u0131yan bilimin amac\u0131n\u0131, yap\u0131s\u0131n\u0131, hangi s\u00fcre\u00e7lerle i\u015fledi\u011fini ve de\u011ferini g\u00f6z ard\u0131 edebilmektedir. Bilim felsefesi, d\u00fc\u015f\u00fcnsel ve eylemsel a\u00e7\u0131dan bilimi do\u011fru anlamada ve anlamland\u0131rmada sadece bilimle u\u011fra\u015fanlara de\u011fil, ayn\u0131 zamanda bilimin nimetlerinden teknoloji olarak yararlanan toplumdaki bireylere de bilim ve bilimsel etkinliklere y\u00f6n veren farkl\u0131 bak\u0131\u015f a\u00e7\u0131lar\u0131n\u0131 kar\u015f\u0131la\u015ft\u0131rmal\u0131 olarak sunmaktad\u0131r.Kitapta, bilim felsefesinin teorik izd\u00fc\u015f\u00fcm\u00fc ve belli ba\u015fl\u0131 bilim felsefecilerinin g\u00f6r\u00fc\u015fleri, \u00e7al\u0131\u015fmalar\u0131 ele al\u0131nm\u0131\u015f; analitik bak\u0131\u015f a\u00e7\u0131s\u0131yla de\u011ferlendirmeler yap\u0131lm\u0131\u015ft\u0131r. \u00c7al\u0131\u015fmayla bilim felsefesinin neli\u011fi hakk\u0131nda farkl\u0131 bak\u0131\u015f a\u00e7\u0131lar\u0131 ortaya konmu\u015ftur. Kitab\u0131n, bilim felsefesi arac\u0131l\u0131\u011f\u0131yla bilimle u\u011fra\u015fanlar\u0131n ve toplumdaki bireylerin bilimi do\u011fru anlamas\u0131 ve anlamland\u0131rmas\u0131nda fark\u0131ndal\u0131k olu\u015fturulmas\u0131na bir nebze de olsa katk\u0131 yapmas\u0131 beklenmektedir.<\/p>\n","protected":false},"excerpt":{"rendered":"<p>Bilim, bireysel ve toplumsal hayat\u0131m\u0131za teknoloji olarak yans\u0131yarak g\u00fcn ge\u00e7tik\u00e7e vazge\u00e7ilmezimiz olmaktad\u0131r. Bilimin, teknolojiye d\u00f6n\u00fc\u015ferek g\u00fcnl\u00fck hayat\u0131m\u0131z\u0131 kolayla\u015ft\u0131rmas\u0131na kar\u015f\u0131l\u0131k, toplumdaki bireylerin bilimi do\u011fru anlamas\u0131 ve anlamland\u0131rmas\u0131nda<span class=\"excerpt-hellip\"> [\u2026]<\/span><\/p>\n","protected":false},"featured_media":0,"template":"","meta":{"_monsterinsights_skip_tracking":false,"_monsterinsights_sitenote_active":false,"_monsterinsights_sitenote_note":"","_monsterinsights_sitenote_category":0},"product_brand":[],"product_cat":[12389,12388],"product_tag":[],"class_list":{"0":"post-728941","1":"product","2":"type-product","3":"status-publish","5":"product_cat-diger-felsefe","6":"product_cat-felsefe","7":"pa_cilt-ciltsiz","8":"pa_tur-kitap","9":"pa_yayinevi-ani-yayincilik","10":"pa_yazar-ali-riza-erdem","12":"first","13":"instock","14":"sale","15":"shipping-taxable","16":"purchasable","17":"product-type-simple"},"_links":{"self":[{"href":"https:\/\/roveyayinevi.com.tr\/index.php\/wp-json\/wp\/v2\/product\/728941","targetHints":{"allow":["GET"]}}],"collection":[{"href":"https:\/\/roveyayinevi.com.tr\/index.php\/wp-json\/wp\/v2\/product"}],"about":[{"href":"https:\/\/roveyayinevi.com.tr\/index.php\/wp-json\/wp\/v2\/types\/product"}],"wp:attachment":[{"href":"https:\/\/roveyayinevi.com.tr\/index.php\/wp-json\/wp\/v2\/media?parent=728941"}],"wp:term":[{"taxonomy":"product_brand","embeddable":true,"href":"https:\/\/roveyayinevi.com.tr\/index.php\/wp-json\/wp\/v2\/product_brand?post=728941"},{"taxonomy":"product_cat","embeddable":true,"href":"https:\/\/roveyayinevi.com.tr\/index.php\/wp-json\/wp\/v2\/product_cat?post=728941"},{"taxonomy":"product_tag","embeddable":true,"href":"https:\/\/roveyayinevi.com.tr\/index.php\/wp-json\/wp\/v2\/product_tag?post=728941"}],"curies":[{"name":"wp","href":"https:\/\/api.w.org\/{rel}","templated":true}]}}