{"id":728937,"date":"2025-08-27T20:47:25","date_gmt":"2025-08-27T17:47:25","guid":{"rendered":"https:\/\/roveyayinevi.com.tr\/index.php\/urun\/fasist-yalanlarin-kisa-tarihi\/"},"modified":"2026-04-16T02:36:41","modified_gmt":"2026-04-15T23:36:41","slug":"fasist-yalanlarin-kisa-tarihi","status":"publish","type":"product","link":"https:\/\/roveyayinevi.com.tr\/index.php\/urun\/fasist-yalanlarin-kisa-tarihi\/","title":{"rendered":"Fa\u015fist Yalanlar\u0131n K\u0131sa Tarihi"},"content":{"rendered":"<p>\u201cGu\u0308nu\u0308mu\u0308zde yalan, artan oranda ampirik ger\u00e7ekli\u011fin yerini al\u0131yor. \u2018Uydurma haberler\u2019 ger\u00e7ek diye \u00f6nu\u0308mu\u0308ze konulduk\u00e7a, bunlardan yola \u00e7\u0131k\u0131larak olu\u015fturulan fikirler hu\u0308ku\u0308met politikalar\u0131na d\u00f6nu\u0308\u015fu\u0308yor. Bugu\u0308n \u2018hakikat \u00f6tesi\u2019 hakk\u0131nda konu\u015fulanlar\u0131n siyasi ve du\u0308\u015fu\u0308nsel k\u00f6keni fa\u015fist yalanlar\u0131n tarihinde yat\u0131yor. Bunu her daim hat\u0131rlamal\u0131y\u0131z.\u201d   Halk\u0131n bir b\u00f6lu\u0308mu\u0308nu\u0308n \u00f6zgu\u0308rlu\u0308\u011fu\u0308 ve refah\u0131n\u0131n di\u011fer bir b\u00f6lu\u0308mu\u0308nu\u0308n mutsuzlu\u011funa ve yoksunlu\u011funa endekslenmesi, i\u00e7inde bulundu\u011fumuz siyasi manzarada ilk g\u00f6ze \u00e7arpan motif olmaya ba\u015flad\u0131. Bu motifin do\u011falla\u015fmas\u0131n\u0131n yolunun yalan\u0131n kamu felsefesi olmas\u0131ndan ge\u00e7ti\u011fini du\u0308\u015fu\u0308nmek i\u00e7in elimizde pek \u00e7ok neden var. Federico Finchelstein Fa\u015fist Yalanlar\u0131n K\u0131sa Tarihi\u2019nde gu\u0308nu\u0308mu\u0308zdeki otoriterle\u015fme ve fa\u015fistle\u015fme e\u011filimini anlamaya \u00e7al\u0131\u015f\u0131rken, hem Hitler ve Mussolini\u2019nin \u201cs\u0131radan\u201d yalanlar olarak g\u00f6ru\u0308lemeyecek \u201cmitsel\u201d yalanlar\u0131na dair tarihsel ve felsefi bir okumaya giri\u015fiyor hem de yalan\u0131n\u0131n bir hu\u0308kmetme ve zulmetme arac\u0131 olarak bugu\u0308nu\u0308n otoriter popu\u0308list liderleri taraf\u0131ndan nas\u0131l devral\u0131nd\u0131\u011f\u0131n\u0131n izini su\u0308ru\u0308yor. Finchelstein fa\u015fist ve mitsel yalanlara kar\u015f\u0131 tarihi savunarak direnmenin \u00f6nemi u\u0308zerine du\u0308\u015fu\u0308nmeye \u00e7a\u011f\u0131r\u0131yor bizi. <\/p>\n","protected":false},"excerpt":{"rendered":"<p>\u201cGu\u0308nu\u0308mu\u0308zde yalan, artan oranda ampirik ger\u00e7ekli\u011fin yerini al\u0131yor. \u2018Uydurma haberler\u2019 ger\u00e7ek diye \u00f6nu\u0308mu\u0308ze konulduk\u00e7a, bunlardan yola \u00e7\u0131k\u0131larak olu\u015fturulan fikirler hu\u0308ku\u0308met politikalar\u0131na d\u00f6nu\u0308\u015fu\u0308yor. Bugu\u0308n \u2018hakikat \u00f6tesi\u2019 hakk\u0131nda<span class=\"excerpt-hellip\"> [\u2026]<\/span><\/p>\n","protected":false},"featured_media":0,"template":"","meta":{"_monsterinsights_skip_tracking":false,"_monsterinsights_sitenote_active":false,"_monsterinsights_sitenote_note":"","_monsterinsights_sitenote_category":0},"product_brand":[],"product_cat":[13590,12337],"product_tag":[],"class_list":{"0":"post-728937","1":"product","2":"type-product","3":"status-publish","5":"product_cat-arastirma-inceleme-politika-siyaset","6":"product_cat-politika-siyaset","7":"pa_cilt-ciltsiz","8":"pa_tur-kitap","9":"pa_yayinevi-iletisim-yayinlari","10":"pa_yazar-federico-finchelstein","12":"first","13":"instock","14":"sale","15":"shipping-taxable","16":"purchasable","17":"product-type-simple"},"_links":{"self":[{"href":"https:\/\/roveyayinevi.com.tr\/index.php\/wp-json\/wp\/v2\/product\/728937","targetHints":{"allow":["GET"]}}],"collection":[{"href":"https:\/\/roveyayinevi.com.tr\/index.php\/wp-json\/wp\/v2\/product"}],"about":[{"href":"https:\/\/roveyayinevi.com.tr\/index.php\/wp-json\/wp\/v2\/types\/product"}],"wp:attachment":[{"href":"https:\/\/roveyayinevi.com.tr\/index.php\/wp-json\/wp\/v2\/media?parent=728937"}],"wp:term":[{"taxonomy":"product_brand","embeddable":true,"href":"https:\/\/roveyayinevi.com.tr\/index.php\/wp-json\/wp\/v2\/product_brand?post=728937"},{"taxonomy":"product_cat","embeddable":true,"href":"https:\/\/roveyayinevi.com.tr\/index.php\/wp-json\/wp\/v2\/product_cat?post=728937"},{"taxonomy":"product_tag","embeddable":true,"href":"https:\/\/roveyayinevi.com.tr\/index.php\/wp-json\/wp\/v2\/product_tag?post=728937"}],"curies":[{"name":"wp","href":"https:\/\/api.w.org\/{rel}","templated":true}]}}