{"id":728936,"date":"2025-08-27T20:47:24","date_gmt":"2025-08-27T17:47:24","guid":{"rendered":"https:\/\/roveyayinevi.com.tr\/index.php\/urun\/yeryuzunun-lanetlileri\/"},"modified":"2026-04-16T02:36:41","modified_gmt":"2026-04-15T23:36:41","slug":"yeryuzunun-lanetlileri","status":"publish","type":"product","link":"https:\/\/roveyayinevi.com.tr\/index.php\/urun\/yeryuzunun-lanetlileri\/","title":{"rendered":"Yery\u00fcz\u00fcn\u00fcn Lanetlileri"},"content":{"rendered":"<p>\u201c\u0130nsanl\u0131\u011f\u0131n ileriye gitmesini istiyorsak, insanl\u0131\u011f\u0131 Avrupa\u2019n\u0131n yerle\u015ftirdi\u011finden farkl\u0131 bir du\u0308zeye g\u00f6tu\u0308rmek istiyorsak, \u00f6ncu\u0308 olmam\u0131z gerekiyor. Halk\u0131m\u0131z\u0131n beklentilerine yan\u0131t vermek istiyorsak, Avrupa d\u0131\u015f\u0131nda ba\u015fka yerlere bakmam\u0131z gerekiyor. Ayr\u0131ca, Avrupal\u0131lar\u0131n beklentilerine yan\u0131t vermek istiyorsak, onlara, ne kadar ideal olursa olsun, zaman zaman onlar\u0131n bile midesini buland\u0131ran toplumlar\u0131n\u0131n ve du\u0308\u015fu\u0308ncelerinin bir yans\u0131mas\u0131n\u0131 g\u00f6ndermemeliyiz. Avrupa i\u00e7in, kendimiz i\u00e7in ve insanl\u0131k i\u00e7in, yolda\u015flar, yeni bir ba\u015flang\u0131\u00e7 yapmal\u0131, yeni bir du\u0308\u015fu\u0308nce tarz\u0131 geli\u015ftirmeli ve yeni bir insan yaratmaya \u00e7al\u0131\u015fmal\u0131y\u0131z.\u201d Frantz Fanon 1961\u2019de, Cezayir Sava\u015f\u0131\u2019nda s\u00f6mu\u0308rgeci \u015fiddetin zincirlerinden bo\u015fand\u0131\u011f\u0131 bir d\u00f6nemde yay\u0131mlanan Yeryu\u0308zu\u0308nu\u0308n Lanetlileri, o gu\u0308nden beri s\u00f6mu\u0308rgecilik kar\u015f\u0131t\u0131 mu\u0308cadelenin ba\u015fyap\u0131tlar\u0131ndan biri oldu. Frantz Fanon\u2019un, s\u00f6mu\u0308rgele\u015ftirilmi\u015f insan\u0131n ya\u015fad\u0131\u011f\u0131 travmay\u0131 inceleyen ve bir tu\u0308r siyasal vasiyeti mahiyetindeki bu eseri, \u00dc\u00e7u\u0308ncu\u0308 Du\u0308nya devrimi u\u0308topyas\u0131na da \u0131\u015f\u0131k tutuyordu. Fransa\u2019da ilk yay\u0131mland\u0131\u011f\u0131nda birka\u00e7 kez yasaklanan bu kitap, gu\u0308nu\u0308mu\u0308zde postkolonyal \u00e7al\u0131\u015fmalar\u0131n temel referans kitab\u0131 olmaya devam ediyor.   Jean-Paul Sartre\u2019\u0131n kitab\u0131n ilk bask\u0131s\u0131na yazd\u0131\u011f\u0131 u\u0308nlu\u0308 \u00f6ns\u00f6ze ilaveten Alice Cherki ve Mohammed Harbi, yazd\u0131klar\u0131 \u00f6ns\u00f6z ve sons\u00f6zlerde Fanon\u2019un du\u0308\u015fu\u0308ncesinin gu\u0308nu\u0308mu\u0308ze kadar devam eden \u00f6nemini ele al\u0131yorlar. <\/p>\n","protected":false},"excerpt":{"rendered":"<p>\u201c\u0130nsanl\u0131\u011f\u0131n ileriye gitmesini istiyorsak, insanl\u0131\u011f\u0131 Avrupa\u2019n\u0131n yerle\u015ftirdi\u011finden farkl\u0131 bir du\u0308zeye g\u00f6tu\u0308rmek istiyorsak, \u00f6ncu\u0308 olmam\u0131z gerekiyor. Halk\u0131m\u0131z\u0131n beklentilerine yan\u0131t vermek istiyorsak, Avrupa d\u0131\u015f\u0131nda ba\u015fka yerlere bakmam\u0131z gerekiyor.<span class=\"excerpt-hellip\"> [\u2026]<\/span><\/p>\n","protected":false},"featured_media":0,"template":"","meta":{"_monsterinsights_skip_tracking":false,"_monsterinsights_sitenote_active":false,"_monsterinsights_sitenote_note":"","_monsterinsights_sitenote_category":0},"product_brand":[],"product_cat":[13590,12337],"product_tag":[],"class_list":{"0":"post-728936","1":"product","2":"type-product","3":"status-publish","5":"product_cat-arastirma-inceleme-politika-siyaset","6":"product_cat-politika-siyaset","7":"pa_cilt-ciltsiz","8":"pa_tur-kitap","9":"pa_yayinevi-iletisim-yayinlari","10":"pa_yazar-frantz-fanon","12":"first","13":"instock","14":"sale","15":"shipping-taxable","16":"purchasable","17":"product-type-simple"},"_links":{"self":[{"href":"https:\/\/roveyayinevi.com.tr\/index.php\/wp-json\/wp\/v2\/product\/728936","targetHints":{"allow":["GET"]}}],"collection":[{"href":"https:\/\/roveyayinevi.com.tr\/index.php\/wp-json\/wp\/v2\/product"}],"about":[{"href":"https:\/\/roveyayinevi.com.tr\/index.php\/wp-json\/wp\/v2\/types\/product"}],"wp:attachment":[{"href":"https:\/\/roveyayinevi.com.tr\/index.php\/wp-json\/wp\/v2\/media?parent=728936"}],"wp:term":[{"taxonomy":"product_brand","embeddable":true,"href":"https:\/\/roveyayinevi.com.tr\/index.php\/wp-json\/wp\/v2\/product_brand?post=728936"},{"taxonomy":"product_cat","embeddable":true,"href":"https:\/\/roveyayinevi.com.tr\/index.php\/wp-json\/wp\/v2\/product_cat?post=728936"},{"taxonomy":"product_tag","embeddable":true,"href":"https:\/\/roveyayinevi.com.tr\/index.php\/wp-json\/wp\/v2\/product_tag?post=728936"}],"curies":[{"name":"wp","href":"https:\/\/api.w.org\/{rel}","templated":true}]}}