{"id":728933,"date":"2025-08-27T20:47:22","date_gmt":"2025-08-27T17:47:22","guid":{"rendered":"https:\/\/roveyayinevi.com.tr\/index.php\/urun\/hiyerofant\/"},"modified":"2026-04-16T02:36:41","modified_gmt":"2026-04-15T23:36:41","slug":"hiyerofant","status":"publish","type":"product","link":"https:\/\/roveyayinevi.com.tr\/index.php\/urun\/hiyerofant\/","title":{"rendered":"Hiyerofant"},"content":{"rendered":"<p>S\u0131radan bir arka kapak yaz\u0131s\u0131nda g\u00f6rmeye al\u0131\u015fk\u0131n oldu\u011fumuz \u015feyler vard\u0131r; kitab\u0131n konusundan haberdar olur, g\u00f6z temas\u0131 kurdu\u011fumuz o k\u0131sac\u0131k an i\u00e7inde cezbedici unsurlar\u0131n listesini edinir, bizi neyin bekledi\u011fi \u00f6ng\u00f6r\u00fcs\u00fcne kavu\u015furuz.   Ancak bu kez tersinden gidip kitapta olmayanlar\u0131 sayaca\u011f\u0131z \u00e7\u00fcnk\u00fc elinizde tuttu\u011funuz, kal\u0131plar\u0131n fersah fersah \u00f6tesindeki eser tam da bunu gerektiriyor: Hiyerofant\u2019ta bildi\u011fimiz anlam\u0131yla zaman yok ve al\u0131\u015f\u0131lageldi\u011fi \u00fczere ak\u0131p gitmiyor. \u00c7anakkale\u2019nin kanla sulan\u0131p \u00e7amurla\u015fan topra\u011f\u0131na bast\u0131ktan hemen sonra, kallavi bir son yeme\u011fin ard\u0131ndan toplu intihara haz\u0131rlanan Nazileri g\u00f6zleyebilirsiniz. \u00c7o\u011fumuzun ad\u0131n\u0131 ezberden sayd\u0131\u011f\u0131, hiddetinden sual olunmaz, unutulmu\u015f tanr\u0131lar yok; hem mesele hiddet olunca s\u0131ra onlara gelmedi\u011finden hem de bu \u00e2lemde rolleri da\u011f\u0131tan as\u0131l varl\u0131\u011fa yer a\u00e7mak istendi\u011finden. Simyan\u0131n s\u0131rr\u0131n\u0131 ararken \u00f6l\u00fcms\u00fczl\u00fc\u011f\u00fc y\u00e2r gibi \u00f6zleyenler yok; \u00f6l\u00fcm\u00fcne susam\u0131\u015f \u00f6l\u00fcms\u00fczlerin i\u00e7 yakan \u00f6yk\u00fcs\u00fcn\u00fc de dinleyelim diye muhtemelen. Dudaklar\u0131na anne s\u00fct\u00fcnden \u00f6nce baba kan\u0131 de\u011fenlerin, bir vakitler \u0130stanbul\u2019un g\u00f6be\u011finden ge\u00e7mi\u015f Vikinglere tan\u0131kl\u0131k edenlerin, A\u015fiyan\u2019daki hayaletlerden ba\u015fka arkada\u015f\u0131 olmayan \u00e7ocuklar\u0131n, ya\u015fl\u0131 bir adam\u0131n suretine b\u00fcr\u00fcn\u00fcp evvel ezel var olanlar\u0131n, g\u00f6zlerini k\u0131sarak Bo\u011faz\u2019a bak\u0131nca devasa bir mezarl\u0131k g\u00f6renlerin yurdu buras\u0131&#8230; K\u0131sacas\u0131, imk\u00e2ns\u0131z denen bir \u015fey yok!   Sizinle kitab\u0131n sonunu tahmin edip edemeyece\u011finize dair bahse de tutu\u015fmayaca\u011f\u0131z, ilk b\u00f6l\u00fcm\u00fcn ba\u015fl\u0131\u011f\u0131nda zaten \u201cSon\u201d yaz\u0131yor&#8230;   As\u0131l mesele \u015fu: Her \u015feyin nas\u0131l ba\u015flad\u0131\u011f\u0131n\u0131 anlayabilecek misiniz? <\/p>\n","protected":false},"excerpt":{"rendered":"<p>S\u0131radan bir arka kapak yaz\u0131s\u0131nda g\u00f6rmeye al\u0131\u015fk\u0131n oldu\u011fumuz \u015feyler vard\u0131r; kitab\u0131n konusundan haberdar olur, g\u00f6z temas\u0131 kurdu\u011fumuz o k\u0131sac\u0131k an i\u00e7inde cezbedici unsurlar\u0131n listesini edinir, bizi<span class=\"excerpt-hellip\"> [\u2026]<\/span><\/p>\n","protected":false},"featured_media":0,"template":"","meta":{"_monsterinsights_skip_tracking":false,"_monsterinsights_sitenote_active":false,"_monsterinsights_sitenote_note":"","_monsterinsights_sitenote_category":0},"product_brand":[],"product_cat":[12291,12711],"product_tag":[],"class_list":{"0":"post-728933","1":"product","2":"type-product","3":"status-publish","5":"product_cat-edebiyat","6":"product_cat-roman-oyku","7":"pa_cilt-ciltsiz","8":"pa_tur-kitap","9":"pa_yayinevi-epsilon-yayinlari","10":"pa_yazar-hasan-hayyam","12":"first","13":"instock","14":"sale","15":"shipping-taxable","16":"purchasable","17":"product-type-simple"},"_links":{"self":[{"href":"https:\/\/roveyayinevi.com.tr\/index.php\/wp-json\/wp\/v2\/product\/728933","targetHints":{"allow":["GET"]}}],"collection":[{"href":"https:\/\/roveyayinevi.com.tr\/index.php\/wp-json\/wp\/v2\/product"}],"about":[{"href":"https:\/\/roveyayinevi.com.tr\/index.php\/wp-json\/wp\/v2\/types\/product"}],"wp:attachment":[{"href":"https:\/\/roveyayinevi.com.tr\/index.php\/wp-json\/wp\/v2\/media?parent=728933"}],"wp:term":[{"taxonomy":"product_brand","embeddable":true,"href":"https:\/\/roveyayinevi.com.tr\/index.php\/wp-json\/wp\/v2\/product_brand?post=728933"},{"taxonomy":"product_cat","embeddable":true,"href":"https:\/\/roveyayinevi.com.tr\/index.php\/wp-json\/wp\/v2\/product_cat?post=728933"},{"taxonomy":"product_tag","embeddable":true,"href":"https:\/\/roveyayinevi.com.tr\/index.php\/wp-json\/wp\/v2\/product_tag?post=728933"}],"curies":[{"name":"wp","href":"https:\/\/api.w.org\/{rel}","templated":true}]}}