{"id":728931,"date":"2025-08-27T20:47:20","date_gmt":"2025-08-27T17:47:20","guid":{"rendered":"https:\/\/roveyayinevi.com.tr\/index.php\/urun\/attika-geceleri\/"},"modified":"2026-04-16T02:36:41","modified_gmt":"2026-04-15T23:36:41","slug":"attika-geceleri","status":"publish","type":"product","link":"https:\/\/roveyayinevi.com.tr\/index.php\/urun\/attika-geceleri\/","title":{"rendered":"Attika Geceleri"},"content":{"rendered":"<p>Attika Geceleri\u201d (Noctes Atticae), Aulus Gellius\u2019un bilinen tek yap\u0131t\u0131d\u0131r. Aslen hukuk\u00e7u ve felsefeye d\u00fc\u015fk\u00fcn bir k\u00fclt\u00fcr adam\u0131 olan Gellius\u2019un bu eseri, gen\u00e7li\u011finde felsefe merak\u0131yla gitti\u011fi Atina&#8217;da okumu\u015f oldu\u011fu eserlerden yapt\u0131\u011f\u0131 k\u0131sa ya da uzun al\u0131nt\u0131lardan, kendi yorum ve hat\u0131ralar\u0131ndan olu\u015fur. Eserde yer verilen konular felsefe, mant\u0131k, gramer, etimoloji, hukuk, tarihi an\u0131 ve anekdotlar, biyografi, eski gelenekler, s\u00f6ylenceler, m\u00fczik, astronomi, spor ve oyunlar, festivaller, din\u00ee bayramlar, mitoloji, devlet i\u015fleri, co\u011frafya ve topografya, Senatus kararlar\u0131, falc\u0131l\u0131k ve kehanet, giyim ku\u015fam ve g\u00f6rg\u00fc kurallar\u0131, gastronomi, sava\u015f sanat\u0131 ve askerlik, g\u00fczel konu\u015fma, do\u011fa tarihi, ahl\u00e2k, metin ele\u015ftirisi, g\u00fcnl\u00fck ya\u015fam, kamu hayat\u0131, k\u00fct\u00fcphaneler, sahne sanatlar\u0131, g\u00fczel sanatlar ve hekimlik gibi disiplinlere yay\u0131lan geni\u015f bir yelpazeyi kapsar. G\u00fcn\u00fcm\u00fcze ula\u015fmam\u0131\u015f ya da az bilinen bir\u00e7ok kitap ya da \u015fahsiyete dair bilgi i\u00e7ermesiyle bu eser ayn\u0131 zamanda Eski\u00e7a\u011f edebiyat\u0131 ve d\u00fcnyas\u0131 hakk\u0131nda \u00f6nemli bir referans kayna\u011f\u0131d\u0131r.    <\/p>\n","protected":false},"excerpt":{"rendered":"<p>Attika Geceleri\u201d (Noctes Atticae), Aulus Gellius\u2019un bilinen tek yap\u0131t\u0131d\u0131r. Aslen hukuk\u00e7u ve felsefeye d\u00fc\u015fk\u00fcn bir k\u00fclt\u00fcr adam\u0131 olan Gellius\u2019un bu eseri, gen\u00e7li\u011finde felsefe merak\u0131yla gitti\u011fi Atina&#8217;da<span class=\"excerpt-hellip\"> [\u2026]<\/span><\/p>\n","protected":false},"featured_media":0,"template":"","meta":{"_monsterinsights_skip_tracking":false,"_monsterinsights_sitenote_active":false,"_monsterinsights_sitenote_note":"","_monsterinsights_sitenote_category":0},"product_brand":[],"product_cat":[12312,12304],"product_tag":[],"class_list":{"0":"post-728931","1":"product","2":"type-product","3":"status-publish","5":"product_cat-diger","6":"product_cat-tarih","7":"pa_cilt-ciltsiz","8":"pa_tur-kitap","9":"pa_yayinevi-dogu-bati-yayinlari","10":"pa_yazar-aulus-gellius","12":"first","13":"instock","14":"sale","15":"shipping-taxable","16":"purchasable","17":"product-type-simple"},"_links":{"self":[{"href":"https:\/\/roveyayinevi.com.tr\/index.php\/wp-json\/wp\/v2\/product\/728931","targetHints":{"allow":["GET"]}}],"collection":[{"href":"https:\/\/roveyayinevi.com.tr\/index.php\/wp-json\/wp\/v2\/product"}],"about":[{"href":"https:\/\/roveyayinevi.com.tr\/index.php\/wp-json\/wp\/v2\/types\/product"}],"wp:attachment":[{"href":"https:\/\/roveyayinevi.com.tr\/index.php\/wp-json\/wp\/v2\/media?parent=728931"}],"wp:term":[{"taxonomy":"product_brand","embeddable":true,"href":"https:\/\/roveyayinevi.com.tr\/index.php\/wp-json\/wp\/v2\/product_brand?post=728931"},{"taxonomy":"product_cat","embeddable":true,"href":"https:\/\/roveyayinevi.com.tr\/index.php\/wp-json\/wp\/v2\/product_cat?post=728931"},{"taxonomy":"product_tag","embeddable":true,"href":"https:\/\/roveyayinevi.com.tr\/index.php\/wp-json\/wp\/v2\/product_tag?post=728931"}],"curies":[{"name":"wp","href":"https:\/\/api.w.org\/{rel}","templated":true}]}}