{"id":728927,"date":"2025-08-27T20:47:17","date_gmt":"2025-08-27T17:47:17","guid":{"rendered":"https:\/\/roveyayinevi.com.tr\/index.php\/urun\/hep-insan\/"},"modified":"2026-04-16T02:36:41","modified_gmt":"2026-04-15T23:36:41","slug":"hep-insan","status":"publish","type":"product","link":"https:\/\/roveyayinevi.com.tr\/index.php\/urun\/hep-insan\/","title":{"rendered":"Hep \u0130nsan"},"content":{"rendered":"<p>\u201cBiraz tarih, biraz biraz felsefe, biraz din, biraz siyaset; ama \u2018hep \u0130nsan.\u2019\u201d Yazd\u0131klar\u0131m insan\u0131n tarihsel ilerleme s\u00fcrecindeki inan\u0131\u015f, d\u00fc\u015f\u00fcnce ve eylemlerini anlamaya y\u00f6nelik k\u0131sa bir derlemedir. \u0130nsan do\u011fas\u0131 gere\u011fi bilmek isteyen bir canl\u0131d\u0131r, merak eder. \u0130nsanl\u0131k miras\u0131na pozitif de\u011fer katabilecek eylemlerde bulunabilmek i\u00e7in gerekli 3 temel ad\u0131m \u015funlard\u0131r: 1- Oku (alg\u0131la\/duy\/tez) 2- Bil (anlam\/kategori\/antitez) 3- D\u00fc\u015f\u00fcn (sentez\/sezgi) \u0130nsan\u0131n inanc\u0131 bu \u00fc\u00e7 eylemden sonra olu\u015fmal\u0131d\u0131r. Bilin\u00e7, akl\u0131n yol g\u00f6sterdi\u011fi ayd\u0131nl\u0131kta ilerler. Yani insanl\u0131k bilin\u00e7tir. \u0130nsan eylemlerini hissederek ve inanarak yapar. \u0130nanmayan insan eylemde bulunmaz. Eylemler yap\u0131c\u0131 ya da yok edici olabilece\u011fi i\u00e7in inan\u00e7lar\u0131n bilmeye dayanmas\u0131 \u015fartt\u0131r. \u201cHarekete ge\u00e7mi\u015f cehaletten daha korkun\u00e7 bir \u015fey yoktur.\u201d         Goethe \u0130nsan eylemleri, insan i\u00e7in iyi olan\u0131 aramal\u0131; insan yarar\u0131n\u0131, insan onurunu korumaya y\u00f6nelik olmal\u0131d\u0131r. Bu konuda \u0131rk ve s\u0131n\u0131f ayr\u0131m\u0131 yoktur. T\u00fcm insanlar e\u011fitilebilir. H\u00fcmanizm odakl\u0131 olmal\u0131d\u0131r. \u0130nsan\u0131n zaman i\u00e7indeki de\u011fi\u015fiminde olumlu y\u00f6nde ilerlemesine hizmet etmelidir. Bu kitap bir insan\u0131n bilme yolculu\u011fudur.<\/p>\n","protected":false},"excerpt":{"rendered":"<p>\u201cBiraz tarih, biraz biraz felsefe, biraz din, biraz siyaset; ama \u2018hep \u0130nsan.\u2019\u201d Yazd\u0131klar\u0131m insan\u0131n tarihsel ilerleme s\u00fcrecindeki inan\u0131\u015f, d\u00fc\u015f\u00fcnce ve eylemlerini anlamaya y\u00f6nelik k\u0131sa bir derlemedir.<span class=\"excerpt-hellip\"> [\u2026]<\/span><\/p>\n","protected":false},"featured_media":0,"template":"","meta":{"_monsterinsights_skip_tracking":false,"_monsterinsights_sitenote_active":false,"_monsterinsights_sitenote_note":"","_monsterinsights_sitenote_category":0},"product_brand":[],"product_cat":[16038,12388],"product_tag":[],"class_list":{"0":"post-728927","1":"product","2":"type-product","3":"status-publish","5":"product_cat-arastirma-inceleme-referans-felsefe","6":"product_cat-felsefe","7":"pa_cilt-ciltsiz","8":"pa_tur-kitap","9":"pa_yayinevi-luna-yayinlari","10":"pa_yazar-hatice-banu-atay","12":"first","13":"instock","14":"sale","15":"shipping-taxable","16":"purchasable","17":"product-type-simple"},"_links":{"self":[{"href":"https:\/\/roveyayinevi.com.tr\/index.php\/wp-json\/wp\/v2\/product\/728927","targetHints":{"allow":["GET"]}}],"collection":[{"href":"https:\/\/roveyayinevi.com.tr\/index.php\/wp-json\/wp\/v2\/product"}],"about":[{"href":"https:\/\/roveyayinevi.com.tr\/index.php\/wp-json\/wp\/v2\/types\/product"}],"wp:attachment":[{"href":"https:\/\/roveyayinevi.com.tr\/index.php\/wp-json\/wp\/v2\/media?parent=728927"}],"wp:term":[{"taxonomy":"product_brand","embeddable":true,"href":"https:\/\/roveyayinevi.com.tr\/index.php\/wp-json\/wp\/v2\/product_brand?post=728927"},{"taxonomy":"product_cat","embeddable":true,"href":"https:\/\/roveyayinevi.com.tr\/index.php\/wp-json\/wp\/v2\/product_cat?post=728927"},{"taxonomy":"product_tag","embeddable":true,"href":"https:\/\/roveyayinevi.com.tr\/index.php\/wp-json\/wp\/v2\/product_tag?post=728927"}],"curies":[{"name":"wp","href":"https:\/\/api.w.org\/{rel}","templated":true}]}}