{"id":728926,"date":"2025-08-27T20:47:16","date_gmt":"2025-08-27T17:47:16","guid":{"rendered":"https:\/\/roveyayinevi.com.tr\/index.php\/urun\/anilarimla-destekli-ulkemizin-son-50-yilindaki-savunma-havaciligi-seruveni\/"},"modified":"2026-04-16T02:36:41","modified_gmt":"2026-04-15T23:36:41","slug":"anilarimla-destekli-ulkemizin-son-50-yilindaki-savunma-havaciligi-seruveni","status":"publish","type":"product","link":"https:\/\/roveyayinevi.com.tr\/index.php\/urun\/anilarimla-destekli-ulkemizin-son-50-yilindaki-savunma-havaciligi-seruveni\/","title":{"rendered":"An\u0131lar\u0131mla Destekli \u00dclkemizin Son 50 Y\u0131l\u0131ndaki Savunma Havac\u0131l\u0131\u011f\u0131 Ser\u00fcveni"},"content":{"rendered":"<p>&#8220;Savunma havac\u0131l\u0131k sekt\u00f6r\u00fcn\u00fcn teknolojilerindeki son 50 y\u0131ldaki de\u011fi\u015fim ve geli\u015fmeleri benim a\u011fz\u0131mdan duyarken konu ile ilgili an\u0131lar\u0131m\u0131 yazd\u0131\u011f\u0131m\u0131 da fark etmi\u015ftim. Asl\u0131nda, an\u0131lar\u0131n kronolojik geli\u015fmesi i\u00e7inde hayat\u0131m boyunca emek verdi\u011fim savunma havac\u0131l\u0131\u011f\u0131n\u0131 anlat\u0131l\u0131rken buna paralel olarak zaman i\u00e7inde olu\u015fan entelekt\u00fcel birikime de de\u011finilmeden ge\u00e7ilmiyordu. Bunlar\u0131n i\u00e7inde \u00fclkemizin \u00e7a\u011fda\u015fla\u015fmas\u0131 i\u00e7in verilen \u00e7abalar\u0131n bir k\u0131sm\u0131na yapt\u0131\u011f\u0131m katk\u0131y\u0131 da anlatmay\u0131 de\u011ferli buldum. \u00dczerinde \u00f6nemle durdu\u011fum bir ba\u015fka konu da hayat\u0131m boyunca ili\u015fkide bulundu\u011fum ki\u015fileri isimleriyle anmakt\u0131 \u00e7\u00fcnk\u00fc onlar b\u00fct\u00fcn bu an\u0131lar\u0131n ve ayd\u0131nl\u0131\u011fa do\u011fru ilerlemenin akt\u00f6rleriydiler.\u201d Prof. Dr. Ahmet \u015e. \u00dc\u00e7er, kendi an\u0131lar\u0131n\u0131 anlat\u0131rken asl\u0131nda \u00fclkemizin savunma havac\u0131l\u0131\u011f\u0131 ser\u00fcvenini de anlat\u0131yor. ODT\u00dc\u2019de ba\u015flay\u0131p T\u00dcB\u0130TAK ve NATO\u2019da \u00fcst d\u00fczey g\u00f6revlerde bulunduktan sonra TUSA\u015e\u2019ta devam eden kariyeri, savunma havac\u0131l\u0131\u011f\u0131m\u0131z\u0131n mihenk ta\u015flar\u0131n\u0131 i\u00e7eriyor. Kitap ayn\u0131 zamanda \u00fclkemizin uluslararas\u0131 imaj\u0131n\u0131n nas\u0131l de\u011fi\u015fti\u011fini a\u015fama a\u015fama g\u00f6zler \u00f6n\u00fcne seriyor. Bu kitab\u0131 sadece havac\u0131l\u0131\u011fa ilgi duyanlar de\u011fil, herkes ilgiyle ve bir \u00e7\u0131rp\u0131da okuyabilecek&#8230; <\/p>\n","protected":false},"excerpt":{"rendered":"<p>&#8220;Savunma havac\u0131l\u0131k sekt\u00f6r\u00fcn\u00fcn teknolojilerindeki son 50 y\u0131ldaki de\u011fi\u015fim ve geli\u015fmeleri benim a\u011fz\u0131mdan duyarken konu ile ilgili an\u0131lar\u0131m\u0131 yazd\u0131\u011f\u0131m\u0131 da fark etmi\u015ftim. Asl\u0131nda, an\u0131lar\u0131n kronolojik geli\u015fmesi i\u00e7inde<span class=\"excerpt-hellip\"> [\u2026]<\/span><\/p>\n","protected":false},"featured_media":0,"template":"","meta":{"_monsterinsights_skip_tracking":false,"_monsterinsights_sitenote_active":false,"_monsterinsights_sitenote_note":"","_monsterinsights_sitenote_category":0},"product_brand":[],"product_cat":[13701,12291],"product_tag":[],"class_list":{"0":"post-728926","1":"product","2":"type-product","3":"status-publish","5":"product_cat-ani-mektup-gunluk","6":"product_cat-edebiyat","7":"pa_cilt-ciltsiz","8":"pa_tur-kitap","9":"pa_yayinevi-luna-yayinlari","10":"pa_yazar-ahmet-s-ucer","12":"first","13":"instock","14":"sale","15":"shipping-taxable","16":"purchasable","17":"product-type-simple"},"_links":{"self":[{"href":"https:\/\/roveyayinevi.com.tr\/index.php\/wp-json\/wp\/v2\/product\/728926","targetHints":{"allow":["GET"]}}],"collection":[{"href":"https:\/\/roveyayinevi.com.tr\/index.php\/wp-json\/wp\/v2\/product"}],"about":[{"href":"https:\/\/roveyayinevi.com.tr\/index.php\/wp-json\/wp\/v2\/types\/product"}],"wp:attachment":[{"href":"https:\/\/roveyayinevi.com.tr\/index.php\/wp-json\/wp\/v2\/media?parent=728926"}],"wp:term":[{"taxonomy":"product_brand","embeddable":true,"href":"https:\/\/roveyayinevi.com.tr\/index.php\/wp-json\/wp\/v2\/product_brand?post=728926"},{"taxonomy":"product_cat","embeddable":true,"href":"https:\/\/roveyayinevi.com.tr\/index.php\/wp-json\/wp\/v2\/product_cat?post=728926"},{"taxonomy":"product_tag","embeddable":true,"href":"https:\/\/roveyayinevi.com.tr\/index.php\/wp-json\/wp\/v2\/product_tag?post=728926"}],"curies":[{"name":"wp","href":"https:\/\/api.w.org\/{rel}","templated":true}]}}