{"id":728924,"date":"2025-08-27T20:47:14","date_gmt":"2025-08-27T17:47:14","guid":{"rendered":"https:\/\/roveyayinevi.com.tr\/index.php\/urun\/biyografi-analiz-3-kaosa-karsi-duzen\/"},"modified":"2026-04-16T02:36:41","modified_gmt":"2026-04-15T23:36:41","slug":"biyografi-analiz-3-kaosa-karsi-duzen","status":"publish","type":"product","link":"https:\/\/roveyayinevi.com.tr\/index.php\/urun\/biyografi-analiz-3-kaosa-karsi-duzen\/","title":{"rendered":"Biyografi Analiz 3 &#8211; Kaos&#8217;a Kar\u015f\u0131 D\u00fczen"},"content":{"rendered":"<p>Ni\u00e7in Biyografi Analiz 3?Biyografi Analiz Nisan 2003-Nisan 2005 tarihleri aras\u0131nda 14 say\u0131 yay\u0131nlanan bir dergi. Biyografi Analiz yay\u0131n\u0131ndan y\u0131llar sonra bile okunan bir i\u00e7erik olmu\u015ftur. Biyografi Analiz 3, se\u00e7ki-kitap format\u0131nda yay\u0131nlan\u0131yor. Biyografi Analiz 3, biyografi disiplininde yeni i\u00e7erikler sunmaktad\u0131r. Gelece\u011fin B\u00fcy\u00fck T\u00fcrkiyesi\u2019nin hayaliyle\u2026\u0130\u00c7\u0130NDEK\u0130LERDOSYA B\u0130YOGRAF\u0130Prof. I\u015f\u0131kp\u0131nar k\u00f6m\u00fcrle \u00e7al\u0131\u015fan kamyon \u00fcretti! \/ Kemal \u00c7iftciSofya gezisi notlar\u0131m\u0131z \/ Emine Akd\u00fczen &amp; Abdurrahman Akd\u00fczenAhmet Hamdi Tanp\u0131nar ve 19.As\u0131r T\u00fcrk Edebiyat\u0131 Tarihi \/ Adnan OcakSaid Halim Belgeseli nas\u0131l \u00e7ekildi? \/ Arif Hakverdi\u0130badullah Vakf\u0131 kitab\u0131ndan Vehbi Ko\u00e7 \u015feceresine \/ Ali K\u0131lc\u0131Marilyn Monroe\u2019nun psikolojisi\/ Fatmag\u00fcl Selcen \u00c7etin\u0130ncili \u00c7avu\u015f karakteri etraf\u0131nda \/ Hasan G\u00fcrp\u0131narMilletini ta\u015f\u0131yan adam: Dimitri Kara\u00e7oban \/ \u0130slam GemiciAcaba dostumuz Nietzsche \u2018L\u00e2\u2019da m\u0131 kald\u0131? \/ Birol DokB\u00fcy\u00fck Harbin Yaz\u0131c\u0131s\u0131: Yarbay Bursal\u0131 Mehmet Nihat Bey \/ Mustafa Nadir \u00d6nayAlb\u00fcm \u00d6mer Ziya Belviranl\u0131 \/ Haz\u0131rlayan Mustafa Nadir \u00d6nayBira \u015fi\u015fesinde kopan \u00c7anakkale F\u0131rt\u0131nas\u0131 \/ Erhan \u00c7ardakl\u0131B\u0130YOGRAF\u0130 AT\u00d6LYES\u0130 DENEY\u0130M\u0130Ni\u00e7in Biyografi At\u00f6lyesi? \/ Mahmut \u00c7etinBiyografi At\u00f6lyesi 2015-2016 \/ Program Ak\u0131\u015f\u0131Hamam\u00f6n\u00fc\u2019n\u00fcn dar sokaklar\u0131 aras\u0131nda \/ M.Tu\u011frul \u00c7ak\u0131rBahri Kara\u00e7ay\u2019\u0131n eseri: Ya\u015fam\u0131n S\u0131rr\u0131 DNA \/ M.Tu\u011frul \u00c7ak\u0131rAsala\u2019n\u0131n T\u00fcrk Diplomatlar\u0131\u2019na Sald\u0131r\u0131lar\u0131 \/ Mustafa \u00c7a\u011fr\u0131 \u00c7etinT\u00fcrk Milletinin En B\u00fcy\u00fck \u0130stihbarat\u00e7\u0131lar\u0131ndan: Ubeydullah Efendi \/ Erol ElmasNehir s\u00f6yle\u015fi tekni\u011fi ile \u00fc\u00e7 kitap \/ Osman \u00c7ak\u0131rMemleket Hasreti \/ Selim G\u00fcrb\u00fczerT\u00fcrk K\u00fclt\u00fcr\u00fc\u2019nde Yedi Uyurlar K\u00fclt\u00fc ve Edebi D\u00f6n\u00fc\u015f\u00fcmleri \/ Dr.Abdullah Demirci\u015e\u00fckr\u00fc Karaca\u2019y\u0131 hat\u0131rlamak \/ Fikri UysalSel\u00e7uklu Devleti ve \u0130mam-\u0131 Gazali \/ Sedat BulutT\u00fcrk Sinemas\u0131\u2019n\u0131n Kurucusu Fuat Uzk\u0131nay Belgeseli \/ Dr. Mustafa \u00c7etinN\u0130\u00c7\u0130N B\u0130YOGRAF\u0130 DOSYASIBiyografi \/ hayat hik\u00e2yesi \/ O\u011fuz \u00c7etino\u011fluBiyografi, biyografl\u0131k ve t\u00fcrevleri\/ Nesrin KaracaBiyografilerde mesafe meselesi \/ F\u0131rat Ender Ko\u00e7yi\u011fitKendini yazmak m\u00fcmk\u00fcn m\u00fc? \/ G. Gonca G\u00f6kalp AlpaslanBe\u015fir Ayvazo\u011flu: Biyografi yazmak bir t\u00fcr tayyi mekan yapmakt\u0131r \/ Erhan \u00c7ardakl\u0131Kendini anlamak ve yazmak \/ Dr. Necmettin Turinay\u0130nsan insan\u0131n aynas\u0131yd\u0131 hani?\/ Hasanali Y\u0131ld\u0131r\u0131mKi\u015fileri tan\u0131d\u0131k\u00e7a d\u00fcnyam\u0131z geni\u015fler \/ Mustafa Nadir \u00d6nayRoman ve sinema kahramanlar\u0131\/ \u0130slam Gemici \/ 108Nail Tan\u2019la nekroloji ve biyografi \u00fczerine s\u00f6yle\u015fi \/ S\u00f6yle\u015fi: Dr.Abdullah DemirciK\u00fclt\u00fcrpolitikle \u00f6ne \u00e7\u0131kan biyografi: Liderlik \/ Mustafa Kadir AtasoyN\u00fcktelerle Biyografi \/ Halil \u00d6zt\u00fcrkOrhan D\u00fcndar: Kabaca tipler ve mekanlar olu\u015fturduk \/ S\u00f6yle\u015fi: Mahmut \u00c7etinPortrenin Anlatt\u0131\u011f\u0131 \/ Abd\u00fclkadir Karata\u015fMedeniyetimizde reyhanl\u0131 biyografiler \/ Bilal Ar\u0131o\u011fluKAOS\u2019TAN D\u00dcZENENi\u00e7in yeniden Nizam\u0131 Alem?KAOS\u2019A KAR\u015eI D\u00dcZEN: Karaba\u011f ZaferiAdaletin sembol\u00fc Tanr\u0131\u00e7a Themis mi? G\u00f6k K\u0131z\u0131 m\u0131? \/ Abdurrahman Akd\u00fczenKKTC se\u00e7imlerinin s\u00f6yledikleri \/ Mustafa \u00c7a\u011fr\u0131 \u00c7etinTer\u00f6r enstr\u00fcman\u0131ndan \u015fiddetin kullan\u0131\u015fs\u0131z oldu\u011fu anlay\u0131\u015f\u0131na ge\u00e7i\u015f \/ Mustafa Kadir AtasoyErdo\u011fan: Emperyalistlerin bizi b\u00f6lmesine m\u00fcsaade etmeyece\u011fiz!Prof.Dr. Erba\u015f: \u0130nisiyatif almak ve sorunlar\u0131 \u00e7\u00f6zmek zorunday\u0131zKaos x d\u00fczen \u00e7eli\u015fkisinden Nizam\u0131 Alem d\u00fc\u015f\u00fcncesine \/ Mahmut \u00c7etinVahhabi-Suudi Arabistan Krall\u0131\u011f\u0131 \/ Sedat BulutFars M\u00fcsl\u00fcmanl\u0131\u011f\u0131: Karizmatik Liderle \u00c7\u00f6z\u00fcms\u00fczl\u00fck! \/ Mahmut \u00c7etin\u0130ran ideolojisi\u2019nin kurucusu \u015eeyh Safiy\u00fcddin\u2019in mektuplar\u0131 \/ Muammer DurakBir Osmanl\u0131-T\u00fcrk Sevdal\u0131s\u0131 Profes\u00f6r Muhammed Harb \/ Do\u00e7.Dr.S\u00fcleyman Do\u011fanG\u00f6r\u00fcc\u00fc: Lisedeyken bile \u0130mam Maturidi\u2019yi biliyordumAn\u0131larla Ahmed Schimide \/ Niyazi Balo\u011fluDeliba\u015f \u0130syan\u0131\u2019n\u0131n bast\u0131r\u0131lmas\u0131nda Ey\u00fcp Sabri Efendi\u2019nin rol\u00fc \/ Kamil B\u00fcy\u00fckerVeli \u015eirin: Cumhuriyet ba\u015far\u0131l\u0131 olmu\u015ftur! \/ S\u00f6yle\u015fi: H\u00fcdavendigar OnurGasp\u0131ral\u0131\u2019dan Ayvazov\u2019a \/ Cem S\u00f6kmenBiyografi Romanc\u0131l\u0131\u011f\u0131 ve Gazi Evrenos Bey \/ \u0130rfan S\u00f6ylerTefsir yay\u0131nland\u0131, cami yand\u0131!\/ H\u00fcdavendigar OnurDersini veriyor bizim yi\u011fitler\/ Prof.Dr.Abdulkadir G\u00fcll\u00fcT\u00fcrkiye topyek\u00fbn harbi g\u00f6ze alabilirse uygarl\u0131k kurabilecektir!\/L\u00fctfi BergenTer\u00f6r enstr\u00fcman\u0131ndan \u015fiddetin kullan\u0131\u015fs\u0131z oldu\u011fu anlay\u0131\u015f\u0131na ge\u00e7i\u015f \/Mustafa Kadir AtasoyFoto\u011fraflar da m\u0131 yand\u0131 abi? \/ Sel\u00e7uk \u00d6zyurtBilginin pe\u015finde olan insanlar \/ Fahri AtasoyTeslis\u2019in mimar\u0131 Pavlus \/ G\u00fcnay \u00d6zerGemide T\u00fcrk bayra\u011f\u0131n\u0131n \u00fcst\u00fcn\u00fcn \u00e7izilmi\u015f oldu\u011funu g\u00f6rd\u00fcm \/ Mehmet \u00d6zt\u00fcrkEzan a\u015f\u0131\u011f\u0131 bir milli ayd\u0131n: Markar Esayan\/ Faz\u0131l DuygunHac\u0131 Bayram Veli bo\u015funa Ankara\u2019da durmad\u0131 \/ Erol Elmas \/ 221K\u00f6r topal y\u00fcr\u00fcyen bir bilim: ENGOLOJ\u0130 \/ Aliye Y\u00fccelB\u00fct\u00fcnle\u015ftirilmi\u015f ortak T\u00fcrk\u00e7e teorisi \/ Fatih Alparslan<\/p>\n","protected":false},"excerpt":{"rendered":"<p>Ni\u00e7in Biyografi Analiz 3?Biyografi Analiz Nisan 2003-Nisan 2005 tarihleri aras\u0131nda 14 say\u0131 yay\u0131nlanan bir dergi. Biyografi Analiz yay\u0131n\u0131ndan y\u0131llar sonra bile okunan bir i\u00e7erik olmu\u015ftur. Biyografi<span class=\"excerpt-hellip\"> [\u2026]<\/span><\/p>\n","protected":false},"featured_media":0,"template":"","meta":{"_monsterinsights_skip_tracking":false,"_monsterinsights_sitenote_active":false,"_monsterinsights_sitenote_note":"","_monsterinsights_sitenote_category":0},"product_brand":[],"product_cat":[13590,12337],"product_tag":[],"class_list":{"0":"post-728924","1":"product","2":"type-product","3":"status-publish","5":"product_cat-arastirma-inceleme-politika-siyaset","6":"product_cat-politika-siyaset","7":"pa_cilt-ciltsiz","8":"pa_tur-kitap","9":"pa_yayinevi-biyografi-net-yayincilik","10":"pa_yazar-mahmut-cetin","12":"first","13":"instock","14":"sale","15":"shipping-taxable","16":"purchasable","17":"product-type-simple"},"_links":{"self":[{"href":"https:\/\/roveyayinevi.com.tr\/index.php\/wp-json\/wp\/v2\/product\/728924","targetHints":{"allow":["GET"]}}],"collection":[{"href":"https:\/\/roveyayinevi.com.tr\/index.php\/wp-json\/wp\/v2\/product"}],"about":[{"href":"https:\/\/roveyayinevi.com.tr\/index.php\/wp-json\/wp\/v2\/types\/product"}],"wp:attachment":[{"href":"https:\/\/roveyayinevi.com.tr\/index.php\/wp-json\/wp\/v2\/media?parent=728924"}],"wp:term":[{"taxonomy":"product_brand","embeddable":true,"href":"https:\/\/roveyayinevi.com.tr\/index.php\/wp-json\/wp\/v2\/product_brand?post=728924"},{"taxonomy":"product_cat","embeddable":true,"href":"https:\/\/roveyayinevi.com.tr\/index.php\/wp-json\/wp\/v2\/product_cat?post=728924"},{"taxonomy":"product_tag","embeddable":true,"href":"https:\/\/roveyayinevi.com.tr\/index.php\/wp-json\/wp\/v2\/product_tag?post=728924"}],"curies":[{"name":"wp","href":"https:\/\/api.w.org\/{rel}","templated":true}]}}