{"id":728922,"date":"2025-08-27T20:47:13","date_gmt":"2025-08-27T17:47:13","guid":{"rendered":"https:\/\/roveyayinevi.com.tr\/index.php\/urun\/2-sinif-ipuclu-matematik-yeni-nesil-soru-bankasi\/"},"modified":"2025-10-13T06:21:18","modified_gmt":"2025-10-13T03:21:18","slug":"2-sinif-ipuclu-matematik-yeni-nesil-soru-bankasi","status":"publish","type":"product","link":"https:\/\/roveyayinevi.com.tr\/index.php\/urun\/2-sinif-ipuclu-matematik-yeni-nesil-soru-bankasi\/","title":{"rendered":"2. S\u0131n\u0131f \u0130pu\u00e7lu Matematik Yeni Nesil Soru Bankas\u0131"},"content":{"rendered":"<p>2. S\u0131n\u0131f \u0130pu\u00e7lu Matematik Yeni Nesil Soru Bankas\u0131<\/p>\n","protected":false},"excerpt":{"rendered":"<p>2. S\u0131n\u0131f \u0130pu\u00e7lu Matematik Yeni Nesil Soru Bankas\u0131<\/p>\n","protected":false},"featured_media":0,"template":"","meta":{"_monsterinsights_skip_tracking":false,"_monsterinsights_sitenote_active":false,"_monsterinsights_sitenote_note":"","_monsterinsights_sitenote_category":0},"product_brand":[],"product_cat":[79319,12566,45572,42911,13473],"product_tag":[],"class_list":{"0":"post-728922","1":"product","2":"type-product","3":"status-publish","5":"product_cat-2-sinif-matematik","6":"product_cat-egitim","7":"product_cat-ilkogretim-2-sinif","8":"product_cat-ilkogretim-yardimci-kitaplar","9":"product_cat-sinavlara-hazirlik-okula-yardimci-kaynaklar","10":"pa_cilt-ciltsiz","11":"pa_tur-kitap","12":"pa_yayinevi-dikkat-atolyesi-yayinlari","13":"pa_yazar-kolektif","15":"first","16":"instock","17":"sale","18":"shipping-taxable","19":"purchasable","20":"product-type-simple"},"_links":{"self":[{"href":"https:\/\/roveyayinevi.com.tr\/index.php\/wp-json\/wp\/v2\/product\/728922","targetHints":{"allow":["GET"]}}],"collection":[{"href":"https:\/\/roveyayinevi.com.tr\/index.php\/wp-json\/wp\/v2\/product"}],"about":[{"href":"https:\/\/roveyayinevi.com.tr\/index.php\/wp-json\/wp\/v2\/types\/product"}],"wp:attachment":[{"href":"https:\/\/roveyayinevi.com.tr\/index.php\/wp-json\/wp\/v2\/media?parent=728922"}],"wp:term":[{"taxonomy":"product_brand","embeddable":true,"href":"https:\/\/roveyayinevi.com.tr\/index.php\/wp-json\/wp\/v2\/product_brand?post=728922"},{"taxonomy":"product_cat","embeddable":true,"href":"https:\/\/roveyayinevi.com.tr\/index.php\/wp-json\/wp\/v2\/product_cat?post=728922"},{"taxonomy":"product_tag","embeddable":true,"href":"https:\/\/roveyayinevi.com.tr\/index.php\/wp-json\/wp\/v2\/product_tag?post=728922"}],"curies":[{"name":"wp","href":"https:\/\/api.w.org\/{rel}","templated":true}]}}