{"id":728921,"date":"2025-08-27T20:47:12","date_gmt":"2025-08-27T17:47:12","guid":{"rendered":"https:\/\/roveyayinevi.com.tr\/index.php\/urun\/prosesler-icin-uygulamali-ekserji-analizi\/"},"modified":"2026-04-16T02:36:41","modified_gmt":"2026-04-15T23:36:41","slug":"prosesler-icin-uygulamali-ekserji-analizi","status":"publish","type":"product","link":"https:\/\/roveyayinevi.com.tr\/index.php\/urun\/prosesler-icin-uygulamali-ekserji-analizi\/","title":{"rendered":"Prosesler \u0130\u00e7in Uygulamal\u0131 Ekserji Analizi"},"content":{"rendered":"<p>B\u00f6l\u00fcm 1. Giri\u015f B\u00f6l\u00fcm 2. Entalpi B\u00f6l\u00fcm 3.Entropi B\u00f6l\u00fcm 4.Ekserji B\u00f6l\u00fcm 5.\u00c7evre ve Referans Bile\u015fenlerin Kimyasal Ekserjileri B\u00f6l\u00fcm 6. Referans Olmayan Bile\u015fenler \u0130\u00e7in Kimyasal Ekserji Hesab\u0131 B\u00f6l\u00fcm7. Kimyasal Ekserji Hesab\u0131nda Birinci Alternatif \u2013 Referans Bile\u015fenlerin Kimyasal Ekserjilerinin Kullan\u0131m\u0131 B\u00f6l\u00fcm 8. Kimyasal Ekserji Hesab\u0131nda \u0130kinci Alternatif \u2013 Elementlerin Kimyasal Ekserjilerinin Kullan\u0131m\u0131 B\u00f6l\u00fcm 9. Suyun Kimyasal Ekserjisi B\u00f6l\u00fcm 10. S\u0131v\u0131 \u00c7\u00f6zelti Ekserjisi B\u00f6l\u00fcm 11. Proseslere Uygulama B\u00f6l\u00fcm 12. Fiziksel Prosese \u00d6rnek \u2013 Su Buhar\u0131 T\u00fcrbini B\u00f6l\u00fcm 13.Fiziksel Prosese \u00d6rnek \u2013 Is\u0131 De\u011fi\u015ftirici B\u00f6l\u00fcm 14. Kimyasal Prosese \u00d6rnek \u2013 Do\u011fal Gaz Yak\u0131lan F\u0131r\u0131n B\u00f6l\u00fcm 15. \u0130norganik Kimyasal Prosese \u00d6rnek \u2013 Kire\u00e7 Ta\u015f\u0131n\u0131n Kalsinasyonu B\u00f6l\u00fcm 16. Organik Kimyasal Prosese \u00d6rnek \u2013 \u0130sopropanol\u00fcn Dehidrojenasyon Reakt\u00f6r\u00fc B\u00f6l\u00fcm 17. Ay\u0131rma \u0130\u015flemlerine \u00d6rnek \u2013 Distilasyon B\u00f6l\u00fcm 18. Ay\u0131rma \u0130\u015flemlerine \u00d6rnek \u2013 Absorpsiyon B\u00f6l\u00fcm 19. Proseslerin Ekserji Esasl\u0131 Termoekonomik Analizi <\/p>\n","protected":false},"excerpt":{"rendered":"<p>B\u00f6l\u00fcm 1. Giri\u015f B\u00f6l\u00fcm 2. Entalpi B\u00f6l\u00fcm 3.Entropi B\u00f6l\u00fcm 4.Ekserji B\u00f6l\u00fcm 5.\u00c7evre ve Referans Bile\u015fenlerin Kimyasal Ekserjileri B\u00f6l\u00fcm 6. Referans Olmayan Bile\u015fenler \u0130\u00e7in Kimyasal Ekserji Hesab\u0131<span class=\"excerpt-hellip\"> [\u2026]<\/span><\/p>\n","protected":false},"featured_media":0,"template":"","meta":{"_monsterinsights_skip_tracking":false,"_monsterinsights_sitenote_active":false,"_monsterinsights_sitenote_note":"","_monsterinsights_sitenote_category":0},"product_brand":[],"product_cat":[13005,18664],"product_tag":[],"class_list":{"0":"post-728921","1":"product","2":"type-product","3":"status-publish","5":"product_cat-bilim-muhendislik","6":"product_cat-muhendislik","7":"pa_cilt-ciltsiz","8":"pa_tur-kitap","9":"pa_yayinevi-gazi-kitabevi","10":"pa_yazar-bekir-zuhtu-uysal-duygu-uysal-ziraman","12":"first","13":"instock","14":"sale","15":"shipping-taxable","16":"purchasable","17":"product-type-simple"},"_links":{"self":[{"href":"https:\/\/roveyayinevi.com.tr\/index.php\/wp-json\/wp\/v2\/product\/728921","targetHints":{"allow":["GET"]}}],"collection":[{"href":"https:\/\/roveyayinevi.com.tr\/index.php\/wp-json\/wp\/v2\/product"}],"about":[{"href":"https:\/\/roveyayinevi.com.tr\/index.php\/wp-json\/wp\/v2\/types\/product"}],"wp:attachment":[{"href":"https:\/\/roveyayinevi.com.tr\/index.php\/wp-json\/wp\/v2\/media?parent=728921"}],"wp:term":[{"taxonomy":"product_brand","embeddable":true,"href":"https:\/\/roveyayinevi.com.tr\/index.php\/wp-json\/wp\/v2\/product_brand?post=728921"},{"taxonomy":"product_cat","embeddable":true,"href":"https:\/\/roveyayinevi.com.tr\/index.php\/wp-json\/wp\/v2\/product_cat?post=728921"},{"taxonomy":"product_tag","embeddable":true,"href":"https:\/\/roveyayinevi.com.tr\/index.php\/wp-json\/wp\/v2\/product_tag?post=728921"}],"curies":[{"name":"wp","href":"https:\/\/api.w.org\/{rel}","templated":true}]}}