{"id":728918,"date":"2025-08-27T20:47:10","date_gmt":"2025-08-27T17:47:10","guid":{"rendered":"https:\/\/roveyayinevi.com.tr\/index.php\/urun\/toplumsal-cinsiyet-3\/"},"modified":"2026-01-29T03:05:30","modified_gmt":"2026-01-29T00:05:30","slug":"toplumsal-cinsiyet-3","status":"publish","type":"product","link":"https:\/\/roveyayinevi.com.tr\/index.php\/urun\/toplumsal-cinsiyet-3\/","title":{"rendered":"Toplumsal Cinsiyet"},"content":{"rendered":"<p>Toplumsal Cinsiyet: Temel Bilgiler, k\u00fclt\u00fcrel, tarihsel, biyolojik, psikolojik ve ekonomik g\u00fc\u00e7lerin kad\u0131nl\u0131\u011f\u0131, erkekli\u011fi ve genel olarak toplumsal cinsiyet kategorilerini nas\u0131l etkiledi\u011fi \u00fczerine \u00f6nemli bir giri\u015f kitab\u0131d\u0131r. Bu kitap, toplumsal cinsiyetin biyolojik cinsiyetten \u00e7ok daha fazlas\u0131 oldu\u011funu ayr\u0131nt\u0131l\u0131 bir bi\u00e7imde g\u00f6stererek toplumsal cinsiyet kategorilerinin ve kimliklerinin nas\u0131l ve neden geli\u015fti\u011fi ve ki\u015fileraras\u0131 ve toplumsal g\u00fc\u00e7 ili\u015fkilerinin nas\u0131l cinsiyetlendirildi\u011fi \u00fczerine teorileri ve ara\u015ft\u0131rmalar\u0131 sunuyor. Toplumsal cinsiyet ile bir dizi konu aras\u0131ndaki etkile\u015fime k\u00fcresel bir perspektiften bak\u0131yor: \u0130li\u015fkiler, yak\u0131nl\u0131k ve ya\u015fam s\u00fcresince cinsellik tasar\u0131mlar\u0131; i\u015fyeri ve emek piyasalar\u0131; toplumsal cinsiyetle ili\u015fkili \u015fiddet ve sava\u015f; kamu sa\u011fl\u0131\u011f\u0131, yoksulluk ve kalk\u0131nma; cinsiyet ve kamusal liderlik. Bunlara ek olarak, trans* g\u00f6r\u00fcn\u00fcrl\u00fc\u011f\u00fc ve aktivizmi, LGBTQ \u00e7al\u0131\u015fmalar\u0131, ele\u015ftirel erkeklik \u00e7al\u0131\u015fmalar\u0131, kad\u0131nlar\u0131n siyasi liderli\u011findeki k\u00fcresel geli\u015fmeler, toplumsal cinsiyet ve ekonomik refah aras\u0131ndaki ba\u011flant\u0131lar ve siber zorbal\u0131k bu \u00e7al\u0131\u015fmada kapsaml\u0131 olarak yer al\u0131yor. Teoriyi \u00f6rneklerle ve \u00e7e\u015fitli vaka \u00e7al\u0131\u015fmalar\u0131yla destekleyen ve buna ek olarak detayl\u0131 bir s\u00f6zl\u00fck\u00e7e sunan bu kitap, toplumsal cinsiyet \u00e7al\u0131\u015fmas\u0131nda hem sa\u011flam bir temel kazanmak isteyen hem de daha ileri d\u00fczeyde olup da haf\u0131zas\u0131n\u0131 tazeleyerek temellerini g\u00fc\u00e7lendirmek isteyen herkes i\u00e7in olmazsa olmaz bir kaynak i\u015flevi g\u00f6recektir.<\/p>\n","protected":false},"excerpt":{"rendered":"<p>Toplumsal Cinsiyet: Temel Bilgiler, k\u00fclt\u00fcrel, tarihsel, biyolojik, psikolojik ve ekonomik g\u00fc\u00e7lerin kad\u0131nl\u0131\u011f\u0131, erkekli\u011fi ve genel olarak toplumsal cinsiyet kategorilerini nas\u0131l etkiledi\u011fi \u00fczerine \u00f6nemli bir giri\u015f kitab\u0131d\u0131r.<span class=\"excerpt-hellip\"> [\u2026]<\/span><\/p>\n","protected":false},"featured_media":0,"template":"","meta":{"_monsterinsights_skip_tracking":false,"_monsterinsights_sitenote_active":false,"_monsterinsights_sitenote_note":"","_monsterinsights_sitenote_category":0},"product_brand":[],"product_cat":[12835,12324],"product_tag":[],"class_list":{"0":"post-728918","1":"product","2":"type-product","3":"status-publish","5":"product_cat-genel-sosyoloji","6":"product_cat-sosyoloji","7":"pa_cilt-ciltsiz","8":"pa_tur-kitap","9":"pa_yayinevi-utopya-yayinevi","10":"pa_yazar-hilary-m-lips","12":"first","13":"instock","14":"sale","15":"shipping-taxable","16":"purchasable","17":"product-type-simple"},"_links":{"self":[{"href":"https:\/\/roveyayinevi.com.tr\/index.php\/wp-json\/wp\/v2\/product\/728918","targetHints":{"allow":["GET"]}}],"collection":[{"href":"https:\/\/roveyayinevi.com.tr\/index.php\/wp-json\/wp\/v2\/product"}],"about":[{"href":"https:\/\/roveyayinevi.com.tr\/index.php\/wp-json\/wp\/v2\/types\/product"}],"wp:attachment":[{"href":"https:\/\/roveyayinevi.com.tr\/index.php\/wp-json\/wp\/v2\/media?parent=728918"}],"wp:term":[{"taxonomy":"product_brand","embeddable":true,"href":"https:\/\/roveyayinevi.com.tr\/index.php\/wp-json\/wp\/v2\/product_brand?post=728918"},{"taxonomy":"product_cat","embeddable":true,"href":"https:\/\/roveyayinevi.com.tr\/index.php\/wp-json\/wp\/v2\/product_cat?post=728918"},{"taxonomy":"product_tag","embeddable":true,"href":"https:\/\/roveyayinevi.com.tr\/index.php\/wp-json\/wp\/v2\/product_tag?post=728918"}],"curies":[{"name":"wp","href":"https:\/\/api.w.org\/{rel}","templated":true}]}}