{"id":728917,"date":"2025-08-27T20:47:09","date_gmt":"2025-08-27T17:47:09","guid":{"rendered":"https:\/\/roveyayinevi.com.tr\/index.php\/urun\/aleviligin-dogus-kaynaklari\/"},"modified":"2026-01-29T03:05:30","modified_gmt":"2026-01-29T00:05:30","slug":"aleviligin-dogus-kaynaklari","status":"publish","type":"product","link":"https:\/\/roveyayinevi.com.tr\/index.php\/urun\/aleviligin-dogus-kaynaklari\/","title":{"rendered":"Alevili\u011fin Do\u011fu\u015f Kaynaklar\u0131"},"content":{"rendered":"<p>Bu \u00e7al\u0131\u015fma; Alevili\u011fin hangi kaynaklara dayanarak do\u011fdu\u011funu, geli\u015fti\u011fini ara\u015ft\u0131r\u0131yor. Alevi felsefesine katk\u0131 koyan insanlar\u0131 ele al\u0131yor. Alevili\u011fin k\u0131sa bir tarih\u00e7esini diyalektik bir y\u00f6ntemle ortaya koyuyor. Alevili\u011fin geli\u015fim s\u00fcreci belirli bir kronolojik s\u0131ra i\u00e7ine sokulmaya \u00e7al\u0131\u015f\u0131lm\u0131\u015ft\u0131r. Okuyucunun Alevili\u011fin de\u011fi\u015fimleri ne zaman ya\u015fad\u0131\u011f\u0131n\u0131 g\u00f6rmesi i\u00e7in bu yol se\u00e7ilmi\u015ftir. Ger\u00e7ekleri gizleyerek yarat\u0131lan bir tarih, resmi tarih olur; ama bilimsel bir tarih olmaz. Bu inceleme, Alevili\u011fin ger\u00e7ek tarihiyle ele\u015ftirel bir g\u00f6zle y\u00fczle\u015fmedir. Ayn\u0131 zamanda Alevili\u011fin do\u011fu\u015f kaynaklar\u0131n\u0131n d\u00f6k\u00fcm\u00fcd\u00fcr. Alevili\u011fin hangi kaynaklardan beslenerek do\u011fdu\u011funu belgelerle g\u00f6stermektedir.<\/p>\n","protected":false},"excerpt":{"rendered":"<p>Bu \u00e7al\u0131\u015fma; Alevili\u011fin hangi kaynaklara dayanarak do\u011fdu\u011funu, geli\u015fti\u011fini ara\u015ft\u0131r\u0131yor. Alevi felsefesine katk\u0131 koyan insanlar\u0131 ele al\u0131yor. Alevili\u011fin k\u0131sa bir tarih\u00e7esini diyalektik bir y\u00f6ntemle ortaya koyuyor. Alevili\u011fin<span class=\"excerpt-hellip\"> [\u2026]<\/span><\/p>\n","protected":false},"featured_media":0,"template":"","meta":{"_monsterinsights_skip_tracking":false,"_monsterinsights_sitenote_active":false,"_monsterinsights_sitenote_note":"","_monsterinsights_sitenote_category":0},"product_brand":[],"product_cat":[13575,12718,12719],"product_tag":[],"class_list":{"0":"post-728917","1":"product","2":"type-product","3":"status-publish","5":"product_cat-alevilik-bektasilik","6":"product_cat-din","7":"product_cat-islam","8":"pa_cilt-ciltsiz","9":"pa_tur-kitap","10":"pa_yayinevi-utopya-yayinevi","11":"pa_yazar-mehmet-inanc-turan","13":"first","14":"instock","15":"sale","16":"shipping-taxable","17":"purchasable","18":"product-type-simple"},"_links":{"self":[{"href":"https:\/\/roveyayinevi.com.tr\/index.php\/wp-json\/wp\/v2\/product\/728917","targetHints":{"allow":["GET"]}}],"collection":[{"href":"https:\/\/roveyayinevi.com.tr\/index.php\/wp-json\/wp\/v2\/product"}],"about":[{"href":"https:\/\/roveyayinevi.com.tr\/index.php\/wp-json\/wp\/v2\/types\/product"}],"wp:attachment":[{"href":"https:\/\/roveyayinevi.com.tr\/index.php\/wp-json\/wp\/v2\/media?parent=728917"}],"wp:term":[{"taxonomy":"product_brand","embeddable":true,"href":"https:\/\/roveyayinevi.com.tr\/index.php\/wp-json\/wp\/v2\/product_brand?post=728917"},{"taxonomy":"product_cat","embeddable":true,"href":"https:\/\/roveyayinevi.com.tr\/index.php\/wp-json\/wp\/v2\/product_cat?post=728917"},{"taxonomy":"product_tag","embeddable":true,"href":"https:\/\/roveyayinevi.com.tr\/index.php\/wp-json\/wp\/v2\/product_tag?post=728917"}],"curies":[{"name":"wp","href":"https:\/\/api.w.org\/{rel}","templated":true}]}}