{"id":728914,"date":"2025-08-27T20:47:07","date_gmt":"2025-08-27T17:47:07","guid":{"rendered":"https:\/\/roveyayinevi.com.tr\/index.php\/urun\/deprem-havasi\/"},"modified":"2026-04-08T02:45:43","modified_gmt":"2026-04-07T23:45:43","slug":"deprem-havasi","status":"publish","type":"product","link":"https:\/\/roveyayinevi.com.tr\/index.php\/urun\/deprem-havasi\/","title":{"rendered":"Deprem  Havas\u0131"},"content":{"rendered":"<p>Bat\u0131n\u0131n do\u011fa\u00fcst\u00fc kral\u0131 Scott Crane, California\u2019da \u00f6ld\u00fcr\u00fcld\u00fc ve onu \u00f6ld\u00fcren ki\u015fi de Janis Plumtree\u2019nin kafas\u0131ndaki ki\u015filiklerden biriydi. \u015eimdiyse Plumtree bu eyleminin bedelini \u00f6demek zorunda; bu, hayata d\u00f6nd\u00fcr\u00fclecek olan krala kendi bedenini vermek anlam\u0131na gelse bile. Fakat bu tehlikeli oyunun bir oyuncusu da Dionysos ve o, \u015farab\u0131n\u0131n i\u00e7ilmesini istiyor. \u201cPowers hik\u00e2yeyi yava\u015flatmadan ayd\u0131nlatan bir a\u00e7\u0131kl\u0131kla yaz\u0131yor. Mucizeler ve deh\u015fetler vaat ediyor ve hepsini ger\u00e7ekle\u015ftiriyor.\u201d \u2013Orson Scott Card \u201cPowers bizimkinin \u00f6tesinde esrarengiz, sihirli bir d\u00fcnya yarat\u0131yor ve bizi orada bir tura \u00e7\u0131kar\u0131yor.\u201d \u2013Science Fiction Chronicle <\/p>\n","protected":false},"excerpt":{"rendered":"<p>Bat\u0131n\u0131n do\u011fa\u00fcst\u00fc kral\u0131 Scott Crane, California\u2019da \u00f6ld\u00fcr\u00fcld\u00fc ve onu \u00f6ld\u00fcren ki\u015fi de Janis Plumtree\u2019nin kafas\u0131ndaki ki\u015filiklerden biriydi. \u015eimdiyse Plumtree bu eyleminin bedelini \u00f6demek zorunda; bu, hayata<span class=\"excerpt-hellip\"> [\u2026]<\/span><\/p>\n","protected":false},"featured_media":0,"template":"","meta":{"_monsterinsights_skip_tracking":false,"_monsterinsights_sitenote_active":false,"_monsterinsights_sitenote_note":"","_monsterinsights_sitenote_category":0},"product_brand":[],"product_cat":[12291,12711],"product_tag":[],"class_list":{"0":"post-728914","1":"product","2":"type-product","3":"status-publish","5":"product_cat-edebiyat","6":"product_cat-roman-oyku","7":"pa_cilt-ciltsiz","8":"pa_tur-kitap","9":"pa_yayinevi-alfa-yayinlari","10":"pa_yazar-tim-powers","12":"first","13":"instock","14":"sale","15":"shipping-taxable","16":"purchasable","17":"product-type-simple"},"_links":{"self":[{"href":"https:\/\/roveyayinevi.com.tr\/index.php\/wp-json\/wp\/v2\/product\/728914","targetHints":{"allow":["GET"]}}],"collection":[{"href":"https:\/\/roveyayinevi.com.tr\/index.php\/wp-json\/wp\/v2\/product"}],"about":[{"href":"https:\/\/roveyayinevi.com.tr\/index.php\/wp-json\/wp\/v2\/types\/product"}],"wp:attachment":[{"href":"https:\/\/roveyayinevi.com.tr\/index.php\/wp-json\/wp\/v2\/media?parent=728914"}],"wp:term":[{"taxonomy":"product_brand","embeddable":true,"href":"https:\/\/roveyayinevi.com.tr\/index.php\/wp-json\/wp\/v2\/product_brand?post=728914"},{"taxonomy":"product_cat","embeddable":true,"href":"https:\/\/roveyayinevi.com.tr\/index.php\/wp-json\/wp\/v2\/product_cat?post=728914"},{"taxonomy":"product_tag","embeddable":true,"href":"https:\/\/roveyayinevi.com.tr\/index.php\/wp-json\/wp\/v2\/product_tag?post=728914"}],"curies":[{"name":"wp","href":"https:\/\/api.w.org\/{rel}","templated":true}]}}