{"id":728913,"date":"2025-08-27T20:47:06","date_gmt":"2025-08-27T17:47:06","guid":{"rendered":"https:\/\/roveyayinevi.com.tr\/index.php\/urun\/butun-yazilari-2\/"},"modified":"2026-04-16T02:36:41","modified_gmt":"2026-04-15T23:36:41","slug":"butun-yazilari-2","status":"publish","type":"product","link":"https:\/\/roveyayinevi.com.tr\/index.php\/urun\/butun-yazilari-2\/","title":{"rendered":"B\u00fct\u00fcn Yaz\u0131lar\u0131"},"content":{"rendered":"<p>Y\u00fcz kelimelik bir \u015fiirde y\u00fcz tane g\u00fczellik arayan insan vard\u0131r. Halbuki bin kelimelik bir \u015fiir bile bir tek g\u00fczellik i\u00e7in yaz\u0131l\u0131r.  Tu\u011fla g\u00fczel de\u011fildir. S\u0131va g\u00fczel de\u011fildir. Fakat bunlardan terekk\u00fcp eden bir mimari eseri g\u00fczeldir. T\u00fcrk \u015fiirine g\u00fcnl\u00fck ve g\u00fcncel hayat\u0131 getiren Birinci Yeni&#8217;nin kurucular\u0131ndan Orhan Veli, bir \u015fairin duyarl\u0131l\u0131\u011f\u0131na sahip olmas\u0131n\u0131n yan\u0131 s\u0131ra \u015fiir hakk\u0131nda konu\u015fan, d\u00fc\u015f\u00fcnen ve yazan bir fikir insan\u0131yd\u0131. D\u00f6nemin gazeteleri ve dergilerinde yer alm\u0131\u015f yaz\u0131lar\u0131, konu\u015fmalar\u0131, s\u00f6yle\u015fileri bir araya getiren bu derlemede Orhan Veli \u00e7ok y\u00f6nl\u00fc edebiyat\u00e7\u0131l\u0131\u011f\u0131n\u0131, geni\u015f d\u00fcnyas\u0131n\u0131 ve \u015fairin \u015fiirlerinden tan\u0131d\u0131\u011f\u0131m\u0131z muzip ve e\u011flenceli kimli\u011fini ortaya koyuyor. B\u00fct\u00fcn Yaz\u0131lar\u0131, yazar\u0131 gibi her y\u0131l bir ya\u015f daha gen\u00e7le\u015fen g\u00fcncel bir yap\u0131t. <\/p>\n","protected":false},"excerpt":{"rendered":"<p>Y\u00fcz kelimelik bir \u015fiirde y\u00fcz tane g\u00fczellik arayan insan vard\u0131r. Halbuki bin kelimelik bir \u015fiir bile bir tek g\u00fczellik i\u00e7in yaz\u0131l\u0131r. Tu\u011fla g\u00fczel de\u011fildir. S\u0131va g\u00fczel<span class=\"excerpt-hellip\"> [\u2026]<\/span><\/p>\n","protected":false},"featured_media":0,"template":"","meta":{"_monsterinsights_skip_tracking":false,"_monsterinsights_sitenote_active":false,"_monsterinsights_sitenote_note":"","_monsterinsights_sitenote_category":0},"product_brand":[],"product_cat":[12777,12291],"product_tag":[],"class_list":{"0":"post-728913","1":"product","2":"type-product","3":"status-publish","5":"product_cat-deneme","6":"product_cat-edebiyat","7":"pa_cilt-ciltsiz","8":"pa_tur-kitap","9":"pa_yayinevi-can-yayinlari","10":"pa_yazar-orhan-veli-kanik","12":"first","13":"instock","14":"sale","15":"shipping-taxable","16":"purchasable","17":"product-type-simple"},"_links":{"self":[{"href":"https:\/\/roveyayinevi.com.tr\/index.php\/wp-json\/wp\/v2\/product\/728913","targetHints":{"allow":["GET"]}}],"collection":[{"href":"https:\/\/roveyayinevi.com.tr\/index.php\/wp-json\/wp\/v2\/product"}],"about":[{"href":"https:\/\/roveyayinevi.com.tr\/index.php\/wp-json\/wp\/v2\/types\/product"}],"wp:attachment":[{"href":"https:\/\/roveyayinevi.com.tr\/index.php\/wp-json\/wp\/v2\/media?parent=728913"}],"wp:term":[{"taxonomy":"product_brand","embeddable":true,"href":"https:\/\/roveyayinevi.com.tr\/index.php\/wp-json\/wp\/v2\/product_brand?post=728913"},{"taxonomy":"product_cat","embeddable":true,"href":"https:\/\/roveyayinevi.com.tr\/index.php\/wp-json\/wp\/v2\/product_cat?post=728913"},{"taxonomy":"product_tag","embeddable":true,"href":"https:\/\/roveyayinevi.com.tr\/index.php\/wp-json\/wp\/v2\/product_tag?post=728913"}],"curies":[{"name":"wp","href":"https:\/\/api.w.org\/{rel}","templated":true}]}}