{"id":728912,"date":"2025-08-27T20:47:05","date_gmt":"2025-08-27T17:47:05","guid":{"rendered":"https:\/\/roveyayinevi.com.tr\/index.php\/urun\/elementler\/"},"modified":"2026-04-16T02:36:41","modified_gmt":"2026-04-15T23:36:41","slug":"elementler","status":"publish","type":"product","link":"https:\/\/roveyayinevi.com.tr\/index.php\/urun\/elementler\/","title":{"rendered":"Elementler"},"content":{"rendered":"<p>Elementler, periyodik tablonun v\u00fccudumuza ve ya\u015fam tarz\u0131m\u0131za g\u00fc\u00e7 veren unsurlar\u0131n\u0131 sizinle payla\u015f\u0131yor. Gezegenler, y\u0131ld\u0131zlar ve galaksilerin elementlerden olu\u015ftu\u011funu biliyoruz. Canl\u0131lar olarak ya\u015fam\u0131m\u0131z\u0131 devam ettirebilmemiz i\u00e7in elementlere olan ihtiyac\u0131m\u0131z\u0131n da bilincindeyiz. DNA\u2019m\u0131z\u0131 bir arada tutmak i\u00e7in fosfora, sinir sistemimize g\u00fc\u00e7 sa\u011flamak i\u00e7in potasyuma ihtiya\u00e7 duyar\u0131z. Teknolojimizi ayakta tutmak i\u00e7in lityum, alt\u0131n ve bor gibi elementleri arar\u0131z. Kimi istemedi\u011fimiz kadar \u00e7ok bulunurken kimiyse az bulundu\u011fu i\u00e7in de\u011ferlidir. Fizik\u00e7i ve \u00f6d\u00fcll\u00fc yazar Anja R\u00f8yne, sizlere periyodik cetvelin sessiz kahramanlar\u0131n\u0131, i\u00e7inde kaybolaca\u011f\u0131n\u0131z bir \u00fcslupla anlat\u0131yor. I\u015f\u0131lt\u0131l\u0131 alt\u0131ndan radyoaktif uranyuma, ya\u015fam\u0131m\u0131z\u0131n yap\u0131ta\u015f\u0131 karbondan bize hayat veren oksijene kadar elementlerin, canl\u0131 ya\u015fam\u0131ndaki etkilerini ele al\u0131yor. <\/p>\n","protected":false},"excerpt":{"rendered":"<p>Elementler, periyodik tablonun v\u00fccudumuza ve ya\u015fam tarz\u0131m\u0131za g\u00fc\u00e7 veren unsurlar\u0131n\u0131 sizinle payla\u015f\u0131yor. Gezegenler, y\u0131ld\u0131zlar ve galaksilerin elementlerden olu\u015ftu\u011funu biliyoruz. Canl\u0131lar olarak ya\u015fam\u0131m\u0131z\u0131 devam ettirebilmemiz i\u00e7in elementlere<span class=\"excerpt-hellip\"> [\u2026]<\/span><\/p>\n","protected":false},"featured_media":0,"template":"","meta":{"_monsterinsights_skip_tracking":false,"_monsterinsights_sitenote_active":false,"_monsterinsights_sitenote_note":"","_monsterinsights_sitenote_category":0},"product_brand":[],"product_cat":[13005,37328],"product_tag":[],"class_list":{"0":"post-728912","1":"product","2":"type-product","3":"status-publish","5":"product_cat-bilim-muhendislik","6":"product_cat-diger-bilim-muhendislik","7":"pa_cilt-ciltsiz","8":"pa_tur-kitap","9":"pa_yayinevi-orenda","10":"pa_yazar-anja-royne","12":"first","13":"instock","14":"sale","15":"shipping-taxable","16":"purchasable","17":"product-type-simple"},"_links":{"self":[{"href":"https:\/\/roveyayinevi.com.tr\/index.php\/wp-json\/wp\/v2\/product\/728912","targetHints":{"allow":["GET"]}}],"collection":[{"href":"https:\/\/roveyayinevi.com.tr\/index.php\/wp-json\/wp\/v2\/product"}],"about":[{"href":"https:\/\/roveyayinevi.com.tr\/index.php\/wp-json\/wp\/v2\/types\/product"}],"wp:attachment":[{"href":"https:\/\/roveyayinevi.com.tr\/index.php\/wp-json\/wp\/v2\/media?parent=728912"}],"wp:term":[{"taxonomy":"product_brand","embeddable":true,"href":"https:\/\/roveyayinevi.com.tr\/index.php\/wp-json\/wp\/v2\/product_brand?post=728912"},{"taxonomy":"product_cat","embeddable":true,"href":"https:\/\/roveyayinevi.com.tr\/index.php\/wp-json\/wp\/v2\/product_cat?post=728912"},{"taxonomy":"product_tag","embeddable":true,"href":"https:\/\/roveyayinevi.com.tr\/index.php\/wp-json\/wp\/v2\/product_tag?post=728912"}],"curies":[{"name":"wp","href":"https:\/\/api.w.org\/{rel}","templated":true}]}}