{"id":728910,"date":"2025-08-27T20:47:03","date_gmt":"2025-08-27T17:47:03","guid":{"rendered":"https:\/\/roveyayinevi.com.tr\/index.php\/urun\/kucuklere-doga-etkinlik-kitabi\/"},"modified":"2026-04-16T02:36:41","modified_gmt":"2026-04-15T23:36:41","slug":"kucuklere-doga-etkinlik-kitabi","status":"publish","type":"product","link":"https:\/\/roveyayinevi.com.tr\/index.php\/urun\/kucuklere-doga-etkinlik-kitabi\/","title":{"rendered":"K\u00fc\u00e7\u00fcklere Do\u011fa Etkinlik Kitab\u0131"},"content":{"rendered":"<p>\u00c7ocuklar i\u00e7in e\u011flence zaman\u0131! K\u00fc\u00e7\u00fcklere Do\u011fa Etkinlik Kitab\u0131, bir s\u00fcr\u00fc bulmaca, labirent, farkl\u0131l\u0131klar\u0131 bulma, boyama, say\u0131 sayma ve noktalar\u0131 birle\u015ftirme etkinli\u011fi i\u00e7eriyor. Do\u011fasever minikler, ku\u015flar\u0131 ayak izleriyle e\u015fle\u015ftirecek, \u00e7i\u00e7eklerin nas\u0131l tohum verdi\u011fini ke\u015ffedecek, kelebekleri bulup boyayacak, do\u011fay\u0131 nas\u0131l koruyabileceklerini \u00f6\u011frenecek ve daha pek \u00e7ok keyifli etkinlik sayesinde zaman\u0131n nas\u0131l ge\u00e7ti\u011fini anlamayacak. Evde, d\u0131\u015far\u0131da, tatilde\u2026 Hatta yolculuk yaparken! Nerede, ne zaman can\u0131 s\u0131k\u0131l\u0131rsa\u2026 \u00c7ok say\u0131da e\u011flenceli etkinlikle dolu bu kitap, \u00e7ocu\u011funuzun dikkat, el-g\u00f6z koordinasyonu, g\u00f6rsel alg\u0131 ve motor becerilerinin geli\u015fimine katk\u0131 sa\u011flayacak, \u00e7ocuklar bu kitab\u0131 ellerinden d\u00fc\u015f\u00fcrmeyecek! <\/p>\n","protected":false},"excerpt":{"rendered":"<p>\u00c7ocuklar i\u00e7in e\u011flence zaman\u0131! K\u00fc\u00e7\u00fcklere Do\u011fa Etkinlik Kitab\u0131, bir s\u00fcr\u00fc bulmaca, labirent, farkl\u0131l\u0131klar\u0131 bulma, boyama, say\u0131 sayma ve noktalar\u0131 birle\u015ftirme etkinli\u011fi i\u00e7eriyor. Do\u011fasever minikler, ku\u015flar\u0131 ayak<span class=\"excerpt-hellip\"> [\u2026]<\/span><\/p>\n","protected":false},"featured_media":0,"template":"","meta":{"_monsterinsights_skip_tracking":false,"_monsterinsights_sitenote_active":false,"_monsterinsights_sitenote_note":"","_monsterinsights_sitenote_category":0},"product_brand":[],"product_cat":[12554,12274],"product_tag":[],"class_list":{"0":"post-728910","1":"product","2":"type-product","3":"status-publish","5":"product_cat-cikartmali-kitaplar","6":"product_cat-cocuk-ve-genclik-kitaplari","7":"pa_cilt-ciltsiz","8":"pa_tur-kitap","9":"pa_yayinevi-1001-cicek-kitaplar","10":"pa_yazar-rebecca-gilpin","12":"first","13":"instock","14":"sale","15":"shipping-taxable","16":"purchasable","17":"product-type-simple"},"_links":{"self":[{"href":"https:\/\/roveyayinevi.com.tr\/index.php\/wp-json\/wp\/v2\/product\/728910","targetHints":{"allow":["GET"]}}],"collection":[{"href":"https:\/\/roveyayinevi.com.tr\/index.php\/wp-json\/wp\/v2\/product"}],"about":[{"href":"https:\/\/roveyayinevi.com.tr\/index.php\/wp-json\/wp\/v2\/types\/product"}],"wp:attachment":[{"href":"https:\/\/roveyayinevi.com.tr\/index.php\/wp-json\/wp\/v2\/media?parent=728910"}],"wp:term":[{"taxonomy":"product_brand","embeddable":true,"href":"https:\/\/roveyayinevi.com.tr\/index.php\/wp-json\/wp\/v2\/product_brand?post=728910"},{"taxonomy":"product_cat","embeddable":true,"href":"https:\/\/roveyayinevi.com.tr\/index.php\/wp-json\/wp\/v2\/product_cat?post=728910"},{"taxonomy":"product_tag","embeddable":true,"href":"https:\/\/roveyayinevi.com.tr\/index.php\/wp-json\/wp\/v2\/product_tag?post=728910"}],"curies":[{"name":"wp","href":"https:\/\/api.w.org\/{rel}","templated":true}]}}