{"id":728908,"date":"2025-08-27T20:47:01","date_gmt":"2025-08-27T17:47:01","guid":{"rendered":"https:\/\/roveyayinevi.com.tr\/index.php\/urun\/3-abdurrahman-ilk-kurtuba-halifesi\/"},"modified":"2026-04-16T02:36:41","modified_gmt":"2026-04-15T23:36:41","slug":"3-abdurrahman-ilk-kurtuba-halifesi","status":"publish","type":"product","link":"https:\/\/roveyayinevi.com.tr\/index.php\/urun\/3-abdurrahman-ilk-kurtuba-halifesi\/","title":{"rendered":"3. Abdurrahman \u0130lk Kurtuba Halifesi"},"content":{"rendered":"<p>III. Abdurrahman (891-961), en me\u015fhur End\u00fcl\u00fcs Emevi h\u00fck\u00fcmdarlar\u0131ndand\u0131r. Bu \u015f\u00f6hretin sebeplerinden biri de End\u00fcl\u00fcs\u2019te \u201chalife\u201d unvan\u0131n\u0131 kullanan ilk h\u00fck\u00fcmdar olmas\u0131d\u0131r. Abbasi ve Fat\u0131mi halifelerinden sonra, bu \u00e7a\u011f\u0131n \u00fc\u00e7\u00fcnc\u00fc m\u00fcstakil halifesi olan III. Abdurrahman, par\u00e7alanm\u0131\u015f End\u00fcl\u00fcs\u2019te M\u00fcsl\u00fcman isyanc\u0131lara kar\u015f\u0131 b\u00fcy\u00fck seferler d\u00fczenlemi\u015f, \u0130ber yar\u0131madas\u0131n\u0131n kuzeyinde H\u0131ristiyan krallarla ve Akdeniz\u2019i kontrol alt\u0131na almaya \u00e7al\u0131\u015fan Fat\u0131milerle ayn\u0131 anda \u00e7at\u0131\u015fm\u0131\u015ft\u0131r. Onun devrinde kurulan Med\u00eenet\u00fczzehr\u00e2 \u015fehrindeki saray, End\u00fcl\u00fcs k\u00fclt\u00fcr\u00fcn\u00fcn mihenk ta\u015flar\u0131ndan ve an\u0131tsal yap\u0131lar\u0131ndan biridir. H\u00fck\u00fcmranl\u0131\u011f\u0131 s\u0131ras\u0131nda III. Abdurrahman End\u00fcl\u00fcs\u2019\u00fcn tamam\u0131n\u0131 kontrol alt\u0131na alm\u0131\u015f, Kurtuba\u2019y\u0131 \u00e7a\u011f\u0131n\u0131n en b\u00fcy\u00fck \u015fehirleriyle rekabet edecek hale getirmi\u015ftir. \u0130spanya Ulusal Ara\u015ft\u0131rma Konseyinin Ortado\u011fu \u00c7al\u0131\u015fmalar\u0131nda k\u0131demli ara\u015ft\u0131rmac\u0131s\u0131 Maribel Fierro\u2019nun titizlikle kaleme ald\u0131\u011f\u0131 ve \u0130ngilizcede III. Abdurrahman hakk\u0131nda yaz\u0131lm\u0131\u015f ilk biyografi kitab\u0131 olan bu eser, T\u00fcrk okuru i\u00e7in de son derece bilgilendirici bir \u00e7al\u0131\u015fma. III. Abdurrahman: \u0130lk Kurtuba Halifesi, Bat\u0131 \u0130slam tarihinin bu d\u00f6nemine giri\u015f yapmak isteyen okurlar i\u00e7in \u00f6nemli bir eser&#8230; <\/p>\n","protected":false},"excerpt":{"rendered":"<p>III. Abdurrahman (891-961), en me\u015fhur End\u00fcl\u00fcs Emevi h\u00fck\u00fcmdarlar\u0131ndand\u0131r. Bu \u015f\u00f6hretin sebeplerinden biri de End\u00fcl\u00fcs\u2019te \u201chalife\u201d unvan\u0131n\u0131 kullanan ilk h\u00fck\u00fcmdar olmas\u0131d\u0131r. Abbasi ve Fat\u0131mi halifelerinden sonra, bu<span class=\"excerpt-hellip\"> [\u2026]<\/span><\/p>\n","protected":false},"featured_media":0,"template":"","meta":{"_monsterinsights_skip_tracking":false,"_monsterinsights_sitenote_active":false,"_monsterinsights_sitenote_note":"","_monsterinsights_sitenote_category":0},"product_brand":[],"product_cat":[18094,12718,12719],"product_tag":[],"class_list":{"0":"post-728908","1":"product","2":"type-product","3":"status-publish","5":"product_cat-biyografi-otobiyografi-islam","6":"product_cat-din","7":"product_cat-islam","8":"pa_cilt-ciltsiz","9":"pa_tur-kitap","10":"pa_yayinevi-vakifbank-kultur-yayinlari","11":"pa_yazar-maribel-fierro","13":"first","14":"instock","15":"sale","16":"shipping-taxable","17":"purchasable","18":"product-type-simple"},"_links":{"self":[{"href":"https:\/\/roveyayinevi.com.tr\/index.php\/wp-json\/wp\/v2\/product\/728908","targetHints":{"allow":["GET"]}}],"collection":[{"href":"https:\/\/roveyayinevi.com.tr\/index.php\/wp-json\/wp\/v2\/product"}],"about":[{"href":"https:\/\/roveyayinevi.com.tr\/index.php\/wp-json\/wp\/v2\/types\/product"}],"wp:attachment":[{"href":"https:\/\/roveyayinevi.com.tr\/index.php\/wp-json\/wp\/v2\/media?parent=728908"}],"wp:term":[{"taxonomy":"product_brand","embeddable":true,"href":"https:\/\/roveyayinevi.com.tr\/index.php\/wp-json\/wp\/v2\/product_brand?post=728908"},{"taxonomy":"product_cat","embeddable":true,"href":"https:\/\/roveyayinevi.com.tr\/index.php\/wp-json\/wp\/v2\/product_cat?post=728908"},{"taxonomy":"product_tag","embeddable":true,"href":"https:\/\/roveyayinevi.com.tr\/index.php\/wp-json\/wp\/v2\/product_tag?post=728908"}],"curies":[{"name":"wp","href":"https:\/\/api.w.org\/{rel}","templated":true}]}}