{"id":728907,"date":"2025-08-27T20:47:01","date_gmt":"2025-08-27T17:47:01","guid":{"rendered":"https:\/\/roveyayinevi.com.tr\/index.php\/urun\/nazionizm\/"},"modified":"2026-04-16T02:36:41","modified_gmt":"2026-04-15T23:36:41","slug":"nazionizm","status":"publish","type":"product","link":"https:\/\/roveyayinevi.com.tr\/index.php\/urun\/nazionizm\/","title":{"rendered":"Nazionizm"},"content":{"rendered":"<p>S\u0131n\u0131fl\u0131 toplumlar\u0131n insan(lar)\u0131 kendine yabanc\u0131la\u015ft\u0131rmas\u0131 feti\u015fist ideolojisi nin d\u0131\u015fa vurumu olarak ortaya \u00e7\u0131kan ve tarihler boyu s\u00fcrm\u00fc\u015f ve s\u00fcrmekte olan insanl\u0131k d\u00fc\u015fman\u0131 &#8220;Holocaust&#8221;lar\u0131n b\u00fct\u00fcn masum kur banlar\u0131n\u0131n an\u0131lar\u0131na yaz\u0131lm\u0131\u015f olan bu \u00e7al\u0131\u015fma; sosyolojik vurgusu ile tarihsel polyalektik (\u00e7ok ge\u00e7i\u015fli) materyalist bilin\u00e7li eylem uygulamas\u0131 \u00fcr\u00fcn\u00fcd\u00fcr. 35 y\u0131ll\u0131k bir bilimsel bilgi biriktirme sonucu b\u00fct\u00fcn &#8220;resmi tarih&#8221; yalanlar\u0131 ve bunlar\u0131 besleyen milliyet\u00e7i ideolojilerin idealist meta fizik olarak su\u00e7 ortakl\u0131klar\u0131n\u0131n \u00f6rnekler vererek kan\u0131tlanmas\u0131 sava\u015f\u0131m\u0131 duru\u015fudur. Kapitalizmin rekonstr\u00fcksiyonu olan b\u00fct\u00fcn milliyet\u00e7i ideoloji s\u00f6ylemlerinin i\u00e7lerinin bo\u015flu\u011fu Neden? Ni\u00e7in? Nas\u0131l? Sorular\u0131n\u0131n do\u011fru sorulmas\u0131na verilen cevaplarn i\u00e7inde yatmaktad\u0131r. Bunun i\u00e7in bir dinsel antik cemaat gelene\u011fi olan Yahudili\u011fin temelinden ba\u015flayarak ondan beslenen b\u00fct\u00fcn asalak siyasal kars\u0131tlar\u0131n\u0131n bir arada g\u00f6r\u00fcnmesi \u015fa\u015f\u0131rt\u0131c\u0131 de\u011fildir. Bu olgu i\u00e7inde Nazionizm T\u00fcrkiye i\u00e7in gerek tarihsel gerekse co\u011frafi-politik etnolojisi i\u00e7inde Yak\u0131n-Do\u011fu ve T\u00fcrkik hin- terland baz\u0131nda incelenmek zorundad\u0131r. Okuyaca\u011f\u0131n\u0131z bu kitap d\u00fcnyada bu b\u00fct\u00fcnl\u00fck i\u00e7inde sorgulama cesaretini g\u00f6stermi\u015f ilk \u00e7al\u0131\u015fmad\u0131r&#8230; <\/p>\n","protected":false},"excerpt":{"rendered":"<p>S\u0131n\u0131fl\u0131 toplumlar\u0131n insan(lar)\u0131 kendine yabanc\u0131la\u015ft\u0131rmas\u0131 feti\u015fist ideolojisi nin d\u0131\u015fa vurumu olarak ortaya \u00e7\u0131kan ve tarihler boyu s\u00fcrm\u00fc\u015f ve s\u00fcrmekte olan insanl\u0131k d\u00fc\u015fman\u0131 &#8220;Holocaust&#8221;lar\u0131n b\u00fct\u00fcn masum kur<span class=\"excerpt-hellip\"> [\u2026]<\/span><\/p>\n","protected":false},"featured_media":0,"template":"","meta":{"_monsterinsights_skip_tracking":false,"_monsterinsights_sitenote_active":false,"_monsterinsights_sitenote_note":"","_monsterinsights_sitenote_category":0},"product_brand":[],"product_cat":[16038,12388],"product_tag":[],"class_list":{"0":"post-728907","1":"product","2":"type-product","3":"status-publish","5":"product_cat-arastirma-inceleme-referans-felsefe","6":"product_cat-felsefe","7":"pa_cilt-ciltsiz","8":"pa_tur-kitap","9":"pa_yayinevi-nergiz-yayinlari","10":"pa_yazar-halid-ozkul","12":"first","13":"instock","14":"sale","15":"shipping-taxable","16":"purchasable","17":"product-type-simple"},"_links":{"self":[{"href":"https:\/\/roveyayinevi.com.tr\/index.php\/wp-json\/wp\/v2\/product\/728907","targetHints":{"allow":["GET"]}}],"collection":[{"href":"https:\/\/roveyayinevi.com.tr\/index.php\/wp-json\/wp\/v2\/product"}],"about":[{"href":"https:\/\/roveyayinevi.com.tr\/index.php\/wp-json\/wp\/v2\/types\/product"}],"wp:attachment":[{"href":"https:\/\/roveyayinevi.com.tr\/index.php\/wp-json\/wp\/v2\/media?parent=728907"}],"wp:term":[{"taxonomy":"product_brand","embeddable":true,"href":"https:\/\/roveyayinevi.com.tr\/index.php\/wp-json\/wp\/v2\/product_brand?post=728907"},{"taxonomy":"product_cat","embeddable":true,"href":"https:\/\/roveyayinevi.com.tr\/index.php\/wp-json\/wp\/v2\/product_cat?post=728907"},{"taxonomy":"product_tag","embeddable":true,"href":"https:\/\/roveyayinevi.com.tr\/index.php\/wp-json\/wp\/v2\/product_tag?post=728907"}],"curies":[{"name":"wp","href":"https:\/\/api.w.org\/{rel}","templated":true}]}}