{"id":728905,"date":"2025-08-27T20:46:59","date_gmt":"2025-08-27T17:46:59","guid":{"rendered":"https:\/\/roveyayinevi.com.tr\/index.php\/urun\/krallarin-yolu-firtinaisigi-arsivi-birinci-roman-1-cilt\/"},"modified":"2026-04-16T02:36:40","modified_gmt":"2026-04-15T23:36:40","slug":"krallarin-yolu-firtinaisigi-arsivi-birinci-roman-1-cilt","status":"publish","type":"product","link":"https:\/\/roveyayinevi.com.tr\/index.php\/urun\/krallarin-yolu-firtinaisigi-arsivi-birinci-roman-1-cilt\/","title":{"rendered":"Krallar\u0131n Yolu &#8211; F\u0131rt\u0131na\u0131\u015f\u0131\u011f\u0131 Ar\u015fivi Birinci Roman &#8211; 1. Cilt"},"content":{"rendered":"<p>Kadim yeminler yeniden dillendirilsin: \u00d6l\u00fcmden \u00f6nce ya\u015fam. Zay\u0131fl\u0131ktan \u00f6nce g\u00fc\u00e7. Hedeften \u00f6nce yolculuk. Ve pareleri yeniden sahiplerine verin. Parlayan \u015e\u00f6valyeler tekrar aya\u011fa kalkmal\u0131.   F\u0131rt\u0131nalar\u0131n h\u00fckm\u00fc alt\u0131nda bir d\u00fcnya Roshar. D\u00f6rt yana deh\u015fet salan ve s\u0131k s\u0131k ortaya \u00e7\u0131kan f\u0131rt\u0131nalar hem ekolojiyi hem de uygarl\u0131\u011f\u0131 etkilemi\u015f durumda. Hayvanlar kabuklar\u0131n\u0131n alt\u0131nda ya\u015fama tutunmaya \u00e7abal\u0131yor, \u015fehirler ise sadece bu zorlu co\u011frafyan\u0131n koruma sa\u011flad\u0131\u011f\u0131 yerlere kurulmu\u015f.   Parlayan \u015e\u00f6valyelerin d\u00fc\u015f\u00fc\u015f\u00fcnden bu yana y\u00fczy\u0131llar ge\u00e7mi\u015f olsa da, \u015f\u00f6valyelerin s\u0131radan askerleri neredeyse yenilmez sava\u015f\u00e7\u0131lara d\u00f6n\u00fc\u015ft\u00fcren mistik k\u0131l\u0131\u00e7 ve z\u0131rhlar\u0131 olan Parek\u0131l\u0131\u00e7lar ve Parez\u0131rhlar h\u00e2l\u00e2 bu topraklarda.   Onlar i\u00e7in sava\u015flar veriliyor ve onlarla kazan\u0131l\u0131yor sava\u015flar.   Ve bir asker, bir berrakbey ve gen\u00e7 bir kad\u0131n \u00e2lim, bu sava\u015flardan biriyle y\u00fczle\u015fmek \u00fczere. <\/p>\n","protected":false},"excerpt":{"rendered":"<p>Kadim yeminler yeniden dillendirilsin: \u00d6l\u00fcmden \u00f6nce ya\u015fam. Zay\u0131fl\u0131ktan \u00f6nce g\u00fc\u00e7. Hedeften \u00f6nce yolculuk. Ve pareleri yeniden sahiplerine verin. Parlayan \u015e\u00f6valyeler tekrar aya\u011fa kalkmal\u0131. F\u0131rt\u0131nalar\u0131n h\u00fckm\u00fc alt\u0131nda<span class=\"excerpt-hellip\"> [\u2026]<\/span><\/p>\n","protected":false},"featured_media":0,"template":"","meta":{"_monsterinsights_skip_tracking":false,"_monsterinsights_sitenote_active":false,"_monsterinsights_sitenote_note":"","_monsterinsights_sitenote_category":0},"product_brand":[],"product_cat":[12291,12711],"product_tag":[],"class_list":{"0":"post-728905","1":"product","2":"type-product","3":"status-publish","5":"product_cat-edebiyat","6":"product_cat-roman-oyku","7":"pa_cilt-ciltsiz","8":"pa_tur-kitap","9":"pa_yayinevi-akil-celen-kitaplar","10":"pa_yazar-brandon-sanderson","12":"first","13":"instock","14":"sale","15":"shipping-taxable","16":"purchasable","17":"product-type-simple"},"_links":{"self":[{"href":"https:\/\/roveyayinevi.com.tr\/index.php\/wp-json\/wp\/v2\/product\/728905","targetHints":{"allow":["GET"]}}],"collection":[{"href":"https:\/\/roveyayinevi.com.tr\/index.php\/wp-json\/wp\/v2\/product"}],"about":[{"href":"https:\/\/roveyayinevi.com.tr\/index.php\/wp-json\/wp\/v2\/types\/product"}],"wp:attachment":[{"href":"https:\/\/roveyayinevi.com.tr\/index.php\/wp-json\/wp\/v2\/media?parent=728905"}],"wp:term":[{"taxonomy":"product_brand","embeddable":true,"href":"https:\/\/roveyayinevi.com.tr\/index.php\/wp-json\/wp\/v2\/product_brand?post=728905"},{"taxonomy":"product_cat","embeddable":true,"href":"https:\/\/roveyayinevi.com.tr\/index.php\/wp-json\/wp\/v2\/product_cat?post=728905"},{"taxonomy":"product_tag","embeddable":true,"href":"https:\/\/roveyayinevi.com.tr\/index.php\/wp-json\/wp\/v2\/product_tag?post=728905"}],"curies":[{"name":"wp","href":"https:\/\/api.w.org\/{rel}","templated":true}]}}