{"id":728904,"date":"2025-08-27T20:46:58","date_gmt":"2025-08-27T17:46:58","guid":{"rendered":"https:\/\/roveyayinevi.com.tr\/index.php\/urun\/egiten-ukulele-metodu\/"},"modified":"2026-04-16T02:36:40","modified_gmt":"2026-04-15T23:36:40","slug":"egiten-ukulele-metodu","status":"publish","type":"product","link":"https:\/\/roveyayinevi.com.tr\/index.php\/urun\/egiten-ukulele-metodu\/","title":{"rendered":"E\u011fiten Ukulele Metodu"},"content":{"rendered":"<p>T\u00fcrkiye\u2019de m\u00fczik e\u011fitimi denilince ilk akla gelen enstr\u00fcman blok fl\u00fct olmu\u015ftur. Ancak sadece bir bu\u00e7uk oktav olan ve tek sesli m\u00fczik yap\u0131labilen blok fl\u00fct ile yeti\u015fen nesiller \u00e7ok sesli m\u00fczik konusunda bilgi sahibi olamam\u0131\u015flard\u0131r. Ucuz ve kolay ula\u015f\u0131labilir bir enstr\u00fcman olmas\u0131 bu tercihin en \u00f6nemli sebebiydi.Ancak g\u00fcn\u00fcm\u00fczde okullarda hem tek sesli hem \u00e7ok sesli m\u00fczi\u011fin harmanlanabildi\u011fi ve armonik yap\u0131lar\u0131 da \u00f6\u011frenmeye olanak tan\u0131yan enstr\u00fcman \u00e7al\u0131mlar\u0131 daha pop\u00fcler olmu\u015ftur. Gitar, piyano, keman gibi enstr\u00fcman dersleri pek \u00e7ok okulda verilmektedir. Ukulele \u00e7alg\u0131s\u0131n\u0131n ad\u0131n\u0131 Hawaii dilinden ald\u0131\u011f\u0131 ve \u201cz\u0131playan pire\u201d anlam\u0131na geldi\u011fi baz\u0131 kaynaklarda belirtilmektedir.Ge\u00e7mi\u015fi ise 18. Y\u00fczy\u0131la kadar dayanmaktad\u0131r. A\u011fa\u00e7tan yap\u0131lan bu enstr\u00fcman g\u00f6r\u00fcn\u00fcm olarak gitar\u0131n 4 telli ve k\u00fc\u00e7\u00fck olan\u0131 \u015feklinde \u00f6zetlenebilir. Biz ukulele ile tan\u0131\u015ft\u0131\u011f\u0131m\u0131zda hem tek sesli hem \u00e7ok sesli \u00e7al\u0131ma uygun, ekonomik olan ve ayn\u0131 zamanda k\u00fc\u00e7\u00fck \u00e7ocuklar\u0131n bile hem sa\u011f el hem sol el ergonomisini kolayca sa\u011flayan, kolay ta\u015f\u0131nabilir bu enstr\u00fcman\u0131 \u00e7ocuklar \u00fczerinde denemeye karar verdik. E\u011fitim-\u00f6\u011fretim y\u0131l\u0131m\u0131z\u0131n sonunda ise okul \u00f6ncesi ve ilkokul seviyesinde \u00e7ocuklarda ezgi \u00e7al\u0131m\u0131, akorlar ile armonik yap\u0131 ve ritm duygular\u0131n\u0131 kolayca ayn\u0131 zamanda \u00f6\u011frencileri zorlamadan e\u011flendirerek geli\u015ftirdi\u011fimizi g\u00f6rd\u00fck.Deneyimlerimizi daha geni\u015f kitlelere ula\u015ft\u0131rmak amac\u0131yla da bu metodu haz\u0131rlamaya karar verdik. Bu metodu izleyerek \u00e7ocuklara ad\u0131m ad\u0131m ukulele \u00f6\u011fretece\u011fiz.<\/p>\n","protected":false},"excerpt":{"rendered":"<p>T\u00fcrkiye\u2019de m\u00fczik e\u011fitimi denilince ilk akla gelen enstr\u00fcman blok fl\u00fct olmu\u015ftur. Ancak sadece bir bu\u00e7uk oktav olan ve tek sesli m\u00fczik yap\u0131labilen blok fl\u00fct ile yeti\u015fen<span class=\"excerpt-hellip\"> [\u2026]<\/span><\/p>\n","protected":false},"featured_media":0,"template":"","meta":{"_monsterinsights_skip_tracking":false,"_monsterinsights_sitenote_active":false,"_monsterinsights_sitenote_note":"","_monsterinsights_sitenote_category":0},"product_brand":[],"product_cat":[14556,20810],"product_tag":[],"class_list":{"0":"post-728904","1":"product","2":"type-product","3":"status-publish","5":"product_cat-muzik","6":"product_cat-ogrenim-kitaplari","7":"pa_cilt-ciltsiz","8":"pa_tur-kitap","9":"pa_yayinevi-egiten-kitap","10":"pa_yazar-barbaros-kocanali-tuba-palanci","12":"first","13":"instock","14":"sale","15":"shipping-taxable","16":"purchasable","17":"product-type-simple"},"_links":{"self":[{"href":"https:\/\/roveyayinevi.com.tr\/index.php\/wp-json\/wp\/v2\/product\/728904","targetHints":{"allow":["GET"]}}],"collection":[{"href":"https:\/\/roveyayinevi.com.tr\/index.php\/wp-json\/wp\/v2\/product"}],"about":[{"href":"https:\/\/roveyayinevi.com.tr\/index.php\/wp-json\/wp\/v2\/types\/product"}],"wp:attachment":[{"href":"https:\/\/roveyayinevi.com.tr\/index.php\/wp-json\/wp\/v2\/media?parent=728904"}],"wp:term":[{"taxonomy":"product_brand","embeddable":true,"href":"https:\/\/roveyayinevi.com.tr\/index.php\/wp-json\/wp\/v2\/product_brand?post=728904"},{"taxonomy":"product_cat","embeddable":true,"href":"https:\/\/roveyayinevi.com.tr\/index.php\/wp-json\/wp\/v2\/product_cat?post=728904"},{"taxonomy":"product_tag","embeddable":true,"href":"https:\/\/roveyayinevi.com.tr\/index.php\/wp-json\/wp\/v2\/product_tag?post=728904"}],"curies":[{"name":"wp","href":"https:\/\/api.w.org\/{rel}","templated":true}]}}