{"id":728903,"date":"2025-08-27T20:46:57","date_gmt":"2025-08-27T17:46:57","guid":{"rendered":"https:\/\/roveyayinevi.com.tr\/index.php\/urun\/yasam-kaynagi-su-eglenceli-bilim-1\/"},"modified":"2026-04-16T02:36:40","modified_gmt":"2026-04-15T23:36:40","slug":"yasam-kaynagi-su-eglenceli-bilim-1","status":"publish","type":"product","link":"https:\/\/roveyayinevi.com.tr\/index.php\/urun\/yasam-kaynagi-su-eglenceli-bilim-1\/","title":{"rendered":"Ya\u015fam Kayna\u011f\u0131 Su &#8211; E\u011flenceli Bilim 1"},"content":{"rendered":"<p>Merhaba gen\u00e7ler; Ben Gogul Amca\u2019n\u0131z! \u00c7evremdekiler bana her \u015feyi bilen manas\u0131na gelen \u201cGogul Amca\u201d diye seslendiklerinden beri bu ismi kullan\u0131yorum. Eh, ho\u015fuma da gitmiyor de\u011fil. Bu kitapta \u201cYery\u00fcz\u00fcn\u00fc \u00e7ok dola\u015ft\u0131m, g\u00f6rmedi\u011fim yer kalmad\u0131. Biraz da su alt\u0131n\u0131 ara\u015ft\u0131rsam fena olmayacak.\u201d diyerek suyun alt\u0131n\u0131 \u00fcst\u00fcne getirdim. &#8211; Denize att\u0131\u011f\u0131m\u0131z metal paralar batarken, yine metalden yap\u0131lm\u0131\u015f tonlarca a\u011f\u0131rl\u0131ktaki gemiler nas\u0131l batmaz ve okyanuslarda k\u0131talar aras\u0131 yolculuk yapabilirler? &#8211; Sudaki mucizeler nelerdir? &#8211; U\u00e7suz bucaks\u0131z maviliklerin derinliklerindeki su alt\u0131 canl\u0131lar\u0131 nas\u0131l ya\u015far? &#8211; Kar, kendisi so\u011fuk oldu\u011fu h\u00e2lde nas\u0131l oluyor da bitkileri ve topra\u011f\u0131 s\u0131cak tutabiliyor? Suyla ilgili bu ve bunun gibi bir\u00e7ok soru ve cevaplar kitab\u0131n i\u00e7inde sizleri bekliyor. Ya\u015fam kayna\u011f\u0131m\u0131z olan suya dair ilgin\u00e7 bilgileri \u00f6\u011frendik\u00e7e \u00e7ok \u015fa\u015f\u0131racaks\u0131n\u0131z. E hadi o zaman, hepinizi bekliyorum.<\/p>\n","protected":false},"excerpt":{"rendered":"<p>Merhaba gen\u00e7ler; Ben Gogul Amca\u2019n\u0131z! \u00c7evremdekiler bana her \u015feyi bilen manas\u0131na gelen \u201cGogul Amca\u201d diye seslendiklerinden beri bu ismi kullan\u0131yorum. Eh, ho\u015fuma da gitmiyor de\u011fil. Bu<span class=\"excerpt-hellip\"> [\u2026]<\/span><\/p>\n","protected":false},"featured_media":0,"template":"","meta":{"_monsterinsights_skip_tracking":false,"_monsterinsights_sitenote_active":false,"_monsterinsights_sitenote_note":"","_monsterinsights_sitenote_category":0},"product_brand":[],"product_cat":[13829,12274],"product_tag":[],"class_list":{"0":"post-728903","1":"product","2":"type-product","3":"status-publish","5":"product_cat-bilimsel-kitaplar","6":"product_cat-cocuk-ve-genclik-kitaplari","7":"pa_cilt-ciltsiz","8":"pa_tur-kitap","9":"pa_yayinevi-genc-hayat","10":"pa_yazar-huseyin-toy","12":"first","13":"instock","14":"sale","15":"shipping-taxable","16":"purchasable","17":"product-type-simple"},"_links":{"self":[{"href":"https:\/\/roveyayinevi.com.tr\/index.php\/wp-json\/wp\/v2\/product\/728903","targetHints":{"allow":["GET"]}}],"collection":[{"href":"https:\/\/roveyayinevi.com.tr\/index.php\/wp-json\/wp\/v2\/product"}],"about":[{"href":"https:\/\/roveyayinevi.com.tr\/index.php\/wp-json\/wp\/v2\/types\/product"}],"wp:attachment":[{"href":"https:\/\/roveyayinevi.com.tr\/index.php\/wp-json\/wp\/v2\/media?parent=728903"}],"wp:term":[{"taxonomy":"product_brand","embeddable":true,"href":"https:\/\/roveyayinevi.com.tr\/index.php\/wp-json\/wp\/v2\/product_brand?post=728903"},{"taxonomy":"product_cat","embeddable":true,"href":"https:\/\/roveyayinevi.com.tr\/index.php\/wp-json\/wp\/v2\/product_cat?post=728903"},{"taxonomy":"product_tag","embeddable":true,"href":"https:\/\/roveyayinevi.com.tr\/index.php\/wp-json\/wp\/v2\/product_tag?post=728903"}],"curies":[{"name":"wp","href":"https:\/\/api.w.org\/{rel}","templated":true}]}}