{"id":728902,"date":"2025-08-27T20:46:56","date_gmt":"2025-08-27T17:46:56","guid":{"rendered":"https:\/\/roveyayinevi.com.tr\/index.php\/urun\/mucizevi-ortu-toprak-eglenceli-bilim-2\/"},"modified":"2026-04-16T02:36:40","modified_gmt":"2026-04-15T23:36:40","slug":"mucizevi-ortu-toprak-eglenceli-bilim-2","status":"publish","type":"product","link":"https:\/\/roveyayinevi.com.tr\/index.php\/urun\/mucizevi-ortu-toprak-eglenceli-bilim-2\/","title":{"rendered":"Mucizevi \u00d6rt\u00fc Toprak &#8211;  E\u011flenceli Bilim 2"},"content":{"rendered":"<p>Merhaba kitapsever dostlar\u0131m, yine ben geldim, Gogul Amca\u2019n\u0131z! E\u011flenceli Bilim serimizin bu kitab\u0131nda \u00f6zverili ve \u00e7ok\u00e7a c\u00f6mert olan mucize \u00f6rt\u00fc toprakla ilgili e\u011flenceli ve acayip bilgilerle kar\u015f\u0131n\u0131zday\u0131m. &#8211; D\u00fcnyan\u0131n en y\u00fcksek tepesine \u00e7\u0131kan bendeniz, kaybolmadan d\u00f6nebilecek miydim? &#8211; Uyuyor numaras\u0131 yapan yanarda\u011flar ger\u00e7ekten uyuyor mu, yoksa uyanaca\u011f\u0131 g\u00fcn i\u00e7in pusuya m\u0131 yat\u0131yor? &#8211; Depremde be\u015fik gibi sallanan binalara s\u0131\u011f\u0131nan \u00e7ekik g\u00f6zl\u00fc Japonlar\u0131n s\u0131rr\u0131 ne? &#8211; Peri Bacalar\u0131\u2019ndaki perilere neler oldu? &#8211; Sokatra Adas\u0131\u2019ndaki Ejderha Kan\u0131 A\u011fa\u00e7lar\u0131\u2019n\u0131n gizemi \u00e7\u00f6z\u00fclecek mi? Hepsi ve daha fazlas\u0131n\u0131 sizler i\u00e7in Gogul Amca\u2019n\u0131z ara\u015ft\u0131r\u0131p, bizzat yerinde inceleyerek kaleme ald\u0131. Ba\u015ftan sona bilgi ve e\u011flence dolu bu yolculu\u011fa haz\u0131rsan\u0131z hepinizi bekliyorum.<\/p>\n","protected":false},"excerpt":{"rendered":"<p>Merhaba kitapsever dostlar\u0131m, yine ben geldim, Gogul Amca\u2019n\u0131z! E\u011flenceli Bilim serimizin bu kitab\u0131nda \u00f6zverili ve \u00e7ok\u00e7a c\u00f6mert olan mucize \u00f6rt\u00fc toprakla ilgili e\u011flenceli ve acayip bilgilerle<span class=\"excerpt-hellip\"> [\u2026]<\/span><\/p>\n","protected":false},"featured_media":0,"template":"","meta":{"_monsterinsights_skip_tracking":false,"_monsterinsights_sitenote_active":false,"_monsterinsights_sitenote_note":"","_monsterinsights_sitenote_category":0},"product_brand":[],"product_cat":[13829,12274],"product_tag":[],"class_list":{"0":"post-728902","1":"product","2":"type-product","3":"status-publish","5":"product_cat-bilimsel-kitaplar","6":"product_cat-cocuk-ve-genclik-kitaplari","7":"pa_cilt-ciltsiz","8":"pa_tur-kitap","9":"pa_yayinevi-genc-hayat","10":"pa_yazar-huseyin-toy","12":"first","13":"instock","14":"sale","15":"shipping-taxable","16":"purchasable","17":"product-type-simple"},"_links":{"self":[{"href":"https:\/\/roveyayinevi.com.tr\/index.php\/wp-json\/wp\/v2\/product\/728902","targetHints":{"allow":["GET"]}}],"collection":[{"href":"https:\/\/roveyayinevi.com.tr\/index.php\/wp-json\/wp\/v2\/product"}],"about":[{"href":"https:\/\/roveyayinevi.com.tr\/index.php\/wp-json\/wp\/v2\/types\/product"}],"wp:attachment":[{"href":"https:\/\/roveyayinevi.com.tr\/index.php\/wp-json\/wp\/v2\/media?parent=728902"}],"wp:term":[{"taxonomy":"product_brand","embeddable":true,"href":"https:\/\/roveyayinevi.com.tr\/index.php\/wp-json\/wp\/v2\/product_brand?post=728902"},{"taxonomy":"product_cat","embeddable":true,"href":"https:\/\/roveyayinevi.com.tr\/index.php\/wp-json\/wp\/v2\/product_cat?post=728902"},{"taxonomy":"product_tag","embeddable":true,"href":"https:\/\/roveyayinevi.com.tr\/index.php\/wp-json\/wp\/v2\/product_tag?post=728902"}],"curies":[{"name":"wp","href":"https:\/\/api.w.org\/{rel}","templated":true}]}}